{"id":70041,"date":"2024-10-16T09:57:27","date_gmt":"2024-10-16T07:57:27","guid":{"rendered":"https:\/\/www.raschvin.com\/produkt\/thornaes-sofia-lightly-peated-the-uncharted-series-dk-eco-50cl-494\/"},"modified":"2024-10-16T09:57:27","modified_gmt":"2024-10-16T07:57:27","slug":"thornaes-sofia-lightly-peated-the-uncharted-series-dk-eco-50cl-494","status":"publish","type":"product","link":"https:\/\/www.raschvin.com\/sv\/produkt\/thornaes-sofia-lightly-peated-the-uncharted-series-dk-eco-50cl-494\/","title":{"rendered":"Thorn\u00e6s &#8211; Sofia Lightly Peated &#8211; The Uncharted Series (DK) (ECO) 50cl. 49,4%"},"content":{"rendered":"<p>Med Sofia l\u00e5ter vi whisky fr\u00e5n v\u00e5ra nya bulgariska ekfat m\u00f6ta en fullmogen version fr\u00e5n Sherry Oloroso-fat.<\/p>\n<p>Medan den sherrylagrade delen \u00e4r utan r\u00f6k, kommer den europeiska eken med en mildt torvr\u00f6kt whisky som sm\u00e4lter om\u00e4rkligt samman med motpartens m\u00f6rka toner av choklad och russin.<\/p>\n<p>Resultatet \u00e4r en intressant dans mellan det s\u00f6ta, det blommiga, det igenk\u00e4nnbart kryddiga och milt r\u00f6kiga. Vi har valt att kalla utg\u00e5van f\u00f6r Sofia &#8211; med en v\u00e4nlig nick till den bulgariska metropolen n\u00e4ra Balkans hj\u00e4rta. Malt: Dansk och belgisk ekologisk kornmalt Alk.\/vol.: 49,4 % Antal: 302 st. Vol.: 50 cl. Doft och smak Klassisk doft av karamell, honung, s\u00f6ta kryddor och f\u00e4rsk ek Toffee fudge med tydliga toner av honung, russin, ek och gl\u00f6dande r\u00f6k Fin, l\u00e5ng och l\u00e4tt kr\u00e4mig eftersmak med gradvis m\u00f6rkare och vin\u00f6sa element blandade med mer r\u00f6k<\/p>\n<p>Sofia \u00e4r en del av The Uncharted Series 3rd Release \u00e4r en del av v\u00e5r Uncharted Series, som markerar v\u00e5ra allra f\u00f6rsta \u00f6verv\u00e4ganden kring val av tr\u00e4fat och destilleringsteknik. Varje utg\u00e5va f\u00f6ljer i sp\u00e5ren av dessa val och avsl\u00f6jar hur id\u00e9er formas och blir till konkreta produkter med sin helt egna s\u00e4rpr\u00e4gel.<\/p>\n","protected":false},"excerpt":{"rendered":"<p>Danish Single Malt Whisky<\/p>\n","protected":false},"featured_media":70147,"template":"","meta":{"_acf_changed":false,"rs_blank_template":"","rs_page_bg_color":"","slide_template_v7":""},"product_brand":[],"product_cat":[2387,4651,2392],"product_tag":[],"class_list":{"0":"post-70041","1":"product","2":"type-product","3":"status-publish","4":"has-post-thumbnail","6":"product_cat-avec-sv","7":"product_cat-single-malt-sv","8":"product_cat-whisky-sv","9":"pa_champagne-type-single-cask-sv","10":"pa_land-danmark-sv","11":"pa_oekologisk-yes-sv","12":"pa_procent-49-4-sv","13":"pa_producent-thornaes-destilleri-sv","14":"pa_region-nordsjaelland-sv","15":"pa_volume-50-sv","17":"first","18":"instock","19":"taxable","20":"shipping-taxable","21":"purchasable","22":"product-type-simple"},"bundled_by":[],"bundle_stock_status":"instock","bundle_stock_quantity":null,"bundle_virtual":false,"bundle_layout":"","bundle_add_to_cart_form_location":"","bundle_editable_in_cart":false,"bundle_sold_individually_context":"","bundle_item_grouping":"","bundle_min_size":"","bundle_max_size":"","bundle_price":[],"bundled_items":[],"bundle_sell_ids":[],"acf":[],"_links":{"self":[{"href":"https:\/\/www.raschvin.com\/sv\/wp-json\/wp\/v2\/product\/70041","targetHints":{"allow":["GET"]}}],"collection":[{"href":"https:\/\/www.raschvin.com\/sv\/wp-json\/wp\/v2\/product"}],"about":[{"href":"https:\/\/www.raschvin.com\/sv\/wp-json\/wp\/v2\/types\/product"}],"wp:featuredmedia":[{"embeddable":true,"href":"https:\/\/www.raschvin.com\/sv\/wp-json\/wp\/v2\/media\/70147"}],"wp:attachment":[{"href":"https:\/\/www.raschvin.com\/sv\/wp-json\/wp\/v2\/media?parent=70041"}],"wp:term":[{"taxonomy":"product_brand","embeddable":true,"href":"https:\/\/www.raschvin.com\/sv\/wp-json\/wp\/v2\/product_brand?post=70041"},{"taxonomy":"product_cat","embeddable":true,"href":"https:\/\/www.raschvin.com\/sv\/wp-json\/wp\/v2\/product_cat?post=70041"},{"taxonomy":"product_tag","embeddable":true,"href":"https:\/\/www.raschvin.com\/sv\/wp-json\/wp\/v2\/product_tag?post=70041"}],"curies":[{"name":"wp","href":"https:\/\/api.w.org\/{rel}","templated":true}]}}