{"id":70035,"date":"2024-10-16T09:22:25","date_gmt":"2024-10-16T07:22:25","guid":{"rendered":"https:\/\/www.raschvin.com\/produkt\/choya-umeshu-kokuto-70-cl-155\/"},"modified":"2024-10-16T09:22:25","modified_gmt":"2024-10-16T07:22:25","slug":"choya-umeshu-kokuto-70-cl-155","status":"publish","type":"product","link":"https:\/\/www.raschvin.com\/sv\/produkt\/choya-umeshu-kokuto-70-cl-155\/","title":{"rendered":"Choya Umeshu Kokuto 70 cl. 15,5%"},"content":{"rendered":"<p>Innovation i CHOYA-produktionen. Otrolig komplexitet i smak och doft, med subtila r\u00f6kiga toner. Balanserad s\u00f6tma och mycket rik. Alkoholhalt 15 vol%.<\/p>\n<p>Skapad speciellt f\u00f6r \u00e4lskare av m\u00f6rk rom som vill njuta av b\u00e5de den kryddiga smaken av m\u00f6rk rom och allt det b\u00e4sta fr\u00e5n traditionell japansk Umeshu, en lik\u00f6r gjord p\u00e5 ume-frukt.<\/p>\n<p>Ingredienser: m\u00f6rk rom, ume-frukt, svart socker, sockerr\u00f6rsdestillat.<\/p>\n<p>Rik och mjuk smak av m\u00f6rk rom med toner av mineraler och ume-frukt. Njut av den unika aromen och djupa smaken efter middagen, med stora isbitar, tillsammans med desserter (t.ex. \u00f6ver vaniljglass) eller som bas i cocktails.<\/p>\n","protected":false},"excerpt":{"rendered":"<p>CHOYA UMESHU CO., LTD.<\/p>\n","protected":false},"featured_media":70153,"template":"","meta":{"_acf_changed":false,"rs_blank_template":"","rs_page_bg_color":"","slide_template_v7":""},"product_brand":[],"product_cat":[4670,4716,9392,9395,9398,9485],"product_tag":[],"class_list":{"0":"post-70035","1":"product","2":"type-product","3":"status-publish","4":"has-post-thumbnail","6":"product_cat-frukt","7":"product_cat-andra-likorer","8":"product_cat-likor-och-ol","9":"product_cat-likortyper","10":"product_cat-likor-efter-bas","11":"product_cat-romlikoer","12":"pa_land-japan-sv","13":"pa_procent-15-5-sv","14":"pa_producent-choya-sv","15":"pa_region-habikino-sv","16":"pa_volume-70-sv-2","18":"first","19":"instock","20":"taxable","21":"shipping-taxable","22":"purchasable","23":"product-type-simple"},"bundled_by":[],"bundle_stock_status":"instock","bundle_stock_quantity":null,"bundle_virtual":false,"bundle_layout":"","bundle_add_to_cart_form_location":"","bundle_editable_in_cart":false,"bundle_sold_individually_context":"","bundle_item_grouping":"","bundle_min_size":"","bundle_max_size":"","bundle_price":[],"bundled_items":[],"bundle_sell_ids":[],"acf":[],"_links":{"self":[{"href":"https:\/\/www.raschvin.com\/sv\/wp-json\/wp\/v2\/product\/70035","targetHints":{"allow":["GET"]}}],"collection":[{"href":"https:\/\/www.raschvin.com\/sv\/wp-json\/wp\/v2\/product"}],"about":[{"href":"https:\/\/www.raschvin.com\/sv\/wp-json\/wp\/v2\/types\/product"}],"wp:featuredmedia":[{"embeddable":true,"href":"https:\/\/www.raschvin.com\/sv\/wp-json\/wp\/v2\/media\/70153"}],"wp:attachment":[{"href":"https:\/\/www.raschvin.com\/sv\/wp-json\/wp\/v2\/media?parent=70035"}],"wp:term":[{"taxonomy":"product_brand","embeddable":true,"href":"https:\/\/www.raschvin.com\/sv\/wp-json\/wp\/v2\/product_brand?post=70035"},{"taxonomy":"product_cat","embeddable":true,"href":"https:\/\/www.raschvin.com\/sv\/wp-json\/wp\/v2\/product_cat?post=70035"},{"taxonomy":"product_tag","embeddable":true,"href":"https:\/\/www.raschvin.com\/sv\/wp-json\/wp\/v2\/product_tag?post=70035"}],"curies":[{"name":"wp","href":"https:\/\/api.w.org\/{rel}","templated":true}]}}