{"id":70023,"date":"2024-10-16T08:46:11","date_gmt":"2024-10-16T06:46:11","guid":{"rendered":"https:\/\/www.raschvin.com\/?post_type=product&#038;p=70023"},"modified":"2025-10-22T21:02:58","modified_gmt":"2025-10-22T19:02:58","slug":"ezra-brooks-bourbon-cream-70-cl-125","status":"publish","type":"product","link":"https:\/\/www.raschvin.com\/sv\/produkt\/ezra-brooks-bourbon-cream-70-cl-125\/","title":{"rendered":"Ezra Brooks Bourbon Cream 70 cl. 12,5%"},"content":{"rendered":"<p>Hammerl\u00e6kker, cremet og s\u00f8dmefuld. Pr\u00f8v den eventuelt i en kop sort kaffe eller med et skvis bourbon tilsat!<\/p>\n<p>Om Produktet<br \/>\nEzra Brooks Bourbon Cream Liqueur er lavet p\u00e5 en blanding af 100% \u00e6gte fl\u00f8de og Kentucky Straight Bourbon whiskey som er blevet lagret p\u00e5 gammeldags maner i nye br\u00e6ndte amerikanske egefade. Denne cremelik\u00f8r giver en karakteristisk og s\u00f8dmefuld smagsoplevelse.<\/p>\n<p>Ezra Brooks Bourbon er udgivet ved 25 amerikanske proof \u2013 svarende til 12,5% alkohol.<\/p>\n<p>Cocktails<br \/>\nBourbon Creme Kaffe<\/p>\n<p>1 del Ezra Brooks Bourbon Cream Liqueur<\/p>\n<p>1 del espresso kaffe<\/p>\n<p>1 dash Angostura Bitter<\/p>\n<p>Hel i et glass fyldt med is og garniser evt. med muskatn\u00f8d eller andet n\u00f8ddrys.<\/p>\n<p>Om Ezra Brooks<br \/>\nEzra Brooks bliver lavet af Lux Row Distillers i Bardstown \u2013 the Bourbon Capital of the World. Det n\u00e6sten 1700m2 store destilleri er navngivet efter den meget bem\u00e6rkelsesv\u00e6rdige r\u00e6kke af tr\u00e6er som man kan finde p\u00e5 grunden. Derudover finder man p\u00e5 destilleriets grund ogs\u00e5 hele 6 varehuse med plads til omkring 20.000 t\u00f8nder hver. Samt en gigantisk, 13 meter h\u00f8j, speciallavet kobberkedel hvorp\u00e5 Ezra Brooks og destilleriets andre whiskeybrands bliver destilleret.<\/p>\n<p>Luxco har egentligt v\u00e6ret i bourbonbranchen i mange \u00e5r \u2013 faktisk har Ezra Brooks v\u00e6ret p\u00e5 markedet siden 1957. Men i de f\u00f8rste mange \u00e5r af sin levetid stod Luxco ikke selv for produktionen af deres whiskey \u2013 hvilket er ganske normalt indenfor den amerikanske whiskeybranche. Det var f\u00f8rst i 2015 at Luxco byggede deres eget destilleri i form af Lux Row destilleriet \u2013 her kunne de anvende al den viden de i \u00e5rtier har indsamlet om produktion og lagring af bourbon og rye whiskey.<\/p>\n<p>Lux Row adskiller sig fra de fleste andre bourbon destillerier ved at anvende to forskellige opskrifter (kaldet \u2019mash bills\u2019) til deres bourbon: Den ene er en afrundet wheated bourbon mash bill best\u00e5ende af 68% majs, 20% hvede og 12% maltet byg; den anden er en krydret ryed bourbon best\u00e5ende af 78% majs, 10% rug og 12% maltet byg, som er den Ezra Brooks laves p\u00e5.<\/p>\n<p>Derudover indeholder Ezra Brooks ogs\u00e5 en s\u00e6rdeles l\u00e6kker cremelik\u00f8r baseret p\u00e5 bourbon whiskey.<\/p>\n","protected":false},"excerpt":{"rendered":"<p>American Cream Liqueur<\/p>\n","protected":false},"featured_media":70109,"template":"","meta":{"_acf_changed":false,"rs_blank_template":"","rs_page_bg_color":"","slide_template_v7":""},"product_brand":[],"product_cat":[83,4674,4671,205],"product_tag":[],"class_list":{"0":"post-70023","1":"product","2":"type-product","3":"status-publish","4":"has-post-thumbnail","6":"product_cat-avec","7":"product_cat-chokolade","8":"product_cat-creme","9":"product_cat-likoer","10":"pa_land-usa","11":"pa_procent-12-5","12":"pa_producent-lux-row-distillers","13":"pa_serveringstemperatur-10-12","14":"pa_volume-121","16":"first","17":"instock","18":"sale","19":"taxable","20":"shipping-taxable","21":"purchasable","22":"product-type-simple"},"bundled_by":[],"bundle_stock_status":"instock","bundle_stock_quantity":null,"bundle_virtual":false,"bundle_layout":"","bundle_add_to_cart_form_location":"","bundle_editable_in_cart":false,"bundle_sold_individually_context":"","bundle_item_grouping":"","bundle_min_size":"","bundle_max_size":"","bundle_price":[],"bundled_items":[],"bundle_sell_ids":[],"acf":[],"_links":{"self":[{"href":"https:\/\/www.raschvin.com\/sv\/wp-json\/wp\/v2\/product\/70023","targetHints":{"allow":["GET"]}}],"collection":[{"href":"https:\/\/www.raschvin.com\/sv\/wp-json\/wp\/v2\/product"}],"about":[{"href":"https:\/\/www.raschvin.com\/sv\/wp-json\/wp\/v2\/types\/product"}],"wp:featuredmedia":[{"embeddable":true,"href":"https:\/\/www.raschvin.com\/sv\/wp-json\/wp\/v2\/media\/70109"}],"wp:attachment":[{"href":"https:\/\/www.raschvin.com\/sv\/wp-json\/wp\/v2\/media?parent=70023"}],"wp:term":[{"taxonomy":"product_brand","embeddable":true,"href":"https:\/\/www.raschvin.com\/sv\/wp-json\/wp\/v2\/product_brand?post=70023"},{"taxonomy":"product_cat","embeddable":true,"href":"https:\/\/www.raschvin.com\/sv\/wp-json\/wp\/v2\/product_cat?post=70023"},{"taxonomy":"product_tag","embeddable":true,"href":"https:\/\/www.raschvin.com\/sv\/wp-json\/wp\/v2\/product_tag?post=70023"}],"curies":[{"name":"wp","href":"https:\/\/api.w.org\/{rel}","templated":true}]}}