{"id":69354,"date":"2024-10-10T16:04:30","date_gmt":"2024-10-10T14:04:30","guid":{"rendered":"https:\/\/www.raschvin.com\/?post_type=product&#038;p=69354"},"modified":"2024-10-10T16:30:37","modified_gmt":"2024-10-10T14:30:37","slug":"the-glenturret-25-years-2023-release-70-cl-426-kopier","status":"publish","type":"product","link":"https:\/\/www.raschvin.com\/sv\/produkt\/the-glenturret-25-years-2023-release-70-cl-426-kopier\/","title":{"rendered":"The Glenturret 30 Years 2023 Release 70 cl. 42,7%"},"content":{"rendered":"<p>Essensen av tid.<br \/>\nthe 2023 release glenturret 30 years old h\u00e4rstammar fr\u00e5n en s\u00f6kning efter specifika smaker som hittades i fem av v\u00e5ra v\u00e4rdefulla \u00e4ldre caskar. europeisk ek ger en traditionell rik fruktsmak kombinerad med inslag av brandy och ingef\u00e4ra. ett portfat ger en varm rubinf\u00e4rg och inslag av r\u00f6da frukter. s\u00f6tare noter av tropisk frukt och bananer inspirerade av karakt\u00e4ren hos v\u00e5r delikata nya sprit tillf\u00f6rs av tv\u00e5 amerikanska ek hogsheads. denna whisky \u00e4r till\u00e4gnad de f\u00e4rdigheter som beh\u00e5llits inom v\u00e4ggarna p\u00e5 the glenturret. \u00e4ven n\u00e4r vi skapar v\u00e5ra \u00e4ldsta whiskies \u00e4r respekten f\u00f6r v\u00e5ra traditionella produktionsmetoder alltid i f\u00f6rgrunden av v\u00e5rt t\u00e4nkande.<\/p>\n<p>Provningsnoter<br \/>\nen sommardagspicknick \u2013 tropisk fruktsallad och mogna bananer med en garnering av plommon och fikon. s\u00f6ta brandy snaps pudrade med ingef\u00e4ra och kanel. en kompott av r\u00f6da frukter toppad med mar\u00e4ng och vaniljglass ger en fruktig avslutning som skuggas av subtil ek.<\/p>\n<p>Glenturret-destilleriet, bel\u00e4get i hj\u00e4rtat av Skottland, \u00e4r ett av de \u00e4ldsta destillerierna i landet och g\u00e5r tillbaka till 1775. Det \u00e4r k\u00e4nt f\u00f6r sin hantverksm\u00e4ssiga inst\u00e4llning till whiskyproduktion, d\u00e4r tradition och kvalitet g\u00e5r hand i hand. Destilleriet anv\u00e4nder fortfarande traditionella metoder, inklusive handgjorda kopparstillar och en unik j\u00e4sningsteknik, som bidrar till den karakt\u00e4ristiska smaken av deras whiskys. Glenturret producerar en rad olika uttryck, fr\u00e5n l\u00e4tta och blommiga till djupa och komplexa smaksprofiler. Deras whiskys har en trogen skara av anh\u00e4ngare och blir ofta ber\u00f6mda f\u00f6r sin rika smak och v\u00e4lbalanserade finish. Bes\u00f6k destilleriet f\u00f6r att uppleva den rika historien och traditionen, samt f\u00f6r att smaka p\u00e5 n\u00e5gra av Skottlands finaste whiskys.<\/p>\n","protected":false},"excerpt":{"rendered":"<p>Highland Single Malt Scotch Whisky<\/p>\n","protected":false},"featured_media":69393,"template":"","meta":{"_acf_changed":false,"rs_blank_template":"","rs_page_bg_color":"","slide_template_v7":""},"product_brand":[],"product_cat":[2387,4651,2392],"product_tag":[],"class_list":{"0":"post-69354","1":"product","2":"type-product","3":"status-publish","4":"has-post-thumbnail","6":"product_cat-avec-sv","7":"product_cat-single-malt-sv","8":"product_cat-whisky-sv","9":"pa_aargang-2023-sv","10":"pa_land-skottland","11":"pa_procent-46-sv","12":"pa_producent-the-glenturret-sv","13":"pa_region-highland-sv","14":"pa_volume-70-sv-2","16":"first","17":"instock","18":"taxable","19":"shipping-taxable","20":"purchasable","21":"product-type-simple"},"bundled_by":[],"bundle_stock_status":"instock","bundle_stock_quantity":null,"bundle_virtual":false,"bundle_layout":"","bundle_add_to_cart_form_location":"","bundle_editable_in_cart":false,"bundle_sold_individually_context":"","bundle_item_grouping":"","bundle_min_size":"","bundle_max_size":"","bundle_price":[],"bundled_items":[],"bundle_sell_ids":[],"acf":[],"_links":{"self":[{"href":"https:\/\/www.raschvin.com\/sv\/wp-json\/wp\/v2\/product\/69354","targetHints":{"allow":["GET"]}}],"collection":[{"href":"https:\/\/www.raschvin.com\/sv\/wp-json\/wp\/v2\/product"}],"about":[{"href":"https:\/\/www.raschvin.com\/sv\/wp-json\/wp\/v2\/types\/product"}],"wp:featuredmedia":[{"embeddable":true,"href":"https:\/\/www.raschvin.com\/sv\/wp-json\/wp\/v2\/media\/69393"}],"wp:attachment":[{"href":"https:\/\/www.raschvin.com\/sv\/wp-json\/wp\/v2\/media?parent=69354"}],"wp:term":[{"taxonomy":"product_brand","embeddable":true,"href":"https:\/\/www.raschvin.com\/sv\/wp-json\/wp\/v2\/product_brand?post=69354"},{"taxonomy":"product_cat","embeddable":true,"href":"https:\/\/www.raschvin.com\/sv\/wp-json\/wp\/v2\/product_cat?post=69354"},{"taxonomy":"product_tag","embeddable":true,"href":"https:\/\/www.raschvin.com\/sv\/wp-json\/wp\/v2\/product_tag?post=69354"}],"curies":[{"name":"wp","href":"https:\/\/api.w.org\/{rel}","templated":true}]}}