{"id":69349,"date":"2024-10-10T15:38:26","date_gmt":"2024-10-10T13:38:26","guid":{"rendered":"https:\/\/www.raschvin.com\/?post_type=product&#038;p=69349"},"modified":"2024-10-10T15:42:03","modified_gmt":"2024-10-10T13:42:03","slug":"the-glenturret-15-years-2024-release-70-cl-508-kopier","status":"publish","type":"product","link":"https:\/\/www.raschvin.com\/sv\/produkt\/the-glenturret-15-years-2024-release-70-cl-508-kopier\/","title":{"rendered":"The Glenturret 25 Years 2023 Release 70 cl. 42,6%"},"content":{"rendered":"<p>legacy of the six casks. den 2023 release glenturret 25 years old \u00e4r ett begr\u00e4nsat uttryck skapat fr\u00e5n sex caskar som har f\u00f6rvarats i v\u00e5ra traditionella dunnage-lager i ett kvarts \u00e5rhundrade. europeisk ek ger rik frukt, aromatiska kryddor och ektoner, amerikansk ek tillf\u00f6r s\u00f6tma och vanilj med p\u00e5fyllningsfat som erbjuder inslag av citrus. som en whisky maker har 25 years old alltid framkallat bilder av whisky som avnjuts \u00f6ver tid. ett kvarts \u00e5rhundrade ger en landm\u00e4rke f\u00f6r m\u00e5nga firanden genom livet och de reflektioner som de medf\u00f6r.<\/p>\n<p>Provningsnoter<br \/>\naromatisk kanel med ingef\u00e4ra, sultana, russin och \u00e4pple. demerara socker str\u00f6tt p\u00e5 nybakat bakverk. subtila noter av s\u00f6t vanilj. \u00e5ldrad ek tillf\u00f6r tid. p\u00e5minner om en svunnen tid, ek dominerar p\u00e5 gommen. citrus och kokta godisar f\u00f6ljer, sedan \u00e5terkommer m\u00f6rka frukter. en sammetslen textur med en varm eftersmak av tr\u00e4kryddor.<br \/>\nGlenturret-destilleriet, bel\u00e4get i hj\u00e4rtat av Skottland, \u00e4r ett av de \u00e4ldsta destillerierna i landet och g\u00e5r tillbaka till 1775. Det \u00e4r k\u00e4nt f\u00f6r sin hantverksm\u00e4ssiga inst\u00e4llning till whiskyproduktion, d\u00e4r tradition och kvalitet g\u00e5r hand i hand. Destilleriet anv\u00e4nder fortfarande traditionella metoder, inklusive handgjorda kopparstillar och en unik j\u00e4sningsteknik, som bidrar till den karakt\u00e4ristiska smaken av deras whiskys. Glenturret producerar en rad olika uttryck, fr\u00e5n l\u00e4tta och blommiga till djupa och komplexa smaksprofiler. Deras whiskys har en trogen skara av anh\u00e4ngare och blir ofta ber\u00f6mda f\u00f6r sin rika smak och v\u00e4lbalanserade finish. Bes\u00f6k destilleriet f\u00f6r att uppleva den rika historien och traditionen, samt f\u00f6r att smaka p\u00e5 n\u00e5gra av Skottlands finaste whiskys.<\/p>\n","protected":false},"excerpt":{"rendered":"<p>Highland Single Malt Scotch Whisky<\/p>\n","protected":false},"featured_media":69390,"template":"","meta":{"_acf_changed":false,"rs_blank_template":"","rs_page_bg_color":"","slide_template_v7":""},"product_brand":[],"product_cat":[2387,4651,2392],"product_tag":[],"class_list":{"0":"post-69349","1":"product","2":"type-product","3":"status-publish","4":"has-post-thumbnail","6":"product_cat-avec-sv","7":"product_cat-single-malt-sv","8":"product_cat-whisky-sv","9":"pa_aargang-2023-sv","10":"pa_land-skottland","11":"pa_procent-46-sv","12":"pa_producent-the-glenturret-sv","13":"pa_region-highland-sv","14":"pa_volume-70-sv-2","16":"first","17":"instock","18":"taxable","19":"shipping-taxable","20":"purchasable","21":"product-type-simple"},"bundled_by":[],"bundle_stock_status":"instock","bundle_stock_quantity":null,"bundle_virtual":false,"bundle_layout":"","bundle_add_to_cart_form_location":"","bundle_editable_in_cart":false,"bundle_sold_individually_context":"","bundle_item_grouping":"","bundle_min_size":"","bundle_max_size":"","bundle_price":[],"bundled_items":[],"bundle_sell_ids":[],"acf":[],"_links":{"self":[{"href":"https:\/\/www.raschvin.com\/sv\/wp-json\/wp\/v2\/product\/69349","targetHints":{"allow":["GET"]}}],"collection":[{"href":"https:\/\/www.raschvin.com\/sv\/wp-json\/wp\/v2\/product"}],"about":[{"href":"https:\/\/www.raschvin.com\/sv\/wp-json\/wp\/v2\/types\/product"}],"wp:featuredmedia":[{"embeddable":true,"href":"https:\/\/www.raschvin.com\/sv\/wp-json\/wp\/v2\/media\/69390"}],"wp:attachment":[{"href":"https:\/\/www.raschvin.com\/sv\/wp-json\/wp\/v2\/media?parent=69349"}],"wp:term":[{"taxonomy":"product_brand","embeddable":true,"href":"https:\/\/www.raschvin.com\/sv\/wp-json\/wp\/v2\/product_brand?post=69349"},{"taxonomy":"product_cat","embeddable":true,"href":"https:\/\/www.raschvin.com\/sv\/wp-json\/wp\/v2\/product_cat?post=69349"},{"taxonomy":"product_tag","embeddable":true,"href":"https:\/\/www.raschvin.com\/sv\/wp-json\/wp\/v2\/product_tag?post=69349"}],"curies":[{"name":"wp","href":"https:\/\/api.w.org\/{rel}","templated":true}]}}