{"id":69342,"date":"2024-10-10T15:18:00","date_gmt":"2024-10-10T13:18:00","guid":{"rendered":"https:\/\/www.raschvin.com\/?post_type=product&#038;p=69342"},"modified":"2024-10-10T15:23:29","modified_gmt":"2024-10-10T13:23:29","slug":"the-glenturret-10-years-peat-smoked-2023-release-70-cl-46-kopier","status":"publish","type":"product","link":"https:\/\/www.raschvin.com\/sv\/produkt\/the-glenturret-10-years-peat-smoked-2023-release-70-cl-46-kopier\/","title":{"rendered":"The Glenturret 12 Years 2024 Release 70 cl. 46,4%"},"content":{"rendered":"<p>Glenturret 12 Years Old whisky \u00e4r k\u00e4rnan i v\u00e5rt 2024 \u00e5rs sortiment. Amerikansk och europeisk ek, med influenser fr\u00e5n b\u00e5de Oloroso- och Pedro Ximenez-fats, skapar en rik uttryck med en alkoholhalt p\u00e5 46,4 %.<\/p>\n<p>Tillverkad med omsorg och expertis, f\u00f6rkroppsligar denna uttryck essensen av The Glenturrets historia och tradition.<\/p>\n<p>Smaknoter<br \/>\nRIKA TORRA FRUKTER v\u00e4rmda av INGEF\u00c4R och KANEL med lager av VANILJ. Anar av m\u00f6rk CHOKLAD och B\u00c4RCOMPOT. En varm eftersmak levererad av mildA TR\u00c4KRYDDOR.<br \/>\nThe Glenturret-destilleriet, bel\u00e4get i hj\u00e4rtat av Skottland, \u00e4r en av de \u00e4ldsta destillerierna i landet och g\u00e5r tillbaka till 1775. Det \u00e4r k\u00e4nt f\u00f6r sin hantverksm\u00e4ssiga metod f\u00f6r whiskyproduktion, d\u00e4r tradition och kvalitet g\u00e5r hand i hand. Destilleriet anv\u00e4nder fortfarande traditionella metoder, inklusive handgjorda kopparstillar och en unik j\u00e4sningsteknik som bidrar till den karakt\u00e4ristiska smaken av deras whiskies. Glenturret producerar en rad olika uttryck, som sp\u00e4nner fr\u00e5n l\u00e4tta och blommiga till djupa och komplexa smakprofiler. Deras whiskies har en trogen publik och hyllas ofta f\u00f6r sin rika smak och v\u00e4lbalanserade finish. Bes\u00f6k destilleriet f\u00f6r att uppleva den rika historien och traditionen, samt f\u00f6r att smaka p\u00e5 n\u00e5gra av Skottlands finaste whiskies.<\/p>\n","protected":false},"excerpt":{"rendered":"<p>Highland Single Malt Scotch Whisky<\/p>\n","protected":false},"featured_media":69384,"template":"","meta":{"_acf_changed":false,"rs_blank_template":"","rs_page_bg_color":"","slide_template_v7":""},"product_brand":[],"product_cat":[2392,9248,9433],"product_tag":[],"class_list":{"0":"post-69342","1":"product","2":"type-product","3":"status-publish","4":"has-post-thumbnail","6":"product_cat-whisky-sv","7":"product_cat-scotch-whisky","8":"product_cat-single-malt-scotch-whisky","9":"pa_aargang-2024-sv","10":"pa_land-skottland","11":"pa_procent-46-sv","12":"pa_producent-the-glenturret-sv","13":"pa_region-highland-sv","14":"pa_volume-70-sv-2","16":"first","17":"instock","18":"sale","19":"taxable","20":"shipping-taxable","21":"purchasable","22":"product-type-simple"},"bundled_by":[],"bundle_stock_status":"instock","bundle_stock_quantity":null,"bundle_virtual":false,"bundle_layout":"","bundle_add_to_cart_form_location":"","bundle_editable_in_cart":false,"bundle_sold_individually_context":"","bundle_item_grouping":"","bundle_min_size":"","bundle_max_size":"","bundle_price":[],"bundled_items":[],"bundle_sell_ids":[],"acf":[],"_links":{"self":[{"href":"https:\/\/www.raschvin.com\/sv\/wp-json\/wp\/v2\/product\/69342","targetHints":{"allow":["GET"]}}],"collection":[{"href":"https:\/\/www.raschvin.com\/sv\/wp-json\/wp\/v2\/product"}],"about":[{"href":"https:\/\/www.raschvin.com\/sv\/wp-json\/wp\/v2\/types\/product"}],"wp:featuredmedia":[{"embeddable":true,"href":"https:\/\/www.raschvin.com\/sv\/wp-json\/wp\/v2\/media\/69384"}],"wp:attachment":[{"href":"https:\/\/www.raschvin.com\/sv\/wp-json\/wp\/v2\/media?parent=69342"}],"wp:term":[{"taxonomy":"product_brand","embeddable":true,"href":"https:\/\/www.raschvin.com\/sv\/wp-json\/wp\/v2\/product_brand?post=69342"},{"taxonomy":"product_cat","embeddable":true,"href":"https:\/\/www.raschvin.com\/sv\/wp-json\/wp\/v2\/product_cat?post=69342"},{"taxonomy":"product_tag","embeddable":true,"href":"https:\/\/www.raschvin.com\/sv\/wp-json\/wp\/v2\/product_tag?post=69342"}],"curies":[{"name":"wp","href":"https:\/\/api.w.org\/{rel}","templated":true}]}}