{"id":69339,"date":"2024-10-10T14:58:33","date_gmt":"2024-10-10T12:58:33","guid":{"rendered":"https:\/\/www.raschvin.com\/?post_type=product&#038;p=69339"},"modified":"2024-10-10T15:16:13","modified_gmt":"2024-10-10T13:16:13","slug":"the-glenturret-7-years-peat-smoked-2023-release-70-cl-46-kopier","status":"publish","type":"product","link":"https:\/\/www.raschvin.com\/sv\/produkt\/the-glenturret-7-years-peat-smoked-2023-release-70-cl-46-kopier\/","title":{"rendered":"The Glenturret 10 Years Peat Smoked 2023 Release 70 cl. 46%"},"content":{"rendered":"<p>Firar utvecklingen av smaker fr\u00e5n v\u00e5r korn, sprit och fat. Torv spelar en stor roll i v\u00e5r destilleringshistoria &#8211; uppteckningar visar att The Glenturret gr\u00e4vde torv fr\u00e5n myrarna vid v\u00e5r vattent\u00e4kt f\u00f6r whiskyproduktion i b\u00f6rjan av 1800-talet. The Glenturret 10 Years Old Peat Smoked firar de olika k\u00e4llorna till torv som nu har skaffats till v\u00e5ra r\u00f6kta whiskies. R\u00f6kiga smaker utvecklas och f\u00f6r\u00e4ndras st\u00e4ndigt \u00f6ver tid. V\u00e5r torvr\u00f6kta spritstil mognar i b\u00e5de f\u00f6rst- och andrag\u00e5ngsfyllda europeiska och amerikanska ekfat. Den resulterande whiskyn bildar en komplex single malt med en h\u00f6gre styrka p\u00e5 48,4 % ABV.<\/p>\n<p>The Glenturret-destilleriet, bel\u00e4get i hj\u00e4rtat av Skottland, \u00e4r en av de \u00e4ldsta destillerierna i landet och g\u00e5r tillbaka till 1775. Det \u00e4r k\u00e4nt f\u00f6r sin hantverksm\u00e4ssiga metod f\u00f6r whiskyproduktion, d\u00e4r tradition och kvalitet g\u00e5r hand i hand. Destilleriet anv\u00e4nder fortfarande traditionella metoder, inklusive handgjorda kopparstillar och en unik j\u00e4sningsteknik som bidrar till den karakt\u00e4ristiska smaken av deras whiskies. Glenturret producerar en rad olika uttryck, som sp\u00e4nner fr\u00e5n l\u00e4tta och blommiga till djupa och komplexa smakprofiler. Deras whiskies har en trogen publik och hyllas ofta f\u00f6r sin rika smak och v\u00e4lbalanserade finish. Bes\u00f6k destilleriet f\u00f6r att uppleva den rika historien och traditionen, samt f\u00f6r att smaka p\u00e5 n\u00e5gra av Skottlands finaste whiskies.<\/p>\n","protected":false},"excerpt":{"rendered":"<p>Highland Single Malt Scotch Whisky<\/p>\n","protected":false},"featured_media":69521,"template":"","meta":{"_acf_changed":false,"rs_blank_template":"","rs_page_bg_color":"","slide_template_v7":""},"product_brand":[],"product_cat":[2387,4651,2392],"product_tag":[],"class_list":{"0":"post-69339","1":"product","2":"type-product","3":"status-publish","4":"has-post-thumbnail","6":"product_cat-avec-sv","7":"product_cat-single-malt-sv","8":"product_cat-whisky-sv","9":"pa_aargang-2023-sv","10":"pa_land-skottland","11":"pa_procent-46-sv","12":"pa_producent-the-glenturret-sv","13":"pa_region-highland-sv","14":"pa_volume-70-sv-2","16":"first","17":"instock","18":"sale","19":"taxable","20":"shipping-taxable","21":"purchasable","22":"product-type-simple"},"bundled_by":[],"bundle_stock_status":"instock","bundle_stock_quantity":null,"bundle_virtual":false,"bundle_layout":"","bundle_add_to_cart_form_location":"","bundle_editable_in_cart":false,"bundle_sold_individually_context":"","bundle_item_grouping":"","bundle_min_size":"","bundle_max_size":"","bundle_price":[],"bundled_items":[],"bundle_sell_ids":[],"acf":[],"_links":{"self":[{"href":"https:\/\/www.raschvin.com\/sv\/wp-json\/wp\/v2\/product\/69339","targetHints":{"allow":["GET"]}}],"collection":[{"href":"https:\/\/www.raschvin.com\/sv\/wp-json\/wp\/v2\/product"}],"about":[{"href":"https:\/\/www.raschvin.com\/sv\/wp-json\/wp\/v2\/types\/product"}],"wp:featuredmedia":[{"embeddable":true,"href":"https:\/\/www.raschvin.com\/sv\/wp-json\/wp\/v2\/media\/69521"}],"wp:attachment":[{"href":"https:\/\/www.raschvin.com\/sv\/wp-json\/wp\/v2\/media?parent=69339"}],"wp:term":[{"taxonomy":"product_brand","embeddable":true,"href":"https:\/\/www.raschvin.com\/sv\/wp-json\/wp\/v2\/product_brand?post=69339"},{"taxonomy":"product_cat","embeddable":true,"href":"https:\/\/www.raschvin.com\/sv\/wp-json\/wp\/v2\/product_cat?post=69339"},{"taxonomy":"product_tag","embeddable":true,"href":"https:\/\/www.raschvin.com\/sv\/wp-json\/wp\/v2\/product_tag?post=69339"}],"curies":[{"name":"wp","href":"https:\/\/api.w.org\/{rel}","templated":true}]}}