{"id":69334,"date":"2024-10-10T14:46:54","date_gmt":"2024-10-10T12:46:54","guid":{"rendered":"https:\/\/www.raschvin.com\/?post_type=product&#038;p=69334"},"modified":"2024-10-10T14:52:28","modified_gmt":"2024-10-10T12:52:28","slug":"the-glenturret-triple-wood-70-cl-44-kopier","status":"publish","type":"product","link":"https:\/\/www.raschvin.com\/sv\/produkt\/the-glenturret-triple-wood-70-cl-44-kopier\/","title":{"rendered":"The Glenturret 7 Years Peat Smoked 2023 Release 70 cl. 46%"},"content":{"rendered":"<p>Ett uttryck inspirerat av v\u00e5rt unika landskap. Glenturret 7 Years Old Peat Smoked edition gl\u00e4der sinnena med sina komplexa och raffinerade smakspecifikationer. Den karakteristiska s\u00f6tman fr\u00e5n v\u00e5r nya sprit blandar sig delikat med noter av f\u00e4rsk ek och s\u00f6t vanilj. R\u00f6ken h\u00e4nger mjukt i bakgrunden och tillf\u00f6r djup och sofistikering till den l\u00e5nga och tillfredsst\u00e4llande eftersmaken. Detta uttryck \u00e4r ett bevis p\u00e5 konsten att g\u00f6ra whisky och f\u00e5ngar essensen av The Glenturret&#8217;s r\u00f6kta sprit med sin eleganta r\u00f6kiga karakt\u00e4r och v\u00e4l avrundade komplexitet.<\/p>\n<p>Glenturret destilleriet, bel\u00e4get i hj\u00e4rtat av Skottland, \u00e4r ett av de \u00e4ldsta destillerierna i landet och g\u00e5r tillbaka till 1775. Det \u00e4r k\u00e4nt f\u00f6r sin hantverksm\u00e4ssiga metod f\u00f6r whiskyproduktion, d\u00e4r tradition och kvalitet g\u00e5r hand i hand. Destilleriet anv\u00e4nder fortfarande traditionella metoder, inklusive handgjorda kopparpannor och en unik j\u00e4sningsteknik som bidrar till den karakt\u00e4ristiska smaken av deras whiskies.<\/p>\n<p>Glenturret producerar en rad olika uttryck som sp\u00e4nner fr\u00e5n l\u00e4tta och blommiga till djupa och komplexa smaksprofiler. Deras whiskies har en trogen f\u00f6ljarskara och f\u00e5r ofta ber\u00f6m f\u00f6r sin rika smak och v\u00e4lbalanserade finish. Bes\u00f6k destilleriet f\u00f6r att uppleva den rika historien och traditionen samt f\u00f6r att smaka p\u00e5 n\u00e5gra av Skottlands finaste whiskies.<\/p>\n","protected":false},"excerpt":{"rendered":"<p>Highland Single Malt Scotch Whisky<\/p>\n","protected":false},"featured_media":69378,"template":"","meta":{"_acf_changed":false,"rs_blank_template":"","rs_page_bg_color":"","slide_template_v7":""},"product_brand":[],"product_cat":[2387,4651,2392],"product_tag":[],"class_list":{"0":"post-69334","1":"product","2":"type-product","3":"status-publish","4":"has-post-thumbnail","6":"product_cat-avec-sv","7":"product_cat-single-malt-sv","8":"product_cat-whisky-sv","9":"pa_aargang-2023-sv","10":"pa_land-skottland","11":"pa_procent-46-sv","12":"pa_producent-the-glenturret-sv","13":"pa_region-highland-sv","14":"pa_volume-70-sv-2","16":"first","17":"instock","18":"sale","19":"taxable","20":"shipping-taxable","21":"purchasable","22":"product-type-simple"},"bundled_by":[],"bundle_stock_status":"instock","bundle_stock_quantity":null,"bundle_virtual":false,"bundle_layout":"","bundle_add_to_cart_form_location":"","bundle_editable_in_cart":false,"bundle_sold_individually_context":"","bundle_item_grouping":"","bundle_min_size":"","bundle_max_size":"","bundle_price":[],"bundled_items":[],"bundle_sell_ids":[],"acf":[],"_links":{"self":[{"href":"https:\/\/www.raschvin.com\/sv\/wp-json\/wp\/v2\/product\/69334","targetHints":{"allow":["GET"]}}],"collection":[{"href":"https:\/\/www.raschvin.com\/sv\/wp-json\/wp\/v2\/product"}],"about":[{"href":"https:\/\/www.raschvin.com\/sv\/wp-json\/wp\/v2\/types\/product"}],"wp:featuredmedia":[{"embeddable":true,"href":"https:\/\/www.raschvin.com\/sv\/wp-json\/wp\/v2\/media\/69378"}],"wp:attachment":[{"href":"https:\/\/www.raschvin.com\/sv\/wp-json\/wp\/v2\/media?parent=69334"}],"wp:term":[{"taxonomy":"product_brand","embeddable":true,"href":"https:\/\/www.raschvin.com\/sv\/wp-json\/wp\/v2\/product_brand?post=69334"},{"taxonomy":"product_cat","embeddable":true,"href":"https:\/\/www.raschvin.com\/sv\/wp-json\/wp\/v2\/product_cat?post=69334"},{"taxonomy":"product_tag","embeddable":true,"href":"https:\/\/www.raschvin.com\/sv\/wp-json\/wp\/v2\/product_tag?post=69334"}],"curies":[{"name":"wp","href":"https:\/\/api.w.org\/{rel}","templated":true}]}}