{"id":69330,"date":"2024-10-10T14:42:29","date_gmt":"2024-10-10T12:42:29","guid":{"rendered":"https:\/\/www.raschvin.com\/produkt\/the-glenturret-triple-wood-70-cl-44\/"},"modified":"2024-10-10T14:42:29","modified_gmt":"2024-10-10T12:42:29","slug":"the-glenturret-triple-wood-70-cl-44","status":"publish","type":"product","link":"https:\/\/www.raschvin.com\/sv\/produkt\/the-glenturret-triple-wood-70-cl-44\/","title":{"rendered":"The Glenturret Triple Wood 70 cl. 44%"},"content":{"rendered":"<p>V\u00e4lkommen till The Glenturret. Glenturret Triple Wood \u00e4r en mjuk, fruktig och s\u00f6t whisky som kommer fr\u00e5n v\u00e5r New Make Spirit. Den \u00e4r lagrad i amerikanska och europeiska ekfat som har anv\u00e4nts f\u00f6r sherry, samt bourbonfat. V\u00e5ra st\u00e4ndigt utvecklande lagringslager \u00e4r synliga i denna whisky.<\/p>\n<p>Vaniljetoffee, maltkarakt\u00e4r, citrus och p\u00e4rondroppar framh\u00e4ver integrationen mellan spriten och faten. Med p\u00e5verkan fr\u00e5n amerikansk ek tillf\u00f6rs toffee, honungsaktiga frukter och den karakt\u00e4ristiska fruktiga naturen av denna whisky. Den europeiska sherryinverkan bygger ovanp\u00e5 med s\u00f6ta bak- och kryddor samt ingef\u00e4ra- och kanelnoter.<\/p>\n<p>The Glenturret-destilleriet, bel\u00e4get i hj\u00e4rtat av Skottland, \u00e4r en av de \u00e4ldsta destillerierna i landet och g\u00e5r tillbaka till 1775. Det \u00e4r k\u00e4nt f\u00f6r sin hantverksm\u00e4ssiga syn p\u00e5 whiskyproduktion, d\u00e4r tradition och kvalitet g\u00e5r hand i hand. Destilleriet anv\u00e4nder fortfarande traditionella metoder, inklusive handgjorda kopparpannor och en unik j\u00e4sningsteknik som bidrar till den karakt\u00e4ristiska smaken av deras whiskyer.<\/p>\n<p>Glenturret producerar en rad olika uttryck som str\u00e4cker sig fr\u00e5n l\u00e4tta och blommiga till djupa och komplexa smakprofiler. Deras whiskyer har en trogen skara anh\u00e4ngare och ber\u00f6mmer ofta f\u00f6r sin fylliga smak och v\u00e4lbalanserade eftersmak. Bes\u00f6k destilleriet f\u00f6r att uppleva den rika historien och traditionen, samt f\u00f6r att smaka p\u00e5 n\u00e5gra av Skottlands finaste whiskyer.<\/p>\n","protected":false},"excerpt":{"rendered":"<p>Highland Single Malt Scotch Whisky<\/p>\n","protected":false},"featured_media":69504,"template":"","meta":{"_acf_changed":false,"rs_blank_template":"","rs_page_bg_color":"","slide_template_v7":""},"product_brand":[],"product_cat":[2387,4651,2392],"product_tag":[],"class_list":{"0":"post-69330","1":"product","2":"type-product","3":"status-publish","4":"has-post-thumbnail","6":"product_cat-avec-sv","7":"product_cat-single-malt-sv","8":"product_cat-whisky-sv","9":"pa_aargang-2024-sv","10":"pa_land-skottland","11":"pa_procent-44-sv","12":"pa_producent-the-glenturret-sv","13":"pa_region-highland-sv","14":"pa_volume-70-sv-2","16":"first","17":"instock","18":"sale","19":"taxable","20":"shipping-taxable","21":"purchasable","22":"product-type-simple"},"bundled_by":[],"bundle_stock_status":"instock","bundle_stock_quantity":null,"bundle_virtual":false,"bundle_layout":"","bundle_add_to_cart_form_location":"","bundle_editable_in_cart":false,"bundle_sold_individually_context":"","bundle_item_grouping":"","bundle_min_size":"","bundle_max_size":"","bundle_price":[],"bundled_items":[],"bundle_sell_ids":[],"acf":[],"_links":{"self":[{"href":"https:\/\/www.raschvin.com\/sv\/wp-json\/wp\/v2\/product\/69330","targetHints":{"allow":["GET"]}}],"collection":[{"href":"https:\/\/www.raschvin.com\/sv\/wp-json\/wp\/v2\/product"}],"about":[{"href":"https:\/\/www.raschvin.com\/sv\/wp-json\/wp\/v2\/types\/product"}],"wp:featuredmedia":[{"embeddable":true,"href":"https:\/\/www.raschvin.com\/sv\/wp-json\/wp\/v2\/media\/69504"}],"wp:attachment":[{"href":"https:\/\/www.raschvin.com\/sv\/wp-json\/wp\/v2\/media?parent=69330"}],"wp:term":[{"taxonomy":"product_brand","embeddable":true,"href":"https:\/\/www.raschvin.com\/sv\/wp-json\/wp\/v2\/product_brand?post=69330"},{"taxonomy":"product_cat","embeddable":true,"href":"https:\/\/www.raschvin.com\/sv\/wp-json\/wp\/v2\/product_cat?post=69330"},{"taxonomy":"product_tag","embeddable":true,"href":"https:\/\/www.raschvin.com\/sv\/wp-json\/wp\/v2\/product_tag?post=69330"}],"curies":[{"name":"wp","href":"https:\/\/api.w.org\/{rel}","templated":true}]}}