{"id":69322,"date":"2024-10-10T14:24:56","date_gmt":"2024-10-10T12:24:56","guid":{"rendered":"https:\/\/www.raschvin.com\/produkt\/benromach-contrasts-double-matured-bordeaux-wine-cask-finish-2011-70-cl-46\/"},"modified":"2024-10-10T14:24:56","modified_gmt":"2024-10-10T12:24:56","slug":"benromach-contrasts-double-matured-bordeaux-wine-cask-finish-2011-70-cl-46","status":"publish","type":"product","link":"https:\/\/www.raschvin.com\/sv\/produkt\/benromach-contrasts-double-matured-bordeaux-wine-cask-finish-2011-70-cl-46\/","title":{"rendered":"Benromach Contrasts: Double Matured Bordeaux Wine Cask Finish 2011 70 cl. 46%"},"content":{"rendered":"<p>Benromach Distillery i Speyside har lanserat den senaste tillskottet till sin Contrasts-serie \u2013 en 12-\u00e5rig dubbelmognad med begr\u00e4nsad upplaga, som har mognat b\u00e5de i f\u00f6rsta fyllning bourbonfat och Bordeauxvinsfat f\u00f6r att skapa en fantasifull twist p\u00e5 den signatur Benromach-stilen.<\/p>\n<p>Denna whisky b\u00f6rjade i f\u00f6rsta fyllning bourbonfat innan den fick en sista fem\u00e5rs mognad i Bordeaux r\u00f6da vinskutor, vilket ger delikata honungs- och blommiga noter, med zestig mandarin, m\u00f6rka skogsfrukter och rostad ek p\u00e5 gommen. En medelfyllig avslutning kompletteras av Benromachs signaturmjuka torvr\u00f6k.<\/p>\n<p>Keith Cruickshank, destilleri-chef p\u00e5 Benromach, sade: \u201cAtt skapa den senaste Benromach Contrasts-utg\u00e5van har varit ett mycket sp\u00e4nnande projekt \u2013 vilket har gett oss m\u00f6jlighet att l\u00e4gga till en annan fascinerande whisky i v\u00e5rt sortiment.<\/p>\n<p>\u201cAtt dubbelmogna denna whisky i b\u00e5de bourbon- och Bordeauxvinsfat har bidragit till en intressant djup av smak, som balanserar b\u00e5de s\u00f6ta och fruktiga noter med v\u00e5r signaturmjuka r\u00f6k som skapas av v\u00e5r l\u00e4tt torvr\u00f6kta malt. Det har ocks\u00e5 p\u00e5verkat f\u00e4rgen p\u00e5 whiskyn, vilket ger en mycket m\u00f6rkare och rikare dram.<\/p>\n<p>\u201cDet finns ett mycket begr\u00e4nsat antal flaskor tillg\u00e4ngliga f\u00f6r k\u00f6p. Vi f\u00f6rv\u00e4ntar oss att denna whisky kommer att vara en popul\u00e4r dram, s\u00e5 vi uppmanar dem som vill prova whiskyn att vara snabba f\u00f6r att s\u00e4kra sin flaska.\u201d<\/p>\n<p>Officiella provningsnoter<\/p>\n<p>N\u00e4san: Subtila antydningar av ros f\u00f6ljt av honung och mogna r\u00f6da frukter.<\/p>\n<p>Smak: Mjuk och s\u00f6t med smaker av zestig mandarin och m\u00f6rka skogsfrukter balanserade av rostad ek.<\/p>\n<p>Avslutning: Medelfyllig och fruktig avslutning underbyggd av subtil torvr\u00f6k.<\/p>\n","protected":false},"excerpt":{"rendered":"<p>Speyside Single Malt Scotch Whisky<\/p>\n","protected":false},"featured_media":69441,"template":"","meta":{"_acf_changed":false,"rs_blank_template":"","rs_page_bg_color":"","slide_template_v7":""},"product_brand":[],"product_cat":[2392,9248,9433],"product_tag":[],"class_list":{"0":"post-69322","1":"product","2":"type-product","3":"status-publish","4":"has-post-thumbnail","6":"product_cat-whisky-sv","7":"product_cat-scotch-whisky","8":"product_cat-single-malt-scotch-whisky","9":"pa_land-skottland","10":"pa_procent-46-sv","11":"pa_producent-benromach-sv","12":"pa_region-speyside-sv","13":"pa_traefad-bourbon-sv","14":"pa_traefad-red-wine-sv","15":"pa_volume-70-sv-2","17":"first","18":"instock","19":"sale","20":"taxable","21":"shipping-taxable","22":"purchasable","23":"product-type-simple"},"bundled_by":[],"bundle_stock_status":"instock","bundle_stock_quantity":null,"bundle_virtual":false,"bundle_layout":"","bundle_add_to_cart_form_location":"","bundle_editable_in_cart":false,"bundle_sold_individually_context":"","bundle_item_grouping":"","bundle_min_size":"","bundle_max_size":"","bundle_price":[],"bundled_items":[],"bundle_sell_ids":[],"acf":[],"_links":{"self":[{"href":"https:\/\/www.raschvin.com\/sv\/wp-json\/wp\/v2\/product\/69322","targetHints":{"allow":["GET"]}}],"collection":[{"href":"https:\/\/www.raschvin.com\/sv\/wp-json\/wp\/v2\/product"}],"about":[{"href":"https:\/\/www.raschvin.com\/sv\/wp-json\/wp\/v2\/types\/product"}],"wp:featuredmedia":[{"embeddable":true,"href":"https:\/\/www.raschvin.com\/sv\/wp-json\/wp\/v2\/media\/69441"}],"wp:attachment":[{"href":"https:\/\/www.raschvin.com\/sv\/wp-json\/wp\/v2\/media?parent=69322"}],"wp:term":[{"taxonomy":"product_brand","embeddable":true,"href":"https:\/\/www.raschvin.com\/sv\/wp-json\/wp\/v2\/product_brand?post=69322"},{"taxonomy":"product_cat","embeddable":true,"href":"https:\/\/www.raschvin.com\/sv\/wp-json\/wp\/v2\/product_cat?post=69322"},{"taxonomy":"product_tag","embeddable":true,"href":"https:\/\/www.raschvin.com\/sv\/wp-json\/wp\/v2\/product_tag?post=69322"}],"curies":[{"name":"wp","href":"https:\/\/api.w.org\/{rel}","templated":true}]}}