{"id":68482,"date":"2024-10-03T09:12:45","date_gmt":"2024-10-03T07:12:45","guid":{"rendered":"https:\/\/www.raschvin.com\/produkt\/planteray-rum-pxxo-extra-old-20th-anniversary-pedro-ximenez-cask-finish-70-cl-40\/"},"modified":"2024-10-03T09:14:47","modified_gmt":"2024-10-03T07:14:47","slug":"planteray-rum-pxxo-extra-old-20th-anniversary-pedro-ximenez-cask-finish-70-cl-40","status":"publish","type":"product","link":"https:\/\/www.raschvin.com\/sv\/produkt\/planteray-rum-pxxo-extra-old-20th-anniversary-pedro-ximenez-cask-finish-70-cl-40\/","title":{"rendered":"Planteray Rum \u2013 PXXO Extra Old 20th Anniversary Pedro Ximenez Cask Finish 70 cl. 40%"},"content":{"rendered":"<p>Blandning av extra gammal rom, lagrad i olika fat inklusive nya vit ekfat och bourbonfat, f\u00f6rst lagrad i Karibien p\u00e5 Barbados, d\u00e4refter skeppad med b\u00e5t f\u00f6r en andra lagring i ex-Ferrand fat i sydv\u00e4stra Frankrike. Slutligen en finish p\u00e5 n\u00e5gra m\u00e5nader i ex-Pedro Ximenez fat fr\u00e5n Andalusien i sydv\u00e4stra Frankrike.<\/p>\n<p>\u00ab PXXO: Extra-gammal Barbados Rom, Pedro Ximenez fat Finish \u00bb V\u00e4rldens mest prisbel\u00f6nta rom med \u00f6ver 60 utm\u00e4rkelser f\u00f6r sin uts\u00f6kta kvalitet och hantverk, som lyfter fram Planteray Roms dubbel-lagring signatur. Planteray PXXO 20-\u00e5rs jubileumsrom tar det ett steg l\u00e4ngre. En hyllning till de fina Pedro Ximenez-husen i Andalusien, Spanien, genom att lagras en tredje g\u00e5ng i eleganta ex-Pedro Ximenez fat som ger en n\u00f6tig torkad russinmjuk finish till denna uts\u00f6kta sipping-rom.<\/p>\n<p>Denna hyllning till traditionella tekniker skapar en ny dimension f\u00f6r v\u00e5rt mest prisbel\u00f6nta uttryck och gl\u00e4djer b\u00e5de nya och trogna fans.<\/p>\n<p>\u2022 I enlighet med Planteray Roms traditionella stil lagras Planteray PXXO f\u00f6rst i ex-bourbonfat i Barbados tropiska klimat innan den transporteras till havs i dessa fat till sydv\u00e4stra Frankrike f\u00f6r en andra lagring i ex-Ferrand fat. En tredje lagring sker i ex-Pedro Ximenez fat i n\u00e5gra m\u00e5nader f\u00f6r att lyfta blandningen. \u2022 Planteray PXXO \u00e4r en rik och sammetslen sipping-rom med rika toner av kokos och vanilj, ackompanjerade av delikata aromer av tropiska frukter, kryddor och kaffe. \u2022 B\u00e4st att avnjutas ren eller med is tillsammans med dina v\u00e4nner.<\/p>\n<p>DOFT: S\u00d6TA OCH KRYDDIGA TONER AV KOKOS OCH VANILJ, F\u00d6LJT AV EN MER HONUNGSLIKNANDE K\u00c4NSLA MED INSPEL AV JULKAKA, KRYDDNEJLIKA OCH R\u00d6KELSE. TROPISKA FRUKTER SOM MANGO, BANAN \u00c4R ACKOMPANJERADE AV FINA TOBAKSTONER.<\/p>\n<p>SMAK: RIK OCH SAMMETSEN, MED TONER AV KOKOS, CHOKLAD OCH VANILJS\u00c5S. TONER AV KAFFE, DRUVSIRAP OCH ETT HINT AV CITRON. F\u00d6LJT AV PLUMMON, MANDLAR, K\u00d6RSB\u00c4R, INGEF\u00c4RA OCH KRYDDOR.<\/p>\n","protected":false},"excerpt":{"rendered":"<p>Product of Barbados \u2013 Bottled by Maison Ferrand<\/p>\n","protected":false},"featured_media":68488,"template":"","meta":{"_acf_changed":false,"rs_blank_template":"","rs_page_bg_color":"","slide_template_v7":""},"product_brand":[],"product_cat":[2387,8359,4634,2391],"product_tag":[],"class_list":{"0":"post-68482","1":"product","2":"type-product","3":"status-publish","4":"has-post-thumbnail","6":"product_cat-avec-sv","7":"product_cat-planteray-sv","8":"product_cat-premium-aged-sv","9":"product_cat-rom-sv","10":"pa_land-barbados-sv","11":"pa_procent-40-sv-2","12":"pa_producent-maison-ferrand-sv","13":"pa_volume-70-sv-2","15":"first","16":"instock","17":"taxable","18":"shipping-taxable","19":"purchasable","20":"product-type-simple"},"bundled_by":[],"bundle_stock_status":"instock","bundle_stock_quantity":null,"bundle_virtual":false,"bundle_layout":"","bundle_add_to_cart_form_location":"","bundle_editable_in_cart":false,"bundle_sold_individually_context":"","bundle_item_grouping":"","bundle_min_size":"","bundle_max_size":"","bundle_price":[],"bundled_items":[],"bundle_sell_ids":[],"acf":[],"_links":{"self":[{"href":"https:\/\/www.raschvin.com\/sv\/wp-json\/wp\/v2\/product\/68482","targetHints":{"allow":["GET"]}}],"collection":[{"href":"https:\/\/www.raschvin.com\/sv\/wp-json\/wp\/v2\/product"}],"about":[{"href":"https:\/\/www.raschvin.com\/sv\/wp-json\/wp\/v2\/types\/product"}],"wp:featuredmedia":[{"embeddable":true,"href":"https:\/\/www.raschvin.com\/sv\/wp-json\/wp\/v2\/media\/68488"}],"wp:attachment":[{"href":"https:\/\/www.raschvin.com\/sv\/wp-json\/wp\/v2\/media?parent=68482"}],"wp:term":[{"taxonomy":"product_brand","embeddable":true,"href":"https:\/\/www.raschvin.com\/sv\/wp-json\/wp\/v2\/product_brand?post=68482"},{"taxonomy":"product_cat","embeddable":true,"href":"https:\/\/www.raschvin.com\/sv\/wp-json\/wp\/v2\/product_cat?post=68482"},{"taxonomy":"product_tag","embeddable":true,"href":"https:\/\/www.raschvin.com\/sv\/wp-json\/wp\/v2\/product_tag?post=68482"}],"curies":[{"name":"wp","href":"https:\/\/api.w.org\/{rel}","templated":true}]}}