{"id":68253,"date":"2024-10-01T08:57:58","date_gmt":"2024-10-01T06:57:58","guid":{"rendered":"https:\/\/www.raschvin.com\/produkt\/fanti-olio-extra-vergine-di-oliva-olive-oil-35-cl\/"},"modified":"2024-10-01T08:57:58","modified_gmt":"2024-10-01T06:57:58","slug":"fanti-olio-extra-vergine-di-oliva-olive-oil-35-cl","status":"publish","type":"product","link":"https:\/\/www.raschvin.com\/sv\/produkt\/fanti-olio-extra-vergine-di-oliva-olive-oil-35-cl\/","title":{"rendered":"FANTI Olio Extra Vergine di Oliva (Olive oil) 35 cl."},"content":{"rendered":"<p>Volym: 500 ml<br \/>\nOmr\u00e5de: Castelnuovo dell&#8217;Abate, Montalcino<\/p>\n<p>Metod:<br \/>\nOlivenerna handplockas fr\u00e5n slutet av oktober till slutet av november. D\u00e4refter pressas de varsamt vid l\u00e5g temperatur (19\u201320 \u00b0C) senast 24 timmar efter sk\u00f6rd.<\/p>\n<p>Karakt\u00e4r:<br \/>\nF\u00e4rgen skiftar fr\u00e5n gr\u00f6naktig till gyllene n\u00e4r oljan \u00e5ldras. Den har en intensiv doft med gr\u00f6na toner som mildras \u00f6ver tiden. Smaken \u00e4r fyllig, med en antydan av krydda och l\u00e4tt bitterhet.<\/p>\n<p>L\u00e4mplig f\u00f6r:<br \/>\nSkaldjurssallad, r\u00e5a eller grillade gr\u00f6nsaker, pasta med k\u00f6tts\u00e5s, ljust eller grillat k\u00f6tt, fiskr\u00e4tter, varm kron\u00e4rtskocka och p\u00e5 bruschetta.<\/p>\n<p>Tenuta Fanti stoltserar med \u00f6ver 8 500 olivtr\u00e4d av de mest prestigefyllda toskanska sorterna (Correggiolo, Moraiolo, Leccino och Olivastra) samt en traditionell olivkvarn. Tack vare tr\u00e4dens h\u00f6ga l\u00e4ge, tidig sk\u00f6rd och snabb pressning av oliverna k\u00e4nnetecknas oljan av l\u00e5g syrahalt och en komplex smakprofil. N\u00e4r oljan mognar naturligt blir den mjukare i smaken och kan d\u00e4rf\u00f6r \u00e4ven anv\u00e4ndas till fiskr\u00e4tter.<\/p>\n","protected":false},"excerpt":{"rendered":"<p>Volym: 500 ml Omr\u00e5de: Castelnuovo dell&#8217;Abate, Montalcino Metod: Olivenerna handplockas fr\u00e5n slutet av oktober till slutet av november. D\u00e4refter pressas de varsamt vid l\u00e5g temperatur (19\u201320 \u00b0C) senast 24 timmar&#8230;<\/p>\n","protected":false},"featured_media":68271,"template":"","meta":{"_acf_changed":false,"rs_blank_template":"","rs_page_bg_color":"","slide_template_v7":""},"product_brand":[],"product_cat":[2753,2761],"product_tag":[],"class_list":{"0":"post-68253","1":"product","2":"type-product","3":"status-publish","4":"has-post-thumbnail","6":"product_cat-gaavor","7":"product_cat-tillbehoer","8":"pa_land-italien-sv","9":"pa_producent-tenuta-fanti-sv","10":"pa_region-montalcino-sv","11":"pa_volume-35-sv","13":"first","14":"instock","15":"sale","16":"taxable","17":"shipping-taxable","18":"purchasable","19":"product-type-simple"},"bundled_by":[],"bundle_stock_status":"instock","bundle_stock_quantity":null,"bundle_virtual":false,"bundle_layout":"","bundle_add_to_cart_form_location":"","bundle_editable_in_cart":false,"bundle_sold_individually_context":"","bundle_item_grouping":"","bundle_min_size":"","bundle_max_size":"","bundle_price":[],"bundled_items":[],"bundle_sell_ids":[],"acf":[],"_links":{"self":[{"href":"https:\/\/www.raschvin.com\/sv\/wp-json\/wp\/v2\/product\/68253","targetHints":{"allow":["GET"]}}],"collection":[{"href":"https:\/\/www.raschvin.com\/sv\/wp-json\/wp\/v2\/product"}],"about":[{"href":"https:\/\/www.raschvin.com\/sv\/wp-json\/wp\/v2\/types\/product"}],"wp:featuredmedia":[{"embeddable":true,"href":"https:\/\/www.raschvin.com\/sv\/wp-json\/wp\/v2\/media\/68271"}],"wp:attachment":[{"href":"https:\/\/www.raschvin.com\/sv\/wp-json\/wp\/v2\/media?parent=68253"}],"wp:term":[{"taxonomy":"product_brand","embeddable":true,"href":"https:\/\/www.raschvin.com\/sv\/wp-json\/wp\/v2\/product_brand?post=68253"},{"taxonomy":"product_cat","embeddable":true,"href":"https:\/\/www.raschvin.com\/sv\/wp-json\/wp\/v2\/product_cat?post=68253"},{"taxonomy":"product_tag","embeddable":true,"href":"https:\/\/www.raschvin.com\/sv\/wp-json\/wp\/v2\/product_tag?post=68253"}],"curies":[{"name":"wp","href":"https:\/\/api.w.org\/{rel}","templated":true}]}}