{"id":67524,"date":"2024-09-26T12:35:52","date_gmt":"2024-09-26T10:35:52","guid":{"rendered":"https:\/\/www.raschvin.com\/produkt\/abasolo-mexican-corn-whiskey-gift-set-w-nixta-corn-liqueur-7035-cl-3867\/"},"modified":"2024-09-26T12:35:52","modified_gmt":"2024-09-26T10:35:52","slug":"abasolo-mexican-corn-whiskey-gift-set-w-nixta-corn-liqueur-7035-cl-3867","status":"publish","type":"product","link":"https:\/\/www.raschvin.com\/sv\/produkt\/abasolo-mexican-corn-whiskey-gift-set-w-nixta-corn-liqueur-7035-cl-3867\/","title":{"rendered":"Abasolo Mexican Corn Whiskey Gift Set w\/ Nixta Corn Liqueur 70+35 cl. 38,67%"},"content":{"rendered":"<p>Bodega Abasolo Mexican Corn Whiskey Presentset med Nixta lik\u00f6r<\/p>\n<p>Bodega Abasolo El Whiskey De Mexico \u00e4r den f\u00f6rsta och enda majswhiskeyn som produceras och destilleras av 100% inhemsk mexikansk majs.<br \/>\nAbasolo whiskey tillverkas med en unik traditionell metod som anv\u00e4nder en kokteknik kallad nixtamalisering. Denna metod hj\u00e4lper till att lyfta fram de djupaste smakerna av cacahuazintle-majs, som endast v\u00e4xer p\u00e5 \u00f6ver 7 000 fot \u00f6ver havet och finns exklusivt i de h\u00f6gt bel\u00e4gna dalarna i delstaterna Mexiko, Tlaxcala och Puebla.<\/p>\n<p>Smaknoter: Abasolo whiskey \u00e4r en unik dryck med djupa toner av rostad majs, honung, vanilj, svart te och l\u00e4der, som framh\u00e4vs genom nixtamalisering.<\/p>\n<p>Jilo Old Fashioned<\/p>\n<p>2 delar: Abasolo Ancestral Corn Whisky<br \/>\n0,5 delar: Nixta Lik\u00f6r de Elote<br \/>\n3 st\u00e4nk Angostura Bitters<br \/>\nGlas: Rocks Glas<br \/>\nGarnering: Citron- och apelsintwist<br \/>\nG\u00f6r s\u00e5 h\u00e4r:<br \/>\nH\u00e4ll Abasolo, Nixta och bitters i ett r\u00f6rglas. Tills\u00e4tt is och r\u00f6r om tills det \u00e4r kallt och utsp\u00e4tt. Skala citrusskal \u00f6ver ett rocks-glas och tills\u00e4tt ny is. Sila drinken i glaset, rulla skalen till vackra spiraler och placera dekorationen p\u00e5 isen.<\/p>\n<p>Om Destilleriet<br \/>\nBodega Abasolo-destilleriet har vidareutvecklat sin expertis bortom tequila och skapat en anm\u00e4rkningsv\u00e4rd whiskey kallad Abasolo. Denna whiskey \u00e4r ett m\u00e4sterverk av innovation och tradition, som f\u00f6renar mexikanska r\u00f6tter med whiskeyns globala arv.<br \/>\nAbasolo whiskey \u00e4r unik p\u00e5 grund av sin huvudingrediens: majsmj\u00f6l. Destilleriet anv\u00e4nder bl\u00e5 majs, en gammal och \u00e4lskad gr\u00f6da i Mexiko, som ger whiskeyn en djup, komplex smak och en unik karakt\u00e4r. S\u00f6tman och den rika texturen fr\u00e5n majsen bidrar till en mjuk och kr\u00e4mig munk\u00e4nsla, samtidigt som whiskeyns lager av smaker och aromer framh\u00e4vs.<br \/>\nDestilleriets m\u00e4stare anv\u00e4nder sin expertis f\u00f6r att skapa Abasolo whiskey genom en blandning av traditionella och innovativa metoder. Destillationsprocessen \u00f6vervakas noggrant f\u00f6r att s\u00e4kerst\u00e4lla att varje droppe beh\u00e5ller den h\u00f6ga kvalitet och karakt\u00e4r som Abasolo \u00e4r k\u00e4nt f\u00f6r.<br \/>\nResultatet \u00e4r en whiskey som skiljer sig fr\u00e5n m\u00e4ngden med sin lena smak, komplexa aromer och djupa koppling till mexikansk kultur och tradition. Abasolo whiskey har v\u00e4lkomnats av whiskeyk\u00e4nnare v\u00e4rlden \u00f6ver och har etablerat sig som en av de mest sp\u00e4nnande nykomlingarna p\u00e5 whiskeyscenen.<\/p>\n","protected":false},"excerpt":{"rendered":"<p>From The Birthplace Of Corn<\/p>\n","protected":false},"featured_media":67650,"template":"","meta":{"_acf_changed":false,"rs_blank_template":"","rs_page_bg_color":"","slide_template_v7":""},"product_brand":[],"product_cat":[4716,2387,4765,2753,2758,2390,2392],"product_tag":[],"class_list":{"0":"post-67524","1":"product","2":"type-product","3":"status-publish","4":"has-post-thumbnail","6":"product_cat-andra-likorer","7":"product_cat-avec-sv","8":"product_cat-blended-sv","9":"product_cat-gaavor","10":"product_cat-provsmakning-set","11":"product_cat-sprit","12":"product_cat-whisky-sv","13":"pa_land-mexiko","14":"pa_procent-38-67-sv","15":"pa_producent-bodega-abasolo-sv","16":"pa_region-jilotepec-sv","17":"pa_serveringstemperatur-8-10-sv","18":"pa_volume-105-sv","20":"first","21":"instock","22":"sale","23":"taxable","24":"shipping-taxable","25":"purchasable","26":"product-type-simple"},"bundled_by":[],"bundle_stock_status":"instock","bundle_stock_quantity":null,"bundle_virtual":false,"bundle_layout":"","bundle_add_to_cart_form_location":"","bundle_editable_in_cart":false,"bundle_sold_individually_context":"","bundle_item_grouping":"","bundle_min_size":"","bundle_max_size":"","bundle_price":[],"bundled_items":[],"bundle_sell_ids":[],"acf":[],"_links":{"self":[{"href":"https:\/\/www.raschvin.com\/sv\/wp-json\/wp\/v2\/product\/67524","targetHints":{"allow":["GET"]}}],"collection":[{"href":"https:\/\/www.raschvin.com\/sv\/wp-json\/wp\/v2\/product"}],"about":[{"href":"https:\/\/www.raschvin.com\/sv\/wp-json\/wp\/v2\/types\/product"}],"wp:featuredmedia":[{"embeddable":true,"href":"https:\/\/www.raschvin.com\/sv\/wp-json\/wp\/v2\/media\/67650"}],"wp:attachment":[{"href":"https:\/\/www.raschvin.com\/sv\/wp-json\/wp\/v2\/media?parent=67524"}],"wp:term":[{"taxonomy":"product_brand","embeddable":true,"href":"https:\/\/www.raschvin.com\/sv\/wp-json\/wp\/v2\/product_brand?post=67524"},{"taxonomy":"product_cat","embeddable":true,"href":"https:\/\/www.raschvin.com\/sv\/wp-json\/wp\/v2\/product_cat?post=67524"},{"taxonomy":"product_tag","embeddable":true,"href":"https:\/\/www.raschvin.com\/sv\/wp-json\/wp\/v2\/product_tag?post=67524"}],"curies":[{"name":"wp","href":"https:\/\/api.w.org\/{rel}","templated":true}]}}