{"id":67450,"date":"2024-09-26T08:47:03","date_gmt":"2024-09-26T06:47:03","guid":{"rendered":"https:\/\/www.raschvin.com\/produkt\/five-farms-irish-cream-liqueur-70-cl-17\/"},"modified":"2024-09-26T08:47:03","modified_gmt":"2024-09-26T06:47:03","slug":"five-farms-irish-cream-liqueur-70-cl-17","status":"publish","type":"product","link":"https:\/\/www.raschvin.com\/sv\/produkt\/five-farms-irish-cream-liqueur-70-cl-17\/","title":{"rendered":"Five Farms Irish Cream Liqueur 70 cl. 17%"},"content":{"rendered":"<p>V\u00c4RLDENS B\u00c4STA IRISH CREAM LIQUEUR<br \/>\nBara m\u00e5nader efter sin lansering vann Five Farms Chairman\u2019s Trophy vid 2018 Ultimate Spirits Challenge med en po\u00e4ng p\u00e5 97, det h\u00f6gsta betyget som n\u00e5gonsin tilldelats en Irish cream lik\u00f6r i denna prestigefyllda spritt\u00e4vling. Sedan dess har varum\u00e4rket erh\u00e5llit m\u00e5nga ytterligare utm\u00e4rkelser f\u00f6r kvalitet, smak, design och innovation.<\/p>\n<p>97 Po\u00e4ng: Extraordin\u00e4r, Ultimat Rekommendation<br \/>\nEn inbjudande doft av sm\u00f6rkola, karamellfondue och vaniljst\u00e5ng str\u00f6mmar ur glaset. Den fylliga smaken t\u00e4cker munnen med toner av kaffe med f\u00e4rsk gr\u00e4dde, dulce de leche, kokos, l\u00f6nnsirap och belgiska v\u00e5fflor. En intensivt tillfredsst\u00e4llande lik\u00f6r efter middagen, som kan ers\u00e4tta desserten.<\/p>\n<p>FR\u00c5N G\u00c5RD TILL BORD<br \/>\nFive Farms \u00e4r en \u00e4kta &#8221;fr\u00e5n g\u00e5rd till bord&#8221;-produkt, skapad av enskilda satser av f\u00e4rsk gr\u00e4dde som kombineras med premium irl\u00e4ndsk whiskey inom 48 timmar efter insamling f\u00f6r att bli en autentisk Irish cream lik\u00f6r. Gr\u00e4dden h\u00e4mtas uteslutande fr\u00e5n fem familje\u00e4gda g\u00e5rdar i County Cork, drivna av familjer med en djup koppling till jorden och en passion f\u00f6r sitt hantverk.<\/p>\n<p>GJORD MED DE FINASTE INGREDIENSERNA<\/p>\n<p>Enkelsatsgr\u00e4dde &#8211;<br \/>\nFive Farms \u00e4r gjord med den rikaste mj\u00f6lkgr\u00e4dden, len och s\u00f6t och lyxig. Det milda klimatet och de rikliga regnm\u00e4ngderna i County Cork resulterar i b\u00f6rdiga jordar f\u00f6r mj\u00f6lkkor, som spenderar sina dagar i den friska havsluften och betar p\u00e5 frodigt gr\u00f6nt gr\u00e4s.<br \/>\nDe &#8221;glada korna&#8221; i County Cork producerar mj\u00f6lk av h\u00f6gsta kvalitet, och insamlingen i enskilda satser s\u00e4kerst\u00e4ller att Five Farms b\u00f6rjar med en rik och kr\u00e4mig basprodukt som \u00e4r konsekvent fr\u00e5n batch till batch.<\/p>\n<p>Irl\u00e4ndsk whiskey &#8211;<br \/>\nCounty Cork \u00e4r ocks\u00e5 hem f\u00f6r \u00e5rhundraden av traditionell destillering av autentisk irl\u00e4ndsk whiskey. De pot stills som traditionellt anv\u00e4nds vid destillationen gav whiskyn en tidl\u00f6s konsistens. Premium trippeldestillerad irl\u00e4ndsk whiskey har en mjukhet och komplexitet som tillf\u00f6r djup till gr\u00e4ddens s\u00f6tma.<br \/>\nFive Farms inneh\u00e5ller tio g\u00e5nger s\u00e5 mycket irl\u00e4ndsk whiskey som vanliga Irish creams, vilket g\u00f6r att den sticker ut i kategorin och ger en intensitet av whiskeysmak och v\u00e4rme som \u00e4r helt unik. Resultatet \u00e4r en \u00f6verl\u00e4gsen Irish cream lik\u00f6r med en rikedom som \u00e5terspeglar Irland sj\u00e4lvt.<\/p>\n<p>AUTENTISK F\u00d6RPACKNING<br \/>\nFive Farms-flaskan \u00e4r en bredmunnad glasflaska med pr\u00e4glade detaljer och en keramisk svingkork, i en stil som g\u00e5r tillbaka till tidigt 1900-tal. Flaskan b\u00e4rs av ett metallhandtag som \u00e4r l\u00e4tt att transportera och anspelar p\u00e5 gamla mj\u00f6lkflaskor. Det svarta glaset ger en elegant presentation och g\u00f6r att flaskan antingen kan \u00e5teranv\u00e4ndas eller \u00e5tervinnas.<\/p>\n<p>Produkten levereras i l\u00e5dor med nio flaskor, vilket m\u00f6jligg\u00f6r leverans i en fyrkantig l\u00e5da som p\u00e5minner om de gamla tr\u00e4mj\u00f6lkkistorna fr\u00e5n f\u00f6rr. Butiksdisplayer inkluderar repliker av de metallmj\u00f6lkkannor som \u00e4r symboliska f\u00f6r Irland, fr\u00e5n deras traditionella anv\u00e4ndning inom mejerijordbruk till deras moderna n\u00e4rvaro \u00f6ver hela den irl\u00e4ndska landsbygden, anv\u00e4nda som blomsterkrukor eller konstverk vid v\u00e4gkanten.<\/p>\n","protected":false},"excerpt":{"rendered":"<p>Single Batch Irish Cream Liqueur <\/p>\n","protected":false},"featured_media":67478,"template":"","meta":{"_acf_changed":false,"rs_blank_template":"","rs_page_bg_color":"","slide_template_v7":""},"product_brand":[],"product_cat":[2387,4673,2390,4682],"product_tag":[],"class_list":{"0":"post-67450","1":"product","2":"type-product","3":"status-publish","4":"has-post-thumbnail","6":"product_cat-avec-sv","7":"product_cat-creme-sv","8":"product_cat-sprit","9":"product_cat-whiskylikor","10":"pa_land-irland-sv","11":"pa_procent-17-sv","12":"pa_producent-county-cork-distillers-sv","13":"pa_region-county-cork-sv","14":"pa_serveringstemperatur-8-10-sv","15":"pa_volume-70-sv-2","17":"first","18":"instock","19":"sale","20":"featured","21":"taxable","22":"shipping-taxable","23":"purchasable","24":"product-type-simple"},"bundled_by":[],"bundle_stock_status":"instock","bundle_stock_quantity":null,"bundle_virtual":false,"bundle_layout":"","bundle_add_to_cart_form_location":"","bundle_editable_in_cart":false,"bundle_sold_individually_context":"","bundle_item_grouping":"","bundle_min_size":"","bundle_max_size":"","bundle_price":[],"bundled_items":[],"bundle_sell_ids":[],"acf":[],"_links":{"self":[{"href":"https:\/\/www.raschvin.com\/sv\/wp-json\/wp\/v2\/product\/67450","targetHints":{"allow":["GET"]}}],"collection":[{"href":"https:\/\/www.raschvin.com\/sv\/wp-json\/wp\/v2\/product"}],"about":[{"href":"https:\/\/www.raschvin.com\/sv\/wp-json\/wp\/v2\/types\/product"}],"wp:featuredmedia":[{"embeddable":true,"href":"https:\/\/www.raschvin.com\/sv\/wp-json\/wp\/v2\/media\/67478"}],"wp:attachment":[{"href":"https:\/\/www.raschvin.com\/sv\/wp-json\/wp\/v2\/media?parent=67450"}],"wp:term":[{"taxonomy":"product_brand","embeddable":true,"href":"https:\/\/www.raschvin.com\/sv\/wp-json\/wp\/v2\/product_brand?post=67450"},{"taxonomy":"product_cat","embeddable":true,"href":"https:\/\/www.raschvin.com\/sv\/wp-json\/wp\/v2\/product_cat?post=67450"},{"taxonomy":"product_tag","embeddable":true,"href":"https:\/\/www.raschvin.com\/sv\/wp-json\/wp\/v2\/product_tag?post=67450"}],"curies":[{"name":"wp","href":"https:\/\/api.w.org\/{rel}","templated":true}]}}