{"id":67446,"date":"2024-09-26T08:36:37","date_gmt":"2024-09-26T06:36:37","guid":{"rendered":"https:\/\/www.raschvin.com\/produkt\/arette-artesanal-suave-anejo-tequila-70-cl-38\/"},"modified":"2024-09-26T08:36:37","modified_gmt":"2024-09-26T06:36:37","slug":"arette-artesanal-suave-anejo-tequila-70-cl-38","status":"publish","type":"product","link":"https:\/\/www.raschvin.com\/sv\/produkt\/arette-artesanal-suave-anejo-tequila-70-cl-38\/","title":{"rendered":"Arette Artesanal Suave A\u00f1ejo Tequila 70 cl. 38%"},"content":{"rendered":"<p>Arette \u00e4r ett Tequila-varum\u00e4rke som produceras av familjen Orendain. De nuvarande masterdestillat\u00f6rerna representerar den femte generationen som tillverkar tequila. Gjord p\u00e5 100% l\u00e5glandsagave odlad p\u00e5 deras egen g\u00e5rd, har Arette alltid prioriterat kvalitet framf\u00f6r kvantitet och bevarat de ursprungliga hantverksmetoderna. Efter 15 timmars rostning i tegelugnar krossas agaven och j\u00e4ser med en egenutvecklad j\u00e4ststam i destilleriets ursprungliga cementkar, och destilleras slutligen i pot stills. A\u00f1ejon vilar i ex-bourbonfat i 20 m\u00e5nader.<\/p>\n<p>Mjuk och len kropp med en fantastisk bukett. Citrus, torkat gr\u00e4s och inslag av torkade tropiska frukter, inklusive mandel och valn\u00f6t samt vanilj. En l\u00e5ng avslutning med toner av n\u00f6tig svartpeppar. Elegant och komplex.<\/p>\n<p>En m\u00f6rk och komplex A\u00f1ejo med rika aromer av farinsocker och bakningskryddor. Den raffinerade smaken framh\u00e4ver agavekvaliteten med ett inslag av krydda i avslutningen.<\/p>\n<p>Land:<br \/>\nMexiko<br \/>\nStilltyp:<br \/>\nRostfria st\u00e5l pot stills med en kopparkondensor<br \/>\nStill storlek:<br \/>\n2 500L<br \/>\nDestillation:<br \/>\nDubbel<br \/>\nFatlagring:<br \/>\nEx-bourbonfat<br \/>\nMognad:<br \/>\nLagrat i 20 m\u00e5nader<br \/>\nDestillat\u00f6rernas namn:<br \/>\nEduardo &#038; Jaime Orendain<br \/>\nAvslutning:<br \/>\nVilat i neutrala tankar i 60 dagar, sedan buteljerat utan kylfiltrering<br \/>\nProducentens webbplats:<br \/>\nhttps:\/\/www.tequilaarette.com\/<\/p>\n","protected":false},"excerpt":{"rendered":"<p>Product of Mexico<\/p>\n","protected":false},"featured_media":67472,"template":"","meta":{"_acf_changed":false,"rs_blank_template":"","rs_page_bg_color":"","slide_template_v7":""},"product_brand":[],"product_cat":[2402,2408],"product_tag":[],"class_list":{"0":"post-67446","1":"product","2":"type-product","3":"status-publish","4":"has-post-thumbnail","6":"product_cat-sprit-sv","7":"product_cat-tequila-mescal-sv","8":"pa_land-mexiko","9":"pa_procent-38-sv","10":"pa_producent-arette-sv","11":"pa_region-jalisco-sv","12":"pa_volume-70-sv-2","14":"first","15":"instock","16":"sale","17":"taxable","18":"shipping-taxable","19":"purchasable","20":"product-type-simple"},"bundled_by":[],"bundle_stock_status":"instock","bundle_stock_quantity":null,"bundle_virtual":false,"bundle_layout":"","bundle_add_to_cart_form_location":"","bundle_editable_in_cart":false,"bundle_sold_individually_context":"","bundle_item_grouping":"","bundle_min_size":"","bundle_max_size":"","bundle_price":[],"bundled_items":[],"bundle_sell_ids":[],"acf":[],"_links":{"self":[{"href":"https:\/\/www.raschvin.com\/sv\/wp-json\/wp\/v2\/product\/67446","targetHints":{"allow":["GET"]}}],"collection":[{"href":"https:\/\/www.raschvin.com\/sv\/wp-json\/wp\/v2\/product"}],"about":[{"href":"https:\/\/www.raschvin.com\/sv\/wp-json\/wp\/v2\/types\/product"}],"wp:featuredmedia":[{"embeddable":true,"href":"https:\/\/www.raschvin.com\/sv\/wp-json\/wp\/v2\/media\/67472"}],"wp:attachment":[{"href":"https:\/\/www.raschvin.com\/sv\/wp-json\/wp\/v2\/media?parent=67446"}],"wp:term":[{"taxonomy":"product_brand","embeddable":true,"href":"https:\/\/www.raschvin.com\/sv\/wp-json\/wp\/v2\/product_brand?post=67446"},{"taxonomy":"product_cat","embeddable":true,"href":"https:\/\/www.raschvin.com\/sv\/wp-json\/wp\/v2\/product_cat?post=67446"},{"taxonomy":"product_tag","embeddable":true,"href":"https:\/\/www.raschvin.com\/sv\/wp-json\/wp\/v2\/product_tag?post=67446"}],"curies":[{"name":"wp","href":"https:\/\/api.w.org\/{rel}","templated":true}]}}