{"id":67442,"date":"2024-09-26T08:25:28","date_gmt":"2024-09-26T06:25:28","guid":{"rendered":"https:\/\/www.raschvin.com\/produkt\/se-busca-joven-madrecuishe-mescal-70-cl-45\/"},"modified":"2024-09-26T08:25:28","modified_gmt":"2024-09-26T06:25:28","slug":"se-busca-joven-madrecuishe-mescal-70-cl-45","status":"publish","type":"product","link":"https:\/\/www.raschvin.com\/sv\/produkt\/se-busca-joven-madrecuishe-mescal-70-cl-45\/","title":{"rendered":"Se Busca Joven Madrecuishe Mescal 70 cl. 45%"},"content":{"rendered":"<p>Se Busca Joven Madrecuishe Mezcal \u00e4r ett anm\u00e4rkningsv\u00e4rt och hantverksm\u00e4ssigt uttryck f\u00f6r mexikansk mezcal, tillverkat med stor omsorg och tradition. Gjord p\u00e5 100% Madrecuishe-agave, som tar cirka 12 \u00e5r att mogna innan sk\u00f6rd, f\u00f6rkroppsligar denna mezcal essensen av Oaxaca-regionen. Namnet &#8221;Se Busca&#8221; betyder &#8221;Efterlyst&#8221;, och denna mezcal \u00e4r verkligen eftertraktad av dem som uppskattar det rika kulturarvet och de uts\u00f6kta smakerna av denna ber\u00f6mda dryck.<\/p>\n<p>Doft: Mjukt vegetabilisk och jordig. Det finns gr\u00f6nare, blommiga toner som dr\u00f6jer i bakgrunden. Med tiden k\u00e4nner jag en mild r\u00f6kighet och kakaonibs.<\/p>\n<p>Smak: Kr\u00e4mig och fyllig. Jag finner den faktiskt n\u00e5got r\u00f6kig och tuggig i karakt\u00e4r. H\u00e4rligt! Vitpeppar och ingef\u00e4ra. R\u00f6da b\u00e4r.<\/p>\n<p>Eftersmak: Medium till kort eftersmak. R\u00f6da b\u00e4r, mj\u00f6lkchoklad och jordig kakao.<\/p>\n<p>Maguey Madrecuishe (Madre-Cuixe, Madrecuixe) \u00e4r en del av Karwinskii-familjen som ocks\u00e5 inkluderar agave Cuishe, Cirial och Tobasiche. Den v\u00e4xer fr\u00e4mst i torra klimat och har vanligtvis en h\u00f6g, cylindrisk form. P\u00e5 grund av agavens t\u00e4ta k\u00e4rna och l\u00e5ga vatteninneh\u00e5ll har mezcal gjord p\u00e5 Madre-Cuishe-agave typiskt en h\u00f6g mineralitet med vegetabiliska och blommiga toner.<\/p>\n","protected":false},"excerpt":{"rendered":"<p>Hecho en Oaxaca &#8211; Mexico<\/p>\n","protected":false},"featured_media":67505,"template":"","meta":{"_acf_changed":false,"rs_blank_template":"","rs_page_bg_color":"","slide_template_v7":""},"product_brand":[],"product_cat":[2402,2408],"product_tag":[],"class_list":{"0":"post-67442","1":"product","2":"type-product","3":"status-publish","4":"has-post-thumbnail","6":"product_cat-sprit-sv","7":"product_cat-tequila-mescal-sv","8":"pa_land-mexiko","9":"pa_procent-45-sv","10":"pa_producent-se-busca-sv","11":"pa_region-oaxaca-sv","12":"pa_volume-70-sv-2","14":"first","15":"instock","16":"sale","17":"taxable","18":"shipping-taxable","19":"purchasable","20":"product-type-simple"},"bundled_by":[],"bundle_stock_status":"instock","bundle_stock_quantity":null,"bundle_virtual":false,"bundle_layout":"","bundle_add_to_cart_form_location":"","bundle_editable_in_cart":false,"bundle_sold_individually_context":"","bundle_item_grouping":"","bundle_min_size":"","bundle_max_size":"","bundle_price":[],"bundled_items":[],"bundle_sell_ids":[],"acf":[],"_links":{"self":[{"href":"https:\/\/www.raschvin.com\/sv\/wp-json\/wp\/v2\/product\/67442","targetHints":{"allow":["GET"]}}],"collection":[{"href":"https:\/\/www.raschvin.com\/sv\/wp-json\/wp\/v2\/product"}],"about":[{"href":"https:\/\/www.raschvin.com\/sv\/wp-json\/wp\/v2\/types\/product"}],"wp:featuredmedia":[{"embeddable":true,"href":"https:\/\/www.raschvin.com\/sv\/wp-json\/wp\/v2\/media\/67505"}],"wp:attachment":[{"href":"https:\/\/www.raschvin.com\/sv\/wp-json\/wp\/v2\/media?parent=67442"}],"wp:term":[{"taxonomy":"product_brand","embeddable":true,"href":"https:\/\/www.raschvin.com\/sv\/wp-json\/wp\/v2\/product_brand?post=67442"},{"taxonomy":"product_cat","embeddable":true,"href":"https:\/\/www.raschvin.com\/sv\/wp-json\/wp\/v2\/product_cat?post=67442"},{"taxonomy":"product_tag","embeddable":true,"href":"https:\/\/www.raschvin.com\/sv\/wp-json\/wp\/v2\/product_tag?post=67442"}],"curies":[{"name":"wp","href":"https:\/\/api.w.org\/{rel}","templated":true}]}}