{"id":67344,"date":"2024-09-25T09:41:46","date_gmt":"2024-09-25T07:41:46","guid":{"rendered":"https:\/\/www.raschvin.com\/produkt\/punch-club-pina-colada-bib-150-cl-125\/"},"modified":"2024-09-25T09:45:43","modified_gmt":"2024-09-25T07:45:43","slug":"punch-club-pina-colada-bib-150-cl-125","status":"publish","type":"product","link":"https:\/\/www.raschvin.com\/sv\/produkt\/punch-club-pina-colada-bib-150-cl-125\/","title":{"rendered":"Punch Club \u2013 Pi\u00f1a Colada BIB 150 cl. 12,5%"},"content":{"rendered":"<p>En kr\u00e4mig blandning av rom, kokos och ananas som p\u00e5minner om de s\u00f6ta karibiska dr\u00f6mmarna i varje klunk. H\u00e4ll bara \u00f6ver is och njut av den klassiska tropiska smaken.<\/p>\n<p>F\u00f6rpackad i en h\u00e5llbar 1,5 liters bag-in-box, perfekt f\u00f6r fester och sammankomster d\u00e4r goda cocktails och bekv\u00e4mlighet g\u00e5r hand i hand.<\/p>\n","protected":false},"excerpt":{"rendered":"<p>Ready to Serve Cocktail \u2013 Pre Mixed<\/p>\n","protected":false},"featured_media":67350,"template":"","meta":{"_acf_changed":false,"rs_blank_template":"","rs_page_bg_color":"","slide_template_v7":""},"product_brand":[],"product_cat":[2402,4590],"product_tag":[],"class_list":{"0":"post-67344","1":"product","2":"type-product","3":"status-publish","4":"has-post-thumbnail","6":"product_cat-sprit-sv","7":"product_cat-ready-to-drink-sv","8":"pa_land-estland-sv","9":"pa_procent-12-5-sv","10":"pa_producent-punch-club-sv","11":"pa_serveringstemperatur-8-10-sv","12":"pa_volume-150-sv","14":"first","15":"instock","16":"sale","17":"taxable","18":"shipping-taxable","19":"purchasable","20":"product-type-simple"},"bundled_by":[],"bundle_stock_status":"instock","bundle_stock_quantity":null,"bundle_virtual":false,"bundle_layout":"","bundle_add_to_cart_form_location":"","bundle_editable_in_cart":false,"bundle_sold_individually_context":"","bundle_item_grouping":"","bundle_min_size":"","bundle_max_size":"","bundle_price":[],"bundled_items":[],"bundle_sell_ids":[],"acf":[],"_links":{"self":[{"href":"https:\/\/www.raschvin.com\/sv\/wp-json\/wp\/v2\/product\/67344","targetHints":{"allow":["GET"]}}],"collection":[{"href":"https:\/\/www.raschvin.com\/sv\/wp-json\/wp\/v2\/product"}],"about":[{"href":"https:\/\/www.raschvin.com\/sv\/wp-json\/wp\/v2\/types\/product"}],"wp:featuredmedia":[{"embeddable":true,"href":"https:\/\/www.raschvin.com\/sv\/wp-json\/wp\/v2\/media\/67350"}],"wp:attachment":[{"href":"https:\/\/www.raschvin.com\/sv\/wp-json\/wp\/v2\/media?parent=67344"}],"wp:term":[{"taxonomy":"product_brand","embeddable":true,"href":"https:\/\/www.raschvin.com\/sv\/wp-json\/wp\/v2\/product_brand?post=67344"},{"taxonomy":"product_cat","embeddable":true,"href":"https:\/\/www.raschvin.com\/sv\/wp-json\/wp\/v2\/product_cat?post=67344"},{"taxonomy":"product_tag","embeddable":true,"href":"https:\/\/www.raschvin.com\/sv\/wp-json\/wp\/v2\/product_tag?post=67344"}],"curies":[{"name":"wp","href":"https:\/\/api.w.org\/{rel}","templated":true}]}}