{"id":67341,"date":"2024-09-25T09:36:53","date_gmt":"2024-09-25T07:36:53","guid":{"rendered":"https:\/\/www.raschvin.com\/produkt\/punch-club-passionfruit-mojito-bib-150-cl-125\/"},"modified":"2024-09-25T09:36:53","modified_gmt":"2024-09-25T07:36:53","slug":"punch-club-passionfruit-mojito-bib-150-cl-125","status":"publish","type":"product","link":"https:\/\/www.raschvin.com\/sv\/produkt\/punch-club-passionfruit-mojito-bib-150-cl-125\/","title":{"rendered":"Punch Club \u2013 Passionfruit Mojito BIB 150 cl. 12,5%"},"content":{"rendered":"<p>En uppfriskande tropisk twist p\u00e5 den klassiska romcocktailen med en smakexplosion av passionsfrukt. F\u00f6r b\u00e4sta upplevelse, tills\u00e4tt bara en skv\u00e4tt vatten, lite is och din favoritgarnityr.<\/p>\n<p>F\u00f6rpackad i en h\u00e5llbar 1,5L bag-in-box, perfekt f\u00f6r fester och sammankomster d\u00e4r goda cocktails och bekv\u00e4mlighet g\u00e5r hand i hand.<\/p>\n","protected":false},"excerpt":{"rendered":"<p>Ready to Serve Cocktail \u2013 Pre Mixed<\/p>\n","protected":false},"featured_media":67347,"template":"","meta":{"_acf_changed":false,"rs_blank_template":"","rs_page_bg_color":"","slide_template_v7":""},"product_brand":[],"product_cat":[4590,2402],"product_tag":[],"class_list":{"0":"post-67341","1":"product","2":"type-product","3":"status-publish","4":"has-post-thumbnail","6":"product_cat-ready-to-drink-sv","7":"product_cat-sprit-sv","8":"pa_land-estland-sv","9":"pa_procent-12-5-sv","10":"pa_producent-punch-club-sv","11":"pa_serveringstemperatur-8-10-sv","12":"pa_volume-150-sv","14":"first","15":"instock","16":"sale","17":"taxable","18":"shipping-taxable","19":"purchasable","20":"product-type-simple"},"bundled_by":[],"bundle_stock_status":"instock","bundle_stock_quantity":null,"bundle_virtual":false,"bundle_layout":"","bundle_add_to_cart_form_location":"","bundle_editable_in_cart":false,"bundle_sold_individually_context":"","bundle_item_grouping":"","bundle_min_size":"","bundle_max_size":"","bundle_price":[],"bundled_items":[],"bundle_sell_ids":[],"acf":[],"_links":{"self":[{"href":"https:\/\/www.raschvin.com\/sv\/wp-json\/wp\/v2\/product\/67341","targetHints":{"allow":["GET"]}}],"collection":[{"href":"https:\/\/www.raschvin.com\/sv\/wp-json\/wp\/v2\/product"}],"about":[{"href":"https:\/\/www.raschvin.com\/sv\/wp-json\/wp\/v2\/types\/product"}],"wp:featuredmedia":[{"embeddable":true,"href":"https:\/\/www.raschvin.com\/sv\/wp-json\/wp\/v2\/media\/67347"}],"wp:attachment":[{"href":"https:\/\/www.raschvin.com\/sv\/wp-json\/wp\/v2\/media?parent=67341"}],"wp:term":[{"taxonomy":"product_brand","embeddable":true,"href":"https:\/\/www.raschvin.com\/sv\/wp-json\/wp\/v2\/product_brand?post=67341"},{"taxonomy":"product_cat","embeddable":true,"href":"https:\/\/www.raschvin.com\/sv\/wp-json\/wp\/v2\/product_cat?post=67341"},{"taxonomy":"product_tag","embeddable":true,"href":"https:\/\/www.raschvin.com\/sv\/wp-json\/wp\/v2\/product_tag?post=67341"}],"curies":[{"name":"wp","href":"https:\/\/api.w.org\/{rel}","templated":true}]}}