{"id":67288,"date":"2024-09-25T08:38:44","date_gmt":"2024-09-25T06:38:44","guid":{"rendered":"https:\/\/www.raschvin.com\/produkt\/hernoe-sloe-gin-eco-50-cl-30\/"},"modified":"2024-09-25T08:38:44","modified_gmt":"2024-09-25T06:38:44","slug":"hernoe-sloe-gin-eco-50-cl-30","status":"publish","type":"product","link":"https:\/\/www.raschvin.com\/sv\/produkt\/hernoe-sloe-gin-eco-50-cl-30\/","title":{"rendered":"Hern\u00f6 Sloe Gin (ECO) 50 cl. 30%"},"content":{"rendered":"<p>Hern\u00f6 Sloe Gin \u00e4r gjord p\u00e5 Hern\u00f6 Dry Gin som har infuserats med ekologiska sl\u00e5nb\u00e4r, som en traditionell Sloe Gin. En rubinr\u00f6d dr\u00f6m som mognat i tre m\u00e5nader tillsammans med mogna b\u00e4r. Slutligen s\u00f6tad f\u00f6r att uppn\u00e5 den perfekta balansen mellan sl\u00e5nb\u00e4rens milda torrhet och Hern\u00f6 Gins blommiga friskhet. Avnjuts f\u00f6r sig sj\u00e4lv eller i en Gin och Tonic. Producerad i omg\u00e5ngar om cirka 1 800 flaskor, 30 % vol.<\/p>\n<p>Doft<br \/>\nMjuk, blommig sl\u00e5nb\u00e4rsdoft med en mild s\u00f6tma av vanilj. Ett inslag av n\u00f6tighet och mjuka tr\u00e4iga toner.<\/p>\n<p>Avslut<br \/>\nToner av torkade blommor och h\u00f6 tillsammans med en kr\u00e4mig n\u00f6tighet och torra b\u00e4r. Mjuk, l\u00e5ngvarig och med en liten syrlighet.<\/p>\n<p>Smak<br \/>\nEn syltig s\u00f6tma f\u00f6rst, f\u00f6ljt av en gradvis torrare och syrligare smak. Noter av \u00e4lg\u00f6rt med en blommig kr\u00e4mighet.<\/p>\n<p>Hern\u00f6 Gin \u00e4r en ekologisk gin inspirerad av naturen i V\u00e4rldsarvet H\u00f6ga Kusten i Sverige och tillverkad med ekologiska v\u00e4xter fr\u00e5n hela v\u00e4rlden, ekologisk sprit gjord p\u00e5 svenskt vete och vatten fr\u00e5n v\u00e5r egen brunn i Dala.<\/p>\n","protected":false},"excerpt":{"rendered":"<p>Handcrafted Scandinavian Organic Gin<\/p>\n","protected":false},"featured_media":67307,"template":"","meta":{"_acf_changed":false,"rs_blank_template":"","rs_page_bg_color":"","slide_template_v7":""},"product_brand":[],"product_cat":[2404,4691,2402],"product_tag":[],"class_list":{"0":"post-67288","1":"product","2":"type-product","3":"status-publish","4":"has-post-thumbnail","6":"product_cat-gin-sv","7":"product_cat-sloe-gin-sv","8":"product_cat-sprit-sv","9":"pa_land-sverige-sv","10":"pa_oekologisk-yes-sv","11":"pa_procent-30-sv","12":"pa_producent-hernoe-destilleri-sv","13":"pa_region-haernoesand-sv","14":"pa_volume-50-sv","16":"first","17":"instock","18":"sale","19":"taxable","20":"shipping-taxable","21":"purchasable","22":"product-type-simple"},"bundled_by":["117231"],"bundle_stock_status":"instock","bundle_stock_quantity":null,"bundle_virtual":false,"bundle_layout":"","bundle_add_to_cart_form_location":"","bundle_editable_in_cart":false,"bundle_sold_individually_context":"","bundle_item_grouping":"","bundle_min_size":"","bundle_max_size":"","bundle_price":[],"bundled_items":[],"bundle_sell_ids":[],"acf":[],"_links":{"self":[{"href":"https:\/\/www.raschvin.com\/sv\/wp-json\/wp\/v2\/product\/67288","targetHints":{"allow":["GET"]}}],"collection":[{"href":"https:\/\/www.raschvin.com\/sv\/wp-json\/wp\/v2\/product"}],"about":[{"href":"https:\/\/www.raschvin.com\/sv\/wp-json\/wp\/v2\/types\/product"}],"wp:featuredmedia":[{"embeddable":true,"href":"https:\/\/www.raschvin.com\/sv\/wp-json\/wp\/v2\/media\/67307"}],"wp:attachment":[{"href":"https:\/\/www.raschvin.com\/sv\/wp-json\/wp\/v2\/media?parent=67288"}],"wp:term":[{"taxonomy":"product_brand","embeddable":true,"href":"https:\/\/www.raschvin.com\/sv\/wp-json\/wp\/v2\/product_brand?post=67288"},{"taxonomy":"product_cat","embeddable":true,"href":"https:\/\/www.raschvin.com\/sv\/wp-json\/wp\/v2\/product_cat?post=67288"},{"taxonomy":"product_tag","embeddable":true,"href":"https:\/\/www.raschvin.com\/sv\/wp-json\/wp\/v2\/product_tag?post=67288"}],"curies":[{"name":"wp","href":"https:\/\/api.w.org\/{rel}","templated":true}]}}