{"id":67279,"date":"2024-09-25T08:20:38","date_gmt":"2024-09-25T06:20:38","guid":{"rendered":"https:\/\/www.raschvin.com\/produkt\/west-cork-maritime-series-rum-cask-70-cl-46\/"},"modified":"2024-09-25T08:20:38","modified_gmt":"2024-09-25T06:20:38","slug":"west-cork-maritime-series-rum-cask-70-cl-46","status":"publish","type":"product","link":"https:\/\/www.raschvin.com\/sv\/produkt\/west-cork-maritime-series-rum-cask-70-cl-46\/","title":{"rendered":"West Cork &#8211; Maritime Series Rum Cask 70 cl. 46%"},"content":{"rendered":"<p>F\u00f6dd ur ett samtal och grundarna Ger och Dennis&#8217; f\u00f6rflutna som tr\u00e5lare utanf\u00f6r West Corks kust, kommer denna m\u00e4sterliga single malt i en ganska unik vintage fiskeflote-glasflaska! P\u00e5 gommen erbjuder denna alla de f\u00f6rv\u00e4ntade tonerna av vanilj, f\u00e4rsk frukt och honung med rostade smaker fr\u00e5n romlagringen av kaffe, rostat br\u00f6d och choklad.<\/p>\n<p>West Cork Rum Cask Single Malt Irish Whiskey mognar t\u00e5lmodigt i f\u00f6rstfyllda bourbonfat och avslutas i Consorcio Licorero Nacional Romfat.<\/p>\n<p>Arom: Toner av honung, vanilj. Karamell och choklad i doften. Lite frukt, men mer en kombination av f\u00e4rsk och torkad. Smak: Rostade smaker som kaffe, rostat br\u00f6d och choklad kommer igenom med en torr avslutning.<\/p>\n","protected":false},"excerpt":{"rendered":"<p>Single Malt Irish Whiskey<\/p>\n","protected":false},"featured_media":67328,"template":"","meta":{"_acf_changed":false,"rs_blank_template":"","rs_page_bg_color":"","slide_template_v7":""},"product_brand":[],"product_cat":[2392,4768,9517],"product_tag":[],"class_list":{"0":"post-67279","1":"product","2":"type-product","3":"status-publish","4":"has-post-thumbnail","6":"product_cat-whisky-sv","7":"product_cat-irish-whiskey","8":"product_cat-single-malt-irish-whiskey","9":"pa_land-irland-sv","10":"pa_procent-46-sv","11":"pa_producent-west-cork-distillers-sv","12":"pa_traefad-rum-sv","13":"pa_volume-70-sv-2","15":"first","16":"instock","17":"sale","18":"taxable","19":"shipping-taxable","20":"purchasable","21":"product-type-simple"},"bundled_by":[],"bundle_stock_status":"instock","bundle_stock_quantity":null,"bundle_virtual":false,"bundle_layout":"","bundle_add_to_cart_form_location":"","bundle_editable_in_cart":false,"bundle_sold_individually_context":"","bundle_item_grouping":"","bundle_min_size":"","bundle_max_size":"","bundle_price":[],"bundled_items":[],"bundle_sell_ids":[],"acf":[],"_links":{"self":[{"href":"https:\/\/www.raschvin.com\/sv\/wp-json\/wp\/v2\/product\/67279","targetHints":{"allow":["GET"]}}],"collection":[{"href":"https:\/\/www.raschvin.com\/sv\/wp-json\/wp\/v2\/product"}],"about":[{"href":"https:\/\/www.raschvin.com\/sv\/wp-json\/wp\/v2\/types\/product"}],"wp:featuredmedia":[{"embeddable":true,"href":"https:\/\/www.raschvin.com\/sv\/wp-json\/wp\/v2\/media\/67328"}],"wp:attachment":[{"href":"https:\/\/www.raschvin.com\/sv\/wp-json\/wp\/v2\/media?parent=67279"}],"wp:term":[{"taxonomy":"product_brand","embeddable":true,"href":"https:\/\/www.raschvin.com\/sv\/wp-json\/wp\/v2\/product_brand?post=67279"},{"taxonomy":"product_cat","embeddable":true,"href":"https:\/\/www.raschvin.com\/sv\/wp-json\/wp\/v2\/product_cat?post=67279"},{"taxonomy":"product_tag","embeddable":true,"href":"https:\/\/www.raschvin.com\/sv\/wp-json\/wp\/v2\/product_tag?post=67279"}],"curies":[{"name":"wp","href":"https:\/\/api.w.org\/{rel}","templated":true}]}}