{"id":67276,"date":"2024-09-25T08:15:04","date_gmt":"2024-09-25T06:15:04","guid":{"rendered":"https:\/\/www.raschvin.com\/produkt\/west-cork-maritime-series-sherry-cask-70-cl-46\/"},"modified":"2024-09-25T08:15:04","modified_gmt":"2024-09-25T06:15:04","slug":"west-cork-maritime-series-sherry-cask-70-cl-46","status":"publish","type":"product","link":"https:\/\/www.raschvin.com\/sv\/produkt\/west-cork-maritime-series-sherry-cask-70-cl-46\/","title":{"rendered":"West Cork &#8211; Maritime Series Sherry Cask 70 cl. 46%"},"content":{"rendered":"<p>Vi presenterar West Cork Maritime Release Single Malt Sherry Cask, ett sp\u00e4nnande uttryck i deras Maritime Release-serie som hyllar grundarnas tid som fiskare utanf\u00f6r West Corks kust. Flaskans intressanta design \u00e4r baserad p\u00e5 vintage glasfiskefl\u00f6ten med en sned pip f\u00f6r att underl\u00e4tta en j\u00e4mn h\u00e4llning. En s\u00f6t men kryddig whiskey som garanterat kommer att uppskattas vid varje bord eller i en whiskeysamlares hylla!<\/p>\n<p>West Cork Sherry Cask Single Malt Irish Whiskey har varsamt mognat i f\u00f6rstfyllda bourbonfat och slutlagrats i Bodegas Baron Sherryfat.<\/p>\n<p>Arom: Torkade katrinplommon, fikon, sherry och vaniljtoner. Smak: S\u00f6t i b\u00f6rjan men avslutas torrt med kryddighet n\u00e4rvarande.<\/p>\n","protected":false},"excerpt":{"rendered":"<p>Single Malt Irish Whiskey<\/p>\n","protected":false},"featured_media":67334,"template":"","meta":{"_acf_changed":false,"rs_blank_template":"","rs_page_bg_color":"","slide_template_v7":""},"product_brand":[],"product_cat":[2387,4768,4651,2392],"product_tag":[],"class_list":{"0":"post-67276","1":"product","2":"type-product","3":"status-publish","4":"has-post-thumbnail","6":"product_cat-avec-sv","7":"product_cat-irish-pot-still-sv","8":"product_cat-single-malt-sv","9":"product_cat-whisky-sv","10":"pa_land-irland-sv","11":"pa_procent-46-sv","12":"pa_producent-west-cork-distillers-sv","13":"pa_traefad-sherry-sv","14":"pa_volume-70-sv-2","16":"first","17":"instock","18":"sale","19":"taxable","20":"shipping-taxable","21":"purchasable","22":"product-type-simple"},"bundled_by":[],"bundle_stock_status":"instock","bundle_stock_quantity":null,"bundle_virtual":false,"bundle_layout":"","bundle_add_to_cart_form_location":"","bundle_editable_in_cart":false,"bundle_sold_individually_context":"","bundle_item_grouping":"","bundle_min_size":"","bundle_max_size":"","bundle_price":[],"bundled_items":[],"bundle_sell_ids":[],"acf":[],"_links":{"self":[{"href":"https:\/\/www.raschvin.com\/sv\/wp-json\/wp\/v2\/product\/67276","targetHints":{"allow":["GET"]}}],"collection":[{"href":"https:\/\/www.raschvin.com\/sv\/wp-json\/wp\/v2\/product"}],"about":[{"href":"https:\/\/www.raschvin.com\/sv\/wp-json\/wp\/v2\/types\/product"}],"wp:featuredmedia":[{"embeddable":true,"href":"https:\/\/www.raschvin.com\/sv\/wp-json\/wp\/v2\/media\/67334"}],"wp:attachment":[{"href":"https:\/\/www.raschvin.com\/sv\/wp-json\/wp\/v2\/media?parent=67276"}],"wp:term":[{"taxonomy":"product_brand","embeddable":true,"href":"https:\/\/www.raschvin.com\/sv\/wp-json\/wp\/v2\/product_brand?post=67276"},{"taxonomy":"product_cat","embeddable":true,"href":"https:\/\/www.raschvin.com\/sv\/wp-json\/wp\/v2\/product_cat?post=67276"},{"taxonomy":"product_tag","embeddable":true,"href":"https:\/\/www.raschvin.com\/sv\/wp-json\/wp\/v2\/product_tag?post=67276"}],"curies":[{"name":"wp","href":"https:\/\/api.w.org\/{rel}","templated":true}]}}