{"id":67209,"date":"2024-09-24T15:08:51","date_gmt":"2024-09-24T13:08:51","guid":{"rendered":"https:\/\/www.raschvin.com\/produkt\/remarkable-regional-malts-miniature-pack-douglas-laings-6x5-cl-463\/"},"modified":"2024-09-24T15:08:51","modified_gmt":"2024-09-24T13:08:51","slug":"remarkable-regional-malts-miniature-pack-douglas-laings-6x5-cl-463","status":"publish","type":"product","link":"https:\/\/www.raschvin.com\/sv\/produkt\/remarkable-regional-malts-miniature-pack-douglas-laings-6x5-cl-463\/","title":{"rendered":"Remarkable Regional Malts Miniature Pack &#8211; Douglas Laing\u2019s 6&#215;5 cl. 46,3%"},"content":{"rendered":"<p>6 unika blended malt whiskyminiatyrer i ett presentpaket.<br \/>\nDestilleri\/M\u00e4rke \u2013 Douglas Laing<br \/>\nUtg\u00e5va \u2013 Remarkable Regional Malts miniatyrpaket<br \/>\nSprit \u2013 Blended Malt Whisky<br \/>\nRegioner \u2013 Lowland, Highland, Speyside, Campbeltown, Island, Islay<br \/>\nVolym \u2013 30 cl<br \/>\nR\u00f6kig och Or\u00f6kig<br \/>\nEj kylfiltrerad<br \/>\nNaturlig f\u00e4rg<\/p>\n<p>Remarkable Regional Malts-serien f\u00f6renar de finaste Single Cask Single Malts f\u00f6r att skapa sex distinkta smakupplevelser fr\u00e5n Skottland. Detta sl\u00e5ende eleganta presentpaket \u00e4r en resa genom Skottlands maltwhiskyregioner, d\u00e4r man kan uppt\u00e4cka sin favoritdram. Om en Single Malt \u00e4r som en fiol, \u00e4r en Blended Malt som hela orkestern, d\u00e4r smakerna samspelar i perfekt harmoni!<\/p>\n<p>F\u00f6rpackad i en lyxig, pr\u00e4glad och guld-folierad presentl\u00e5da, inneh\u00e5ller den 6 x 5 cl flaskor av:<\/p>\n<p>The Epicurean, Lowland Blended Malt Scotch Whisky, 46,2%<br \/>\nTimorous Beastie, Highland Blended Malt Scotch Whisky, 46,8%<br \/>\nScallywag, Speyside Blended Malt Scotch Whisky, 46%<br \/>\nThe Gauldrons, Campbeltown Blended Malt Scotch Whisky, 46,2%<br \/>\nRock Island, Island Blended Malt Scotch Whisky, 46,8%<br \/>\nBig Peat, Islay Blended Malt Scotch Whisky, 46%<\/p>\n","protected":false},"excerpt":{"rendered":"<p>Blended Malt Scotch Whisky<\/p>\n","protected":false},"featured_media":67218,"template":"","meta":{"_acf_changed":false,"rs_blank_template":"","rs_page_bg_color":"","slide_template_v7":""},"product_brand":[],"product_cat":[2387,4648,2392],"product_tag":[],"class_list":{"0":"post-67209","1":"product","2":"type-product","3":"status-publish","4":"has-post-thumbnail","6":"product_cat-avec-sv","7":"product_cat-blended-malt","8":"product_cat-whisky-sv","9":"pa_land-skottland","10":"pa_procent-46-3-sv","11":"pa_producent-douglas-laings-sv-2","12":"pa_volume-30-sv","14":"first","15":"instock","16":"sale","17":"taxable","18":"shipping-taxable","19":"purchasable","20":"product-type-simple"},"bundled_by":[],"bundle_stock_status":"instock","bundle_stock_quantity":null,"bundle_virtual":false,"bundle_layout":"","bundle_add_to_cart_form_location":"","bundle_editable_in_cart":false,"bundle_sold_individually_context":"","bundle_item_grouping":"","bundle_min_size":"","bundle_max_size":"","bundle_price":[],"bundled_items":[],"bundle_sell_ids":[],"acf":[],"_links":{"self":[{"href":"https:\/\/www.raschvin.com\/sv\/wp-json\/wp\/v2\/product\/67209","targetHints":{"allow":["GET"]}}],"collection":[{"href":"https:\/\/www.raschvin.com\/sv\/wp-json\/wp\/v2\/product"}],"about":[{"href":"https:\/\/www.raschvin.com\/sv\/wp-json\/wp\/v2\/types\/product"}],"wp:featuredmedia":[{"embeddable":true,"href":"https:\/\/www.raschvin.com\/sv\/wp-json\/wp\/v2\/media\/67218"}],"wp:attachment":[{"href":"https:\/\/www.raschvin.com\/sv\/wp-json\/wp\/v2\/media?parent=67209"}],"wp:term":[{"taxonomy":"product_brand","embeddable":true,"href":"https:\/\/www.raschvin.com\/sv\/wp-json\/wp\/v2\/product_brand?post=67209"},{"taxonomy":"product_cat","embeddable":true,"href":"https:\/\/www.raschvin.com\/sv\/wp-json\/wp\/v2\/product_cat?post=67209"},{"taxonomy":"product_tag","embeddable":true,"href":"https:\/\/www.raschvin.com\/sv\/wp-json\/wp\/v2\/product_tag?post=67209"}],"curies":[{"name":"wp","href":"https:\/\/api.w.org\/{rel}","templated":true}]}}