{"id":67129,"date":"2024-09-24T09:42:36","date_gmt":"2024-09-24T07:42:36","guid":{"rendered":"https:\/\/www.raschvin.com\/produkt\/mannochmore-11y-100-proof-edition-13-signatory-vintage-2012-2024-70-cl-571\/"},"modified":"2024-09-24T09:42:36","modified_gmt":"2024-09-24T07:42:36","slug":"mannochmore-11y-100-proof-edition-13-signatory-vintage-2012-2024-70-cl-571","status":"publish","type":"product","link":"https:\/\/www.raschvin.com\/sv\/produkt\/mannochmore-11y-100-proof-edition-13-signatory-vintage-2012-2024-70-cl-571\/","title":{"rendered":"Mannochmore 11Y 100 Proof Edition #13 Signatory Vintage 2012\/2024 70 cl. 57,1%"},"content":{"rendered":"<p>Mannochmore 2012\/2024 fr\u00e5n Signatory Vintage 100 Proof Series \u00e4r en imponerande Speyside Single Malt Scotch Whisky som visar traditionellt whiskyhantverk p\u00e5 h\u00f6gsta niv\u00e5 med en alkoholhalt p\u00e5 57,1 % vol.<\/p>\n<p>Efter att ha mognat i 11 \u00e5r i First Fill Oloroso Sherry Butts, som ger rika smaker av m\u00f6rka frukter och en behaglig s\u00f6tma, presenterar den intensiva aromer av torkad frukt och subtil kryddighet p\u00e5 n\u00e4san. P\u00e5 gommen framtr\u00e4der smaker av mogna plommon och choklad, kompletterade med kryddor som kanel och muskotn\u00f6t. Eftersmaken \u00e4r l\u00e5ng och v\u00e4rmande, elegant balanserad mellan s\u00f6tma och kryddiga inslag.<\/p>\n<p>Denna naturligt framst\u00e4llda whisky, buteljerad utan tillsatta f\u00e4rg\u00e4mnen och utan kylfiltrering, beh\u00e5ller sin autenticitet och fylliga smaker. Som en del av Signatory Vintage 100 Proof-serien \u00e4r Mannochmore 2012\/2024 ett utm\u00e4rkt val f\u00f6r finsmakare och samlare som s\u00f6ker en kraftfull och djupg\u00e5ende Speyside-malt och lovar en of\u00f6rgl\u00f6mlig smakupplevelse f\u00f6r alla som utforskar den komplexa v\u00e4rlden av Speyside-whiskyer.<\/p>\n","protected":false},"excerpt":{"rendered":"<p>Single Malt Scotch Whisky<\/p>\n","protected":false},"featured_media":67176,"template":"","meta":{"_acf_changed":false,"rs_blank_template":"","rs_page_bg_color":"","slide_template_v7":""},"product_brand":[],"product_cat":[2387,4651,2392],"product_tag":[],"class_list":{"0":"post-67129","1":"product","2":"type-product","3":"status-publish","4":"has-post-thumbnail","6":"product_cat-avec-sv","7":"product_cat-single-malt-sv","8":"product_cat-whisky-sv","9":"pa_land-skottland","10":"pa_procent-57-1-sv","11":"pa_producent-mannochmore-sv","12":"pa_region-speyside-sv","13":"pa_traefad-oloroso-sv","14":"pa_vintage-2012-sv","15":"pa_volume-70-sv-2","17":"first","18":"instock","19":"sale","20":"taxable","21":"shipping-taxable","22":"purchasable","23":"product-type-simple"},"bundled_by":[],"bundle_stock_status":"instock","bundle_stock_quantity":null,"bundle_virtual":false,"bundle_layout":"","bundle_add_to_cart_form_location":"","bundle_editable_in_cart":false,"bundle_sold_individually_context":"","bundle_item_grouping":"","bundle_min_size":"","bundle_max_size":"","bundle_price":[],"bundled_items":[],"bundle_sell_ids":[],"acf":[],"_links":{"self":[{"href":"https:\/\/www.raschvin.com\/sv\/wp-json\/wp\/v2\/product\/67129","targetHints":{"allow":["GET"]}}],"collection":[{"href":"https:\/\/www.raschvin.com\/sv\/wp-json\/wp\/v2\/product"}],"about":[{"href":"https:\/\/www.raschvin.com\/sv\/wp-json\/wp\/v2\/types\/product"}],"wp:featuredmedia":[{"embeddable":true,"href":"https:\/\/www.raschvin.com\/sv\/wp-json\/wp\/v2\/media\/67176"}],"wp:attachment":[{"href":"https:\/\/www.raschvin.com\/sv\/wp-json\/wp\/v2\/media?parent=67129"}],"wp:term":[{"taxonomy":"product_brand","embeddable":true,"href":"https:\/\/www.raschvin.com\/sv\/wp-json\/wp\/v2\/product_brand?post=67129"},{"taxonomy":"product_cat","embeddable":true,"href":"https:\/\/www.raschvin.com\/sv\/wp-json\/wp\/v2\/product_cat?post=67129"},{"taxonomy":"product_tag","embeddable":true,"href":"https:\/\/www.raschvin.com\/sv\/wp-json\/wp\/v2\/product_tag?post=67129"}],"curies":[{"name":"wp","href":"https:\/\/api.w.org\/{rel}","templated":true}]}}