{"id":66997,"date":"2024-09-23T10:03:50","date_gmt":"2024-09-23T08:03:50","guid":{"rendered":"https:\/\/www.raschvin.com\/produkt\/albert-bichot-clos-des-mouches-beaune-premier-cru-2022-eco-75-cl\/"},"modified":"2024-09-23T10:03:50","modified_gmt":"2024-09-23T08:03:50","slug":"albert-bichot-clos-des-mouches-beaune-premier-cru-2022-eco-75-cl","status":"publish","type":"product","link":"https:\/\/www.raschvin.com\/sv\/produkt\/albert-bichot-clos-des-mouches-beaune-premier-cru-2022-eco-75-cl\/","title":{"rendered":"Albert Bichot &#8211; Clos des Mouches Beaune Premier Cru 2022 (ECO) 75 cl."},"content":{"rendered":"<p>Beaune \u00e4r den historiska huvudstaden f\u00f6r Bourgognes viner, och stadens centrum har varit huvudkontor f\u00f6r Maison Albert Bichot i \u00f6ver ett sekel. Fr\u00e5n b\u00f6rjan var det inte flugor (&#8221;mouches&#8221;) utan bin och deras kupor i detta klimat s\u00f6der om Beaune med utsikt \u00f6ver Pommard som gav platsen sitt namn. &#8221;Clos des Mouches&#8221; \u00e4r en av Bourgognes \u00e4delstenar och h\u00e5ller definitivt Grand Cru-niv\u00e5.<br \/>\nV\u00e5r vinodling ligger p\u00e5 en sluttning i den \u00f6vre delen av den inh\u00e4gnade ving\u00e5rden p\u00e5 en h\u00f6jd av cirka 300 meter. Dess syd-sydostliga exponering garanterar att vinstockarna f\u00e5r optimalt med solsken, vilket ger viner med precision och renhet.<\/p>\n<p>PROVNING<br \/>\nIntens, extremt subtil doft som kombinerar toner av vita blommor, honung och rostat br\u00f6d med en hint av mineralitet. Smaken \u00e4r fyllig, skarp och elegant. Detta exceptionella vin har en anm\u00e4rkningsv\u00e4rd l\u00e4ngd.<\/p>\n<p>MAT\/VIN-PARNING<br \/>\nNjut av detta vin med fint tillagad fisk och skaldjur eller f\u00e5gel och ljust k\u00f6tt, rostat eller serverat med gr\u00e4dds\u00e5s.<br \/>\nReceptf\u00f6rslag: Rostad Sankt Petersfisk med hasseln\u00f6tter och kantareller.<\/p>\n<p>SERVERING OCH LAGRING<br \/>\nServera mellan 12 och 14\u00b0C (53-57\u00b0F).<br \/>\nKan avnjutas ungt f\u00f6r dess frukt eller lagras i 5 till 7 \u00e5r.<\/p>\n","protected":false},"excerpt":{"rendered":"<p>Domaine de Pavillon \u2013 France<\/p>\n","protected":false},"featured_media":67055,"template":"","meta":{"_acf_changed":false,"rs_blank_template":"","rs_page_bg_color":"","slide_template_v7":""},"product_brand":[],"product_cat":[2788,2792],"product_tag":[],"class_list":{"0":"post-66997","1":"product","2":"type-product","3":"status-publish","4":"has-post-thumbnail","6":"product_cat-vin-sv","7":"product_cat-vitt-vin","8":"pa_aargang-2022-sv","9":"pa_drue-chardonnay-sv","10":"pa_land-frankrike","11":"pa_oekologisk-yes-sv","12":"pa_procent-13-5-sv","13":"pa_producent-albert-bichot-sv","14":"pa_region-cote-de-beaune-sv","15":"pa_serveringstemperatur-12-14-sv","16":"pa_volume-75-sv","18":"first","19":"instock","20":"sale","21":"taxable","22":"shipping-taxable","23":"purchasable","24":"product-type-simple"},"bundled_by":[],"bundle_stock_status":"instock","bundle_stock_quantity":null,"bundle_virtual":false,"bundle_layout":"","bundle_add_to_cart_form_location":"","bundle_editable_in_cart":false,"bundle_sold_individually_context":"","bundle_item_grouping":"","bundle_min_size":"","bundle_max_size":"","bundle_price":[],"bundled_items":[],"bundle_sell_ids":[],"acf":[],"_links":{"self":[{"href":"https:\/\/www.raschvin.com\/sv\/wp-json\/wp\/v2\/product\/66997","targetHints":{"allow":["GET"]}}],"collection":[{"href":"https:\/\/www.raschvin.com\/sv\/wp-json\/wp\/v2\/product"}],"about":[{"href":"https:\/\/www.raschvin.com\/sv\/wp-json\/wp\/v2\/types\/product"}],"wp:featuredmedia":[{"embeddable":true,"href":"https:\/\/www.raschvin.com\/sv\/wp-json\/wp\/v2\/media\/67055"}],"wp:attachment":[{"href":"https:\/\/www.raschvin.com\/sv\/wp-json\/wp\/v2\/media?parent=66997"}],"wp:term":[{"taxonomy":"product_brand","embeddable":true,"href":"https:\/\/www.raschvin.com\/sv\/wp-json\/wp\/v2\/product_brand?post=66997"},{"taxonomy":"product_cat","embeddable":true,"href":"https:\/\/www.raschvin.com\/sv\/wp-json\/wp\/v2\/product_cat?post=66997"},{"taxonomy":"product_tag","embeddable":true,"href":"https:\/\/www.raschvin.com\/sv\/wp-json\/wp\/v2\/product_tag?post=66997"}],"curies":[{"name":"wp","href":"https:\/\/api.w.org\/{rel}","templated":true}]}}