{"id":66992,"date":"2024-09-23T09:45:12","date_gmt":"2024-09-23T07:45:12","guid":{"rendered":"https:\/\/www.raschvin.com\/produkt\/albert-bichot-corton-charlemagne-grand-cru-2022-75-cl\/"},"modified":"2024-09-23T09:51:13","modified_gmt":"2024-09-23T07:51:13","slug":"albert-bichot-corton-charlemagne-grand-cru-2022-75-cl","status":"publish","type":"product","link":"https:\/\/www.raschvin.com\/sv\/produkt\/albert-bichot-corton-charlemagne-grand-cru-2022-75-cl\/","title":{"rendered":"Albert Bichot \u2013 Corton-Charlemagne Grand Cru 2022 (ECO) 75 cl."},"content":{"rendered":"<p>Bel\u00e4get i &#8221;Languettes&#8221;-klimatet, p\u00e5 den syd-\/sydostv\u00e4nda sluttningen av Corton-kullen, \u00e4r v\u00e5r tomt, som tidigare \u00e4gdes av abbedissorna vid Lieu-Dieu-klostret, av historiker och \u00e4ldre generationer av vinodlare i Aloxe-Corton smeknamnet &#8221;Vigne Dieu&#8221; (Guds Vinstockar). Detta terroir \u00e4r k\u00e4nt f\u00f6r sina kraftfulla vita viner, tack vare den stora m\u00e4ngden solljus som vinrankorna uts\u00e4tts f\u00f6r, men de \u00e4r ocks\u00e5 extremt rena och sofistikerade, b\u00e5de i doften och smaken.<\/p>\n<p>PROVNING<\/p>\n<p>Det mycket komplexa vinet erbjuder en harmonisk ensemble av toner av vita och gula frukter, tillsammans med citrus och tropiska frukter som blandas med subtila kryddiga, mineraliska och sm\u00f6riga nyanser, vilka ofta utvecklas mot aromer av honung. P\u00e5 gommen utm\u00e4rker sig detta vin genom sin anm\u00e4rkningsv\u00e4rda koncentration, perfekta balans och s\u00e4rpr\u00e4gel. Den intensiva avslutningen har en imponerande l\u00e4ngd.<\/p>\n<p>MAT\/VIN PARNING<\/p>\n<p>Njut av detta vin med fint tillagad fisk och skaldjur, foie gras eller med f\u00e5gel och vitt k\u00f6tt som \u00e4r rostat eller serverat med en gr\u00e4dds\u00e5s.<br \/>\nReceptf\u00f6rslag: pilgrimsmusslor inneslutna i ett bakverkspaket med hummersoppa.<\/p>\n<p>SERVERING OCH LAGRING<\/p>\n<p>Serveras vid 12 till 14\u00b0C (53-57\u00b0F).<br \/>\nLagringspotential: 5 till 10 \u00e5r och l\u00e4ngre.<\/p>\n","protected":false},"excerpt":{"rendered":"<p>Domaine de Pavillon &#8211; France<\/p>\n","protected":false},"featured_media":67058,"template":"","meta":{"_acf_changed":false,"rs_blank_template":"","rs_page_bg_color":"","slide_template_v7":""},"product_brand":[],"product_cat":[2788,2792],"product_tag":[],"class_list":{"0":"post-66992","1":"product","2":"type-product","3":"status-publish","4":"has-post-thumbnail","6":"product_cat-vin-sv","7":"product_cat-vitt-vin","8":"pa_aargang-2022-sv","9":"pa_drue-chardonnay-sv","10":"pa_land-frankrike","11":"pa_oekologisk-yes-sv","12":"pa_procent-13-5-sv","13":"pa_producent-albert-bichot-sv","14":"pa_region-cote-de-beaune-sv","15":"pa_serveringstemperatur-12-14-sv","16":"pa_volume-75-sv","18":"first","19":"instock","20":"sale","21":"taxable","22":"shipping-taxable","23":"purchasable","24":"product-type-simple"},"bundled_by":[],"bundle_stock_status":"instock","bundle_stock_quantity":null,"bundle_virtual":false,"bundle_layout":"","bundle_add_to_cart_form_location":"","bundle_editable_in_cart":false,"bundle_sold_individually_context":"","bundle_item_grouping":"","bundle_min_size":"","bundle_max_size":"","bundle_price":[],"bundled_items":[],"bundle_sell_ids":[],"acf":[],"_links":{"self":[{"href":"https:\/\/www.raschvin.com\/sv\/wp-json\/wp\/v2\/product\/66992","targetHints":{"allow":["GET"]}}],"collection":[{"href":"https:\/\/www.raschvin.com\/sv\/wp-json\/wp\/v2\/product"}],"about":[{"href":"https:\/\/www.raschvin.com\/sv\/wp-json\/wp\/v2\/types\/product"}],"wp:featuredmedia":[{"embeddable":true,"href":"https:\/\/www.raschvin.com\/sv\/wp-json\/wp\/v2\/media\/67058"}],"wp:attachment":[{"href":"https:\/\/www.raschvin.com\/sv\/wp-json\/wp\/v2\/media?parent=66992"}],"wp:term":[{"taxonomy":"product_brand","embeddable":true,"href":"https:\/\/www.raschvin.com\/sv\/wp-json\/wp\/v2\/product_brand?post=66992"},{"taxonomy":"product_cat","embeddable":true,"href":"https:\/\/www.raschvin.com\/sv\/wp-json\/wp\/v2\/product_cat?post=66992"},{"taxonomy":"product_tag","embeddable":true,"href":"https:\/\/www.raschvin.com\/sv\/wp-json\/wp\/v2\/product_tag?post=66992"}],"curies":[{"name":"wp","href":"https:\/\/api.w.org\/{rel}","templated":true}]}}