{"id":66988,"date":"2024-09-23T09:33:37","date_gmt":"2024-09-23T07:33:37","guid":{"rendered":"https:\/\/www.raschvin.com\/produkt\/albert-bichot-moutonne-chablis-grand-cru-monopole-2022-75-cl\/"},"modified":"2024-09-23T09:33:37","modified_gmt":"2024-09-23T07:33:37","slug":"albert-bichot-moutonne-chablis-grand-cru-monopole-2022-75-cl","status":"publish","type":"product","link":"https:\/\/www.raschvin.com\/sv\/produkt\/albert-bichot-moutonne-chablis-grand-cru-monopole-2022-75-cl\/","title":{"rendered":"Albert Bichot &#8211; Moutonne Chablis Grand Cru Monopole 2022 75 cl."},"content":{"rendered":"<p>Tidigare \u00e4gd av munkarna vid Pontigny-klostret, Monopole du Domaine Long-Depaquit &#8221;Moutonne&#8221; \u00e4r en ving\u00e5rdslott som skyddas inom en naturlig amfiteater i hj\u00e4rtat av Grand Crus, den historiska delen av Chablis-vinodlingarna som har \u00f6ver tusen \u00e5rs historia.<br \/>\nBel\u00e4gen i b\u00e5de &#8221;Vaud\u00e9sir&#8221; (95%) och &#8221;Preuses&#8221; (5%) \u00e4r denna syd\/sydost-v\u00e4nda lott perfekt placerad f\u00f6r att f\u00e5nga solens alla str\u00e5lar. Den branta sluttningen (n\u00e4stan 40%) i den centrala delen skyddar vinrankorna fr\u00e5n nordvinden. En mur som g\u00e5r genom lotten delar den nedre delen, som ger rika och strukturerade viner, medan druvorna fr\u00e5n den \u00f6vre delen ger blandningen en blommig och stram karakt\u00e4r.<\/p>\n<p>PROVNING<\/p>\n<p>Komplex doft som kombinerar toner av vit och gul frukt, citrus och delikata blommor. Smaken \u00e4r fyllig och gener\u00f6s, pr\u00e4glad av mineraliteten fr\u00e5n mergeln i detta mikroterroir. Vinet har en behaglig fr\u00e4sch\u00f6r, ett l\u00e4tt inslag av v\u00e4lintegrerad ek och en exceptionell l\u00e4ngd i eftersmaken.<\/p>\n<p>MAT\/VIN KOMBINATION<\/p>\n<p>Njut av detta vin med finlagad fisk och skaldjur (hummer, havskr\u00e4fta \u2026) eller med rostat eller br\u00e4serat fj\u00e4derf\u00e4 och vitt k\u00f6tt.<br \/>\nReceptf\u00f6rslag: kyckling med murklor<\/p>\n<p>SERVERING OCH LAGRING<\/p>\n<p>Serveras mellan 12 och 14\u00b0C.<br \/>\nLagringspotential: 5 till 10 \u00e5r eller mer.<\/p>\n","protected":false},"excerpt":{"rendered":"<p>Domaine Long-D\u00e9paquit &#8211; France<\/p>\n","protected":false},"featured_media":67070,"template":"","meta":{"_acf_changed":false,"rs_blank_template":"","rs_page_bg_color":"","slide_template_v7":""},"product_brand":[],"product_cat":[2788,2792],"product_tag":[],"class_list":{"0":"post-66988","1":"product","2":"type-product","3":"status-publish","4":"has-post-thumbnail","6":"product_cat-vin-sv","7":"product_cat-vitt-vin","8":"pa_aargang-2022-sv","9":"pa_drue-chardonnay-sv","10":"pa_land-frankrike","11":"pa_procent-13-5-sv","12":"pa_producent-albert-bichot-sv","13":"pa_region-bourgogne-sv","14":"pa_serveringstemperatur-12-14-sv","15":"pa_volume-75-sv","17":"first","18":"instock","19":"sale","20":"taxable","21":"shipping-taxable","22":"purchasable","23":"product-type-simple"},"bundled_by":[],"bundle_stock_status":"instock","bundle_stock_quantity":null,"bundle_virtual":false,"bundle_layout":"","bundle_add_to_cart_form_location":"","bundle_editable_in_cart":false,"bundle_sold_individually_context":"","bundle_item_grouping":"","bundle_min_size":"","bundle_max_size":"","bundle_price":[],"bundled_items":[],"bundle_sell_ids":[],"acf":[],"_links":{"self":[{"href":"https:\/\/www.raschvin.com\/sv\/wp-json\/wp\/v2\/product\/66988","targetHints":{"allow":["GET"]}}],"collection":[{"href":"https:\/\/www.raschvin.com\/sv\/wp-json\/wp\/v2\/product"}],"about":[{"href":"https:\/\/www.raschvin.com\/sv\/wp-json\/wp\/v2\/types\/product"}],"wp:featuredmedia":[{"embeddable":true,"href":"https:\/\/www.raschvin.com\/sv\/wp-json\/wp\/v2\/media\/67070"}],"wp:attachment":[{"href":"https:\/\/www.raschvin.com\/sv\/wp-json\/wp\/v2\/media?parent=66988"}],"wp:term":[{"taxonomy":"product_brand","embeddable":true,"href":"https:\/\/www.raschvin.com\/sv\/wp-json\/wp\/v2\/product_brand?post=66988"},{"taxonomy":"product_cat","embeddable":true,"href":"https:\/\/www.raschvin.com\/sv\/wp-json\/wp\/v2\/product_cat?post=66988"},{"taxonomy":"product_tag","embeddable":true,"href":"https:\/\/www.raschvin.com\/sv\/wp-json\/wp\/v2\/product_tag?post=66988"}],"curies":[{"name":"wp","href":"https:\/\/api.w.org\/{rel}","templated":true}]}}