{"id":66984,"date":"2024-11-26T11:24:14","date_gmt":"2024-11-26T10:24:14","guid":{"rendered":"https:\/\/www.raschvin.com\/produkt\/clase-azul-tequila-reposado-70-cl-40\/"},"modified":"2024-11-26T11:45:22","modified_gmt":"2024-11-26T10:45:22","slug":"clase-azul-tequila-reposado-70-cl-40","status":"publish","type":"product","link":"https:\/\/www.raschvin.com\/sv\/produkt\/clase-azul-tequila-reposado-70-cl-40\/","title":{"rendered":"Clase Azul Tequila Reposado 70 cl. 40%"},"content":{"rendered":"<p><iframe loading=\"lazy\" title=\"Clase Azul M\u00e9xico | Our History\" width=\"1080\" height=\"608\" src=\"https:\/\/www.youtube.com\/embed\/QoAF8m1L39g?feature=oembed\" frameborder=\"0\" allow=\"accelerometer; autoplay; clipboard-write; encrypted-media; gyroscope; picture-in-picture; web-share\" referrerpolicy=\"strict-origin-when-cross-origin\" allowfullscreen><\/iframe><\/p>\n<p>Clase Azul Reposado 70cl \u00e4r en h\u00f6gt ansedd tequila som produceras av m\u00e4rket Clase Azul. Detta m\u00e4rke \u00e4r k\u00e4nt f\u00f6r sitt engagemang i kvalitet och hantverk och erbjuder premiumdestillat f\u00f6r kr\u00e4sna konsumenter.<\/p>\n<p>Produktionsplats<br \/>\nTequilan tillverkas i staden Santa Maria Canchesda, bel\u00e4gen i h\u00f6glandet i Jalisco, Mexiko. Denna region \u00e4r k\u00e4nd f\u00f6r sin rika vulkaniska jord och sitt idealiska klimat, vilket bidrar till den exceptionella kvaliteten p\u00e5 agaveplantorna som anv\u00e4nds i produktionsprocessen.<\/p>\n<p>Smak- och Doftprofil<br \/>\nClase Azul Reposado erbjuder en unik smakupplevelse. Den har en len och sammetslen textur med en smak som \u00e4r b\u00e5de komplex och v\u00e4lbalanserad. Toner av karamell, vanilj och rostad agave dominerar gommen och ger en of\u00f6rgl\u00f6mlig smakupplevelse.<\/p>\n<p>Arom<br \/>\nAromen av Clase Azul Reposado \u00e4r lika imponerande. Den utstr\u00e5lar en lockande blandning av s\u00f6t, kokt agave, citrus och en hint av kryddor. Doften \u00e4r inbjudande och s\u00e4tter tonen f\u00f6r en njutbar drickupplevelse.<\/p>\n<p>Extra Bakgrundsinformation<br \/>\nEtt imponerande faktum om Clase Azul Reposado \u00e4r dess karakteristiska handgjorda flaska. Varje flaska \u00e4r individuellt handm\u00e5lad av mexikanska hantverkare, vilket g\u00f6r varje flaska helt unik. Denna uppm\u00e4rksamhet p\u00e5 detaljer speglar varum\u00e4rkets h\u00e4ngivenhet till att skapa en lyxprodukt.<\/p>\n<p>Produktionsprocess<br \/>\nN\u00e4r det g\u00e4ller produktionen genomg\u00e5r Clase Azul Reposado en noggrann process. Hj\u00e4rtat av den bl\u00e5 Weber-agaveplantan sk\u00f6rdas vid sin mognadstopp och kokas l\u00e5ngsamt i traditionella stenugnar. Den kokta agaven fermenteras d\u00e4refter innan den dubbel-destilleras i kopparpannor f\u00f6r att uppn\u00e5 \u00f6nskad renhet och smak.<\/p>\n","protected":false},"excerpt":{"rendered":"<p>Premium Reposado Tequila<\/p>\n","protected":false},"featured_media":67040,"template":"","meta":{"_acf_changed":false,"rs_blank_template":"","rs_page_bg_color":"","slide_template_v7":""},"product_brand":[],"product_cat":[2402,2408,9166],"product_tag":[],"class_list":{"0":"post-66984","1":"product","2":"type-product","3":"status-publish","4":"has-post-thumbnail","6":"product_cat-sprit-sv","7":"product_cat-tequila-mescal-sv","8":"product_cat-reposado-2-12-months","9":"pa_land-mexiko","10":"pa_procent-40-sv-2","11":"pa_producent-clase-azul-sv","12":"pa_region-jalisco-sv","13":"pa_volume-70-sv-2","15":"first","16":"instock","17":"featured","18":"taxable","19":"shipping-taxable","20":"purchasable","21":"product-type-simple"},"bundled_by":[],"bundle_stock_status":"instock","bundle_stock_quantity":null,"bundle_virtual":false,"bundle_layout":"","bundle_add_to_cart_form_location":"","bundle_editable_in_cart":false,"bundle_sold_individually_context":"","bundle_item_grouping":"","bundle_min_size":"","bundle_max_size":"","bundle_price":[],"bundled_items":[],"bundle_sell_ids":[],"acf":[],"_links":{"self":[{"href":"https:\/\/www.raschvin.com\/sv\/wp-json\/wp\/v2\/product\/66984","targetHints":{"allow":["GET"]}}],"collection":[{"href":"https:\/\/www.raschvin.com\/sv\/wp-json\/wp\/v2\/product"}],"about":[{"href":"https:\/\/www.raschvin.com\/sv\/wp-json\/wp\/v2\/types\/product"}],"wp:featuredmedia":[{"embeddable":true,"href":"https:\/\/www.raschvin.com\/sv\/wp-json\/wp\/v2\/media\/67040"}],"wp:attachment":[{"href":"https:\/\/www.raschvin.com\/sv\/wp-json\/wp\/v2\/media?parent=66984"}],"wp:term":[{"taxonomy":"product_brand","embeddable":true,"href":"https:\/\/www.raschvin.com\/sv\/wp-json\/wp\/v2\/product_brand?post=66984"},{"taxonomy":"product_cat","embeddable":true,"href":"https:\/\/www.raschvin.com\/sv\/wp-json\/wp\/v2\/product_cat?post=66984"},{"taxonomy":"product_tag","embeddable":true,"href":"https:\/\/www.raschvin.com\/sv\/wp-json\/wp\/v2\/product_tag?post=66984"}],"curies":[{"name":"wp","href":"https:\/\/api.w.org\/{rel}","templated":true}]}}