{"id":66981,"date":"2024-11-26T11:14:51","date_gmt":"2024-11-26T10:14:51","guid":{"rendered":"https:\/\/www.raschvin.com\/produkt\/clase-azul-tequila-plata-70-cl-40\/"},"modified":"2024-11-26T11:46:42","modified_gmt":"2024-11-26T10:46:42","slug":"clase-azul-tequila-plata-70-cl-40","status":"publish","type":"product","link":"https:\/\/www.raschvin.com\/sv\/produkt\/clase-azul-tequila-plata-70-cl-40\/","title":{"rendered":"Clase Azul Tequila Plata 70 cl. 40%"},"content":{"rendered":"<p><iframe loading=\"lazy\" title=\"Clase Azul M\u00e9xico | Our History\" width=\"1080\" height=\"608\" src=\"https:\/\/www.youtube.com\/embed\/QoAF8m1L39g?feature=oembed\" frameborder=\"0\" allow=\"accelerometer; autoplay; clipboard-write; encrypted-media; gyroscope; picture-in-picture; web-share\" referrerpolicy=\"strict-origin-when-cross-origin\" allowfullscreen><\/iframe><\/p>\n<p>Clase Azul Plata 70cl: En F\u00f6rfinad Mexikansk Dryck<br \/>\nClase Azul Plata \u00e4r en uts\u00f6kt mexikansk spritdryck som f\u00f6rkroppsligar Clase Azuls rika tradition och hantverk. Clase Azul \u00e4r k\u00e4nt f\u00f6r sitt engagemang i att producera tequila av h\u00f6g kvalitet med hj\u00e4lp av traditionella metoder som har f\u00f6rts vidare genom generationer. Varje flaska \u00e4r omsorgsfullt handgjord och m\u00e5lad av skickliga hantverkare, vilket g\u00f6r den till ett sant konstverk.<\/p>\n<p>Detta specifika uttryck, Clase Azul Plata, framst\u00e4lls i den pittoreska regionen Jalisco i Mexiko. Jalisco anses vara tequilaproduktionens k\u00e4rnland, k\u00e4nt f\u00f6r sin n\u00e4ringsrika jord och sitt perfekta klimat f\u00f6r odling av bl\u00e5 agave, den viktigaste ingrediensen i tequila.<\/p>\n<p>Smak och Arom<br \/>\nN\u00e4r du smakar Clase Azul Plata m\u00f6ts du av en len, sammetsmjuk textur som glider \u00f6ver gommen. Smakprofilen k\u00e4nnetecknas av toner av s\u00f6t agave, citrus och vanilj, vilket skapar en harmonisk balans av smaker.<\/p>\n<p>Aromen fr\u00e5n Clase Azul Plata \u00e4r lika lockande. N\u00e4r du f\u00f6r glaset till n\u00e4san m\u00f6ts du av en h\u00e4rlig doft av kokt agave, inslag av karamell och delikata blommiga undertoner.<\/p>\n<p>Roliga Fakta<br \/>\nH\u00e4r \u00e4r n\u00e5gra intressanta fakta om denna enast\u00e5ende spritdryck: Varje flaska Clase Azul Plata \u00e4r individuellt numrerad och signerad av m\u00e4sterdestillat\u00f6ren som ett bevis p\u00e5 dess \u00e4kthet och kvalitet. Dessutom \u00e4r den fantastiska keramiska karaffen, som rymmer tequilan, inspirerad av mexikansk kultur och hyllar mayacivilisationen.<\/p>\n<p>Produktionsprocess<br \/>\nClase Azul Platas resa b\u00f6rjar med en noggrann urval av mogna bl\u00e5 agaveplantor, som sk\u00f6rdas f\u00f6r hand. Hj\u00e4rtat av dessa agaveplantor, kallade pi\u00f1as, rostas l\u00e5ngsamt i traditionella tegelugnar f\u00f6r att utvinna deras rika smaker. Efter j\u00e4sning och destillering lagras tequilan en kort tid f\u00f6r att uppn\u00e5 sin lena karakt\u00e4r.<\/p>\n","protected":false},"excerpt":{"rendered":"<p>Premium Silver Tequila<\/p>\n","protected":false},"featured_media":67067,"template":"","meta":{"_acf_changed":false,"rs_blank_template":"","rs_page_bg_color":"","slide_template_v7":""},"product_brand":[],"product_cat":[8332,2408],"product_tag":[],"class_list":{"0":"post-66981","1":"product","2":"type-product","3":"status-publish","4":"has-post-thumbnail","6":"product_cat-azul-sv","7":"product_cat-tequila-mescal-sv","8":"pa_land-mexiko","9":"pa_procent-40-sv-2","10":"pa_producent-clase-azul-sv","11":"pa_region-jalisco-sv","12":"pa_volume-70-sv-2","14":"first","15":"instock","16":"taxable","17":"shipping-taxable","18":"purchasable","19":"product-type-simple"},"bundled_by":[],"bundle_stock_status":"instock","bundle_stock_quantity":null,"bundle_virtual":false,"bundle_layout":"","bundle_add_to_cart_form_location":"","bundle_editable_in_cart":false,"bundle_sold_individually_context":"","bundle_item_grouping":"","bundle_min_size":"","bundle_max_size":"","bundle_price":[],"bundled_items":[],"bundle_sell_ids":[],"acf":[],"_links":{"self":[{"href":"https:\/\/www.raschvin.com\/sv\/wp-json\/wp\/v2\/product\/66981","targetHints":{"allow":["GET"]}}],"collection":[{"href":"https:\/\/www.raschvin.com\/sv\/wp-json\/wp\/v2\/product"}],"about":[{"href":"https:\/\/www.raschvin.com\/sv\/wp-json\/wp\/v2\/types\/product"}],"wp:featuredmedia":[{"embeddable":true,"href":"https:\/\/www.raschvin.com\/sv\/wp-json\/wp\/v2\/media\/67067"}],"wp:attachment":[{"href":"https:\/\/www.raschvin.com\/sv\/wp-json\/wp\/v2\/media?parent=66981"}],"wp:term":[{"taxonomy":"product_brand","embeddable":true,"href":"https:\/\/www.raschvin.com\/sv\/wp-json\/wp\/v2\/product_brand?post=66981"},{"taxonomy":"product_cat","embeddable":true,"href":"https:\/\/www.raschvin.com\/sv\/wp-json\/wp\/v2\/product_cat?post=66981"},{"taxonomy":"product_tag","embeddable":true,"href":"https:\/\/www.raschvin.com\/sv\/wp-json\/wp\/v2\/product_tag?post=66981"}],"curies":[{"name":"wp","href":"https:\/\/api.w.org\/{rel}","templated":true}]}}