{"id":66670,"date":"2024-09-20T09:33:38","date_gmt":"2024-09-20T07:33:38","guid":{"rendered":"https:\/\/www.raschvin.com\/produkt\/premium-wine-basket-3-bottles-3x75-cl\/"},"modified":"2024-09-20T09:33:38","modified_gmt":"2024-09-20T07:33:38","slug":"premium-wine-basket-3-bottles-3x75-cl","status":"publish","type":"product","link":"https:\/\/www.raschvin.com\/sv\/produkt\/premium-wine-basket-3-bottles-3x75-cl\/","title":{"rendered":"Premium Wine Basket \u2013 3 Bottles 3\u00d775 cl."},"content":{"rendered":"<p>Denna lyxiga vinkorg inkluderar fyra noggrant utvalda premiumviner av h\u00f6gsta kvalitet. Stilfullt paketerad tillsammans med l\u00e4cker konfekt som belgisk EKO-choklad, arabisk kaffe, dansk lakrits, n\u00f6tter och andra snacks som passar till dessa viner.<\/p>\n<p>Perfekt som g\u00e5va till en kollega eller v\u00e4n, till n\u00e5gon som uppskattar det och f\u00f6rtj\u00e4nar goda drycker i livet.<\/p>\n<p>Inneh\u00e5llet kan variera beroende p\u00e5 tillg\u00e5ng och s\u00e4song.<\/p>\n","protected":false},"excerpt":{"rendered":"<p>Denna lyxiga vinkorg inkluderar fyra noggrant utvalda premiumviner av h\u00f6gsta kvalitet. Stilfullt paketerad tillsammans med l\u00e4cker konfekt som belgisk EKO-choklad, arabisk kaffe, dansk lakrits, n\u00f6tter och andra snacks som passar&#8230;<\/p>\n","protected":false},"featured_media":21959,"template":"","meta":{"_acf_changed":false,"rs_blank_template":"","rs_page_bg_color":"","slide_template_v7":""},"product_brand":[],"product_cat":[2753,2762],"product_tag":[],"class_list":{"0":"post-66670","1":"product","2":"type-product","3":"status-publish","4":"has-post-thumbnail","6":"product_cat-gaavor","7":"product_cat-vingaver-sv","8":"pa_volume-225-sv","10":"first","11":"instock","12":"taxable","13":"shipping-taxable","14":"purchasable","15":"product-type-simple"},"bundled_by":[],"bundle_stock_status":"instock","bundle_stock_quantity":null,"bundle_virtual":false,"bundle_layout":"","bundle_add_to_cart_form_location":"","bundle_editable_in_cart":false,"bundle_sold_individually_context":"","bundle_item_grouping":"","bundle_min_size":"","bundle_max_size":"","bundle_price":[],"bundled_items":[],"bundle_sell_ids":[],"acf":[],"_links":{"self":[{"href":"https:\/\/www.raschvin.com\/sv\/wp-json\/wp\/v2\/product\/66670","targetHints":{"allow":["GET"]}}],"collection":[{"href":"https:\/\/www.raschvin.com\/sv\/wp-json\/wp\/v2\/product"}],"about":[{"href":"https:\/\/www.raschvin.com\/sv\/wp-json\/wp\/v2\/types\/product"}],"wp:featuredmedia":[{"embeddable":true,"href":"https:\/\/www.raschvin.com\/sv\/wp-json\/wp\/v2\/media\/21959"}],"wp:attachment":[{"href":"https:\/\/www.raschvin.com\/sv\/wp-json\/wp\/v2\/media?parent=66670"}],"wp:term":[{"taxonomy":"product_brand","embeddable":true,"href":"https:\/\/www.raschvin.com\/sv\/wp-json\/wp\/v2\/product_brand?post=66670"},{"taxonomy":"product_cat","embeddable":true,"href":"https:\/\/www.raschvin.com\/sv\/wp-json\/wp\/v2\/product_cat?post=66670"},{"taxonomy":"product_tag","embeddable":true,"href":"https:\/\/www.raschvin.com\/sv\/wp-json\/wp\/v2\/product_tag?post=66670"}],"curies":[{"name":"wp","href":"https:\/\/api.w.org\/{rel}","templated":true}]}}