{"id":66652,"date":"2024-09-20T08:35:04","date_gmt":"2024-09-20T06:35:04","guid":{"rendered":"https:\/\/www.raschvin.com\/produkt\/bodegas-pequenos-cava-brut-ecologico-75-cl-12\/"},"modified":"2024-09-20T08:35:04","modified_gmt":"2024-09-20T06:35:04","slug":"bodegas-pequenos-cava-brut-ecologico-75-cl-12","status":"publish","type":"product","link":"https:\/\/www.raschvin.com\/sv\/produkt\/bodegas-pequenos-cava-brut-ecologico-75-cl-12\/","title":{"rendered":"Bodegas Peque\u00f1os &#8211; CAVA Brut Ecol\u00f3gico 75 cl. 12%"},"content":{"rendered":"<p>Bodegas Peque\u00f1os Cava Brut Ecol\u00f3gico \u00e4r ett ekologiskt, torrt \u2019blanc de blancs\u2019 cava, gjort p\u00e5 druvsorterna chardonnay och macabeo.<\/p>\n<p>Cava syftar p\u00e5 spanska mousserande viner som tillverkas med en andra j\u00e4sning i flaskan, precis som sin mycket ber\u00f6mda franska motsvarighet, vars dyra advokater \u00e4r snabba att agera om man r\u00e5kar n\u00e4mna ortsnamnet som l\u00e5ter som en blandning av \u2019slask\u2019 och \u2019kampanj\u2019. Nu borde alla vara med, utan att n\u00e5gon k\u00e4nner sig alltf\u00f6r l\u00f6jlig eller bryter mot varum\u00e4rkeslagen.<\/p>\n<p>De ekologiskt odlade druvorna sk\u00f6rdas n\u00e5got omogna f\u00f6r att dels bevara syran, som \u00e4r s\u00e5 viktig i mousserande vin, och samtidigt se till att alkoholniv\u00e5n inte g\u00e5r \u00f6verstyr under den andra j\u00e4sningen, d\u00e5 bubblorna ocks\u00e5 skapas i flaskan.<\/p>\n<p>Doften och smaken bjuder p\u00e5 l\u00e4ttsam smakrikedom i ett torrt bubbelvin med en frisk, krispig profil, som aromatiskt lutar \u00e5t gr\u00f6na \u00e4pplen, citrus och l\u00e4tt \u2019rostade\u2019 j\u00e4stnoter. Bubblorna \u00e4r behagliga och avslutningen matchar vinets ambitionsniv\u00e5 mer \u00e4n v\u00e4l.<\/p>\n<p>Cava \u00e4r utan tvekan ett h\u00e4rligt sk\u00e5lv\u00e4nligt vin, men kom ih\u00e5g att det ocks\u00e5 \u00e4r ett m\u00e5ngsidigt matvin som kan avnjutas under en hel m\u00e5ltid.<\/p>\n<p>Serveras direkt fr\u00e5n kylsk\u00e5pet.<\/p>\n","protected":false},"excerpt":{"rendered":"<p>Product of Spain<\/p>\n","protected":false},"featured_media":66725,"template":"","meta":{"_acf_changed":false,"rs_blank_template":"","rs_page_bg_color":"","slide_template_v7":""},"product_brand":[],"product_cat":[2776,2780],"product_tag":[],"class_list":{"0":"post-66652","1":"product","2":"type-product","3":"status-publish","4":"has-post-thumbnail","6":"product_cat-mousserende-sv","7":"product_cat-cava-sv","8":"pa_champagne-type-brut-sv","9":"pa_drue-chardonnay-sv","10":"pa_drue-macabeo-sv","11":"pa_land-spanien-sv","12":"pa_procent-12-sv","13":"pa_producent-bodegas-pequenos-sv","14":"pa_region-katalonien-sv","15":"pa_serveringstemperatur-8-10-sv","16":"pa_volume-75-sv","18":"first","19":"instock","20":"taxable","21":"shipping-taxable","22":"purchasable","23":"product-type-simple"},"bundled_by":["119996"],"bundle_stock_status":"instock","bundle_stock_quantity":null,"bundle_virtual":false,"bundle_layout":"","bundle_add_to_cart_form_location":"","bundle_editable_in_cart":false,"bundle_sold_individually_context":"","bundle_item_grouping":"","bundle_min_size":"","bundle_max_size":"","bundle_price":[],"bundled_items":[],"bundle_sell_ids":[],"acf":[],"_links":{"self":[{"href":"https:\/\/www.raschvin.com\/sv\/wp-json\/wp\/v2\/product\/66652","targetHints":{"allow":["GET"]}}],"collection":[{"href":"https:\/\/www.raschvin.com\/sv\/wp-json\/wp\/v2\/product"}],"about":[{"href":"https:\/\/www.raschvin.com\/sv\/wp-json\/wp\/v2\/types\/product"}],"wp:featuredmedia":[{"embeddable":true,"href":"https:\/\/www.raschvin.com\/sv\/wp-json\/wp\/v2\/media\/66725"}],"wp:attachment":[{"href":"https:\/\/www.raschvin.com\/sv\/wp-json\/wp\/v2\/media?parent=66652"}],"wp:term":[{"taxonomy":"product_brand","embeddable":true,"href":"https:\/\/www.raschvin.com\/sv\/wp-json\/wp\/v2\/product_brand?post=66652"},{"taxonomy":"product_cat","embeddable":true,"href":"https:\/\/www.raschvin.com\/sv\/wp-json\/wp\/v2\/product_cat?post=66652"},{"taxonomy":"product_tag","embeddable":true,"href":"https:\/\/www.raschvin.com\/sv\/wp-json\/wp\/v2\/product_tag?post=66652"}],"curies":[{"name":"wp","href":"https:\/\/api.w.org\/{rel}","templated":true}]}}