{"id":66649,"date":"2024-09-20T08:24:40","date_gmt":"2024-09-20T06:24:40","guid":{"rendered":"https:\/\/www.raschvin.com\/produkt\/joseph-cartron-bergamote-50-cl-20\/"},"modified":"2024-09-20T08:24:40","modified_gmt":"2024-09-20T06:24:40","slug":"joseph-cartron-bergamote-50-cl-20","status":"publish","type":"product","link":"https:\/\/www.raschvin.com\/sv\/produkt\/joseph-cartron-bergamote-50-cl-20\/","title":{"rendered":"Joseph Cartron \u2013 Bergamote 50 cl. 20%"},"content":{"rendered":"<p>La Liqueur de Bergamote Joseph Cartron anv\u00e4nder de italienska bergamottvarianterna Fantastico, Feminello och Castagrano, k\u00e4nda f\u00f6r sin smakrika saft och den exceptionella kvaliteten p\u00e5 sina eteriska oljor. Dessa omsorgsfullt utvalda bergamottfrukter ger en lik\u00f6r med enast\u00e5ende s\u00f6ta och syrliga smaknyanser, som kompletteras av en lyxig munk\u00e4nsla och en elegant, l\u00e5ngvarig eftersmak. De bittra tonerna fr\u00e5n frukten tillf\u00f6r mycket friskhet, finess och komplexitet. Styrka: 20% vol. Inneh\u00e5ll: 70cl, 50cl.<\/p>\n<p>SMAKNOTER ENLIGT JOSEPH CARTRON Utseende: Alabasterf\u00e4rgad, opaliserande och ljus. Doft: Frisk och \u00f6ppen med toner av citronskal. Smak: Perfekt balans mellan frukt och socker. Den runda smaken \u00e5tf\u00f6ljs av bittra toner och stor finess. Den l\u00e5ngvariga eftersmaken f\u00f6rst\u00e4rks av fruktens syrlighet.<\/p>\n<p>Oumb\u00e4rlig i m\u00e5nga cocktails.<\/p>\n<p>Vissa f\u00f6retag i Bourgogne kan kanske skryta om att vara st\u00f6rre eller mer v\u00e4lk\u00e4nda \u00e4n Joseph Cartron, men Cartron, som grundades 1882, \u00e4r definitivt en av de mest erk\u00e4nda f\u00f6r sin kvalitet. Hemligheten bakom de utm\u00e4rkta fruktlik\u00f6rerna och fruktbr\u00e4nnvinet (eaux-de-vie) ligger framf\u00f6r allt i urvalet av fruktens kvalitet. Ett svartvinb\u00e4r, ett hallon, ett p\u00e4ron eller ett plommon som anv\u00e4nds f\u00f6r destillering eller macerering m\u00e5ste vara perfekt moget och friskt. H\u00e4r kan varje liten brist f\u00f6rst\u00f6ra allt. Som med vin b\u00f6rjar kvaliteten av en fruktlik\u00f6r eller eau-de-vie inte i k\u00e4llaren utan p\u00e5 f\u00e4lten under odlingen. I Bourgogne har Cartron en fantastisk tillg\u00e5ng till frukter p\u00e5 sluttningarna ovanf\u00f6r Grand Cru-vinodlingarna eller i Hautes C\u00f4tes i inlandet. Andra ingredienser h\u00e4mtas fr\u00e5n resten av Frankrike eller mer exotiska platser i v\u00e4rlden. Varje produkt f\u00e5r sin egen destillering enligt ett recept som har anv\u00e4nts i flera generationer. Om det sker f\u00f6r\u00e4ndringar \u00e4r det bara f\u00f6r att f\u00f6rb\u00e4ttra produkten.<\/p>\n","protected":false},"excerpt":{"rendered":"<p>Classic Liqueur de France<\/p>\n","protected":false},"featured_media":66710,"template":"","meta":{"_acf_changed":false,"rs_blank_template":"","rs_page_bg_color":"","slide_template_v7":""},"product_brand":[],"product_cat":[2387,4670,4714,2390],"product_tag":[],"class_list":{"0":"post-66649","1":"product","2":"type-product","3":"status-publish","4":"has-post-thumbnail","6":"product_cat-avec-sv","7":"product_cat-frukt","8":"product_cat-ort","9":"product_cat-sprit","10":"pa_land-frankrike","11":"pa_procent-20-sv","12":"pa_producent-joseph-cartron-sv","13":"pa_region-bourgogne-sv","14":"pa_volume-50-sv","16":"first","17":"instock","18":"taxable","19":"shipping-taxable","20":"purchasable","21":"product-type-simple"},"bundled_by":[],"bundle_stock_status":"instock","bundle_stock_quantity":null,"bundle_virtual":false,"bundle_layout":"","bundle_add_to_cart_form_location":"","bundle_editable_in_cart":false,"bundle_sold_individually_context":"","bundle_item_grouping":"","bundle_min_size":"","bundle_max_size":"","bundle_price":[],"bundled_items":[],"bundle_sell_ids":[],"acf":[],"_links":{"self":[{"href":"https:\/\/www.raschvin.com\/sv\/wp-json\/wp\/v2\/product\/66649","targetHints":{"allow":["GET"]}}],"collection":[{"href":"https:\/\/www.raschvin.com\/sv\/wp-json\/wp\/v2\/product"}],"about":[{"href":"https:\/\/www.raschvin.com\/sv\/wp-json\/wp\/v2\/types\/product"}],"wp:featuredmedia":[{"embeddable":true,"href":"https:\/\/www.raschvin.com\/sv\/wp-json\/wp\/v2\/media\/66710"}],"wp:attachment":[{"href":"https:\/\/www.raschvin.com\/sv\/wp-json\/wp\/v2\/media?parent=66649"}],"wp:term":[{"taxonomy":"product_brand","embeddable":true,"href":"https:\/\/www.raschvin.com\/sv\/wp-json\/wp\/v2\/product_brand?post=66649"},{"taxonomy":"product_cat","embeddable":true,"href":"https:\/\/www.raschvin.com\/sv\/wp-json\/wp\/v2\/product_cat?post=66649"},{"taxonomy":"product_tag","embeddable":true,"href":"https:\/\/www.raschvin.com\/sv\/wp-json\/wp\/v2\/product_tag?post=66649"}],"curies":[{"name":"wp","href":"https:\/\/api.w.org\/{rel}","templated":true}]}}