{"id":66368,"date":"2024-09-16T08:14:37","date_gmt":"2024-09-16T06:14:37","guid":{"rendered":"https:\/\/www.raschvin.com\/produkt\/les-fumees-blanches-sauvignon-blanc-bib-300-cl\/"},"modified":"2024-09-16T08:14:37","modified_gmt":"2024-09-16T06:14:37","slug":"les-fumees-blanches-sauvignon-blanc-bib-300-cl","status":"publish","type":"product","link":"https:\/\/www.raschvin.com\/sv\/produkt\/les-fumees-blanches-sauvignon-blanc-bib-300-cl\/","title":{"rendered":"Les Fum\u00e9es Blanches Sauvignon Blanc BIB 300 cl."},"content":{"rendered":"<p>Ljust gul f\u00e4rg med gr\u00f6na toner. Tydligt fruktig doft med inslag av citrus, p\u00e4ron, krusb\u00e4r och svartvinb\u00e4rsblad. Torr och friskt fruktig smak med inslag av citrus, p\u00e4ron med toner av krusb\u00e4r och svartvinb\u00e4rsblad.<\/p>\n<p>Fran\u00e7ois Lurton \u00e4r f\u00f6dd och uppvuxen i Bordeaux i Frankrike, men inledde sin vinmakarbana p\u00e5 andra sidan Atlanten, n\u00e4rmare best\u00e4mt i Argentina. Argentina, Chile, Spanien och Frankrike. Idag \u00e4r Fran\u00e7ois Lurton en av vinv\u00e4rldens st\u00f6rsta profiler och mannen bakom en rad framg\u00e5ngsrika viner, inte minst succ\u00e9n Les Fum\u00e9es Blanches, d\u00e4r han visar upp sitt hantverkskunnande med favoritdruvan sauvignon blanc.<\/p>\n<p>Men allt tog sin b\u00f6rjan p\u00e5 90-talet i Argentina dit Fran\u00e7ois och hans bror Jaques hade flyttat f\u00f6r att arbeta som vinmakare. D\u00e4r f\u00f6rv\u00e4rvade de tillsammans sina f\u00f6rsta vinmarker. Fran\u00e7ois \u00e4r idag ensam \u00e4gare till ett mycket framg\u00e5ngsrikt och v\u00e4xande vinimperium i b\u00e5de nya och gamla v\u00e4rlden: Argentina, Chile, Spanien och Frankrike.<\/p>\n<p>VINIFIERING<br \/>\nDruvskalen f\u00e5r macerera tillsammans med musten i 8-12 timmar innan de pressas. D\u00e4refter flyttas musten till rostfria st\u00e5ltankar f\u00f6r kylstabilisering vid 8-10\u00b0C i ett par dagar innan alkoholj\u00e4sningen startas med hj\u00e4lp av odlad j\u00e4st.<\/p>\n","protected":false},"excerpt":{"rendered":"<p>Fran\u00e7ois Lurton \u2013 France<\/p>\n","protected":false},"featured_media":66399,"template":"","meta":{"_acf_changed":false,"rs_blank_template":"","rs_page_bg_color":"","slide_template_v7":""},"product_brand":[],"product_cat":[4479,2788,2792],"product_tag":[],"class_list":{"0":"post-66368","1":"product","2":"type-product","3":"status-publish","4":"has-post-thumbnail","6":"product_cat-bag-in-box-sv","7":"product_cat-vin-sv","8":"product_cat-vitt-vin","9":"pa_drue-sauvignon-blanc-sv","10":"pa_land-frankrike","11":"pa_procent-11-5-sv","12":"pa_producent-francois-lurton-sv","13":"pa_region-languedoc-sv","14":"pa_serveringstemperatur-10-12-sv-2","15":"pa_volume-300-sv","17":"first","18":"instock","19":"sale","20":"taxable","21":"shipping-taxable","22":"purchasable","23":"product-type-simple"},"bundled_by":[],"bundle_stock_status":"instock","bundle_stock_quantity":null,"bundle_virtual":false,"bundle_layout":"","bundle_add_to_cart_form_location":"","bundle_editable_in_cart":false,"bundle_sold_individually_context":"","bundle_item_grouping":"","bundle_min_size":"","bundle_max_size":"","bundle_price":[],"bundled_items":[],"bundle_sell_ids":[],"acf":[],"_links":{"self":[{"href":"https:\/\/www.raschvin.com\/sv\/wp-json\/wp\/v2\/product\/66368","targetHints":{"allow":["GET"]}}],"collection":[{"href":"https:\/\/www.raschvin.com\/sv\/wp-json\/wp\/v2\/product"}],"about":[{"href":"https:\/\/www.raschvin.com\/sv\/wp-json\/wp\/v2\/types\/product"}],"wp:featuredmedia":[{"embeddable":true,"href":"https:\/\/www.raschvin.com\/sv\/wp-json\/wp\/v2\/media\/66399"}],"wp:attachment":[{"href":"https:\/\/www.raschvin.com\/sv\/wp-json\/wp\/v2\/media?parent=66368"}],"wp:term":[{"taxonomy":"product_brand","embeddable":true,"href":"https:\/\/www.raschvin.com\/sv\/wp-json\/wp\/v2\/product_brand?post=66368"},{"taxonomy":"product_cat","embeddable":true,"href":"https:\/\/www.raschvin.com\/sv\/wp-json\/wp\/v2\/product_cat?post=66368"},{"taxonomy":"product_tag","embeddable":true,"href":"https:\/\/www.raschvin.com\/sv\/wp-json\/wp\/v2\/product_tag?post=66368"}],"curies":[{"name":"wp","href":"https:\/\/api.w.org\/{rel}","templated":true}]}}