{"id":66365,"date":"2024-09-16T08:04:33","date_gmt":"2024-09-16T06:04:33","guid":{"rendered":"https:\/\/www.raschvin.com\/produkt\/les-fumees-blanches-gris-de-sauvignon-rose-bib-300-cl\/"},"modified":"2024-09-16T08:04:33","modified_gmt":"2024-09-16T06:04:33","slug":"les-fumees-blanches-gris-de-sauvignon-rose-bib-300-cl","status":"publish","type":"product","link":"https:\/\/www.raschvin.com\/sv\/produkt\/les-fumees-blanches-gris-de-sauvignon-rose-bib-300-cl\/","title":{"rendered":"Les Fum\u00e9es Blanches Gris de Sauvignon Ros\u00e9 BIB 300 cl."},"content":{"rendered":"<p>Les Fum\u00e9e Blanches Gris de Sauvignon Ros\u00e9 er lavet udelukkende p\u00e5 Sauvignon Gris druer fra de franske omr\u00e5der Languedoc og Gers. Sauvignon Gris er en lyser\u00f8d mutation af Sauvignon Blanc druen og findes prim\u00e6rt i Bordeaux og Chile.<br \/>\nVinen har en meget lys laksefarve samt en forf\u00f8rende aroma med intense og delikate noter jasmin, eneb\u00e6r, citron og fersken. Smagen er velafbalanceret og bl\u00f8d med en lang, frisk, mineralsk finish. Les Fum\u00e9e Blanches Gris de Sauvignon Ros\u00e9 har b\u00e5de bl\u00f8de noter af fersken og livlige noter af citrus. <\/p>\n<p>Passer godt til sommerlige salater, charcuterie og desserter med r\u00f8de frugter. Den er ogs\u00e5 god til let krydrede retter. B\u00f8r serveres afk\u00f8let ved 10-12\u00baC.<\/p>\n<p>Fran\u00e7ois Lurton<\/p>\n<p>Fran\u00e7ois Lurton er s\u00f8n af den kendte vinmager Andr\u00e9 Lurton, som bl.a. ejede Chateau Bonnel, La Louviere, Dauzac 5. Cru Margaux og mange andre slotte. Efter mange \u00e5rs arbejde med vindyrkning i Bordeaux, Fran\u00e7ois har mestret Sauvignon Blanc-druen. Han laver vin af denne ekspressive, men delikate drue i Frankrig, Spanien, Argentina og Chile.<br \/>\nLes Fum\u00e9es Blanches er det st\u00f8rste m\u00e6rke af Sauvignon Blanc verden over (80 lande). Vinens succes skyldes uden tvivl en l\u00f8bende s\u00f8gning efter kvalitative vinmarker, valg af Sauvignoner fra forskellige terroirer og regioner og teknisk forbedring, der giver en mulighed for at opn\u00e5 en aromatisk vin p\u00e5 flere niveauer. Ydermere er vinene indbegrebet af value-for-money, hvilket talrige udm\u00e6rkelser for bedste forhold mellem pris og kvalitet vidner overbevisende om.<br \/>\nLes Fum\u00e9es Blanches er opkaldt efter morgendisen, der driver som hvid r\u00f8g over vinmarkerne. Det er ikke kun smukt at se p\u00e5, men ogs\u00e5 meget nyttigt for vinstokkene, fordi den giver beskyttelse en del af dagen mod den skarpe sol i Sydfrankrig.<br \/>\nLes Fum\u00e9es Blanches er garanti for en t\u00f8r, finesserig og intens Sauvignon Blanc med druens udfarende frugt, men ogs\u00e5 kompleksitet og druens mere subtile nuancer.<\/p>\n","protected":false},"excerpt":{"rendered":"<p>Fran\u00e7ois Lurton &#8211; France<\/p>\n","protected":false},"featured_media":66384,"template":"","meta":{"_acf_changed":false,"rs_blank_template":"","rs_page_bg_color":"","slide_template_v7":""},"product_brand":[],"product_cat":[4479,2796,7779],"product_tag":[],"class_list":{"0":"post-66365","1":"product","2":"type-product","3":"status-publish","4":"has-post-thumbnail","6":"product_cat-bag-in-box-sv","7":"product_cat-rosevin-sv","8":"product_cat-sommar-rose","9":"pa_drue-sauvignon-gris-sv","10":"pa_land-frankrike","11":"pa_procent-12-sv","12":"pa_producent-francois-lurton-sv","13":"pa_region-languedoc-sv","14":"pa_serveringstemperatur-10-12-sv-2","15":"pa_volume-300-sv","17":"first","18":"instock","19":"sale","20":"taxable","21":"shipping-taxable","22":"purchasable","23":"product-type-simple"},"bundled_by":[],"bundle_stock_status":"instock","bundle_stock_quantity":null,"bundle_virtual":false,"bundle_layout":"","bundle_add_to_cart_form_location":"","bundle_editable_in_cart":false,"bundle_sold_individually_context":"","bundle_item_grouping":"","bundle_min_size":"","bundle_max_size":"","bundle_price":[],"bundled_items":[],"bundle_sell_ids":[],"acf":[],"_links":{"self":[{"href":"https:\/\/www.raschvin.com\/sv\/wp-json\/wp\/v2\/product\/66365","targetHints":{"allow":["GET"]}}],"collection":[{"href":"https:\/\/www.raschvin.com\/sv\/wp-json\/wp\/v2\/product"}],"about":[{"href":"https:\/\/www.raschvin.com\/sv\/wp-json\/wp\/v2\/types\/product"}],"wp:featuredmedia":[{"embeddable":true,"href":"https:\/\/www.raschvin.com\/sv\/wp-json\/wp\/v2\/media\/66384"}],"wp:attachment":[{"href":"https:\/\/www.raschvin.com\/sv\/wp-json\/wp\/v2\/media?parent=66365"}],"wp:term":[{"taxonomy":"product_brand","embeddable":true,"href":"https:\/\/www.raschvin.com\/sv\/wp-json\/wp\/v2\/product_brand?post=66365"},{"taxonomy":"product_cat","embeddable":true,"href":"https:\/\/www.raschvin.com\/sv\/wp-json\/wp\/v2\/product_cat?post=66365"},{"taxonomy":"product_tag","embeddable":true,"href":"https:\/\/www.raschvin.com\/sv\/wp-json\/wp\/v2\/product_tag?post=66365"}],"curies":[{"name":"wp","href":"https:\/\/api.w.org\/{rel}","templated":true}]}}