{"id":66192,"date":"2024-09-13T08:39:08","date_gmt":"2024-09-13T06:39:08","guid":{"rendered":"https:\/\/www.raschvin.com\/produkt\/beats-the-devil-premium-shiraz-300-cl\/"},"modified":"2024-09-13T09:15:11","modified_gmt":"2024-09-13T07:15:11","slug":"beats-the-devil-premium-shiraz-300-cl","status":"publish","type":"product","link":"https:\/\/www.raschvin.com\/sv\/produkt\/beats-the-devil-premium-shiraz-300-cl\/","title":{"rendered":"Beats The Devil Premium Shiraz BIB 300 cl."},"content":{"rendered":"<p>Mogen frukt och espressob\u00f6nor i fin kombination med toner av m\u00f6rk choklad. Ett harmoniskt vin med intensitet och en fin eftersmak.<\/p>\n<p>Passar till: Kalv, Kraftigt kryddade r\u00e4tter, Lamm, N\u00f6tk\u00f6tt<\/p>\n<p>Intensiv och harmonisk<br \/>\nBEATS THE DEVIL Shiraz \u00e4r djupt r\u00f6d i f\u00e4rgen med en dj\u00e4rv svart k\u00e4rna. Doften har inslag av mogen frukt och espressob\u00f6nor i en fin kombination med toner av m\u00f6rk choklad. Smaken \u00e4r v\u00e4lstrukturerad med stor fyllighet, en hint av svarta oliver och kryddor fr\u00e5n fatlagringen. Vinet \u00e4r harmoniskt med bra intensitet och en fin eftersmak. Det \u00e4r en utm\u00e4rkt f\u00f6ljeslagare till sommarens grillfest, till k\u00f6ttr\u00e4tter med intensiv smak eller till starka ostar.<\/p>\n<p>Serveringstemperatur: 14-16 \u00b0C<\/p>\n<p>Framst\u00e4llning<br \/>\nDen enkla hemligheten bakom det uts\u00f6kta BEATS THE DEVIL Shiraz \u00e4r r\u00e5varorna &#8211; en kombination av extraordin\u00e4rt bra druvor och Moder Jords generositet i Victoria. Vinmakarna har noggrant valt ut de b\u00e4sta druvorna f\u00f6r att ge struktur, kropp och smak till denna Shiraz. En del av vinet \u00e4r tillverkat enligt samma metod som den italienska favoriten Ripasso. Ordet Ripasso kommer fr\u00e5n &#8221;ripassare&#8221;, vilket betyder &#8221;att passera igen&#8221;, och musten genomg\u00e5r en dubbel j\u00e4sning p\u00e5 druvskalen, vilket ger vinet f\u00e4rg, smak och fyllighet. F\u00f6re tappning mognar en del av vinet p\u00e5 franska och amerikanska ekfat.<\/p>\n<p>CO2 &#8211; Milj\u00f6v\u00e4nligt<br \/>\nTransporten av vin i bulk fr\u00e5n ursprungslandet till tappning i Danmark inneb\u00e4r en avsev\u00e4rt reducerad CO2-belastning j\u00e4mf\u00f6rt med vin som importeras p\u00e5 flaska. Som ett erk\u00e4nnande av det minskade CO2-avtrycket, men ocks\u00e5 f\u00f6r att s\u00e4kerst\u00e4lla vinets kvalitet samt de ekonomiska f\u00f6rdelarna med bulktransport, utg\u00f6r bulkvin en allt st\u00f6rre del av v\u00e5r verksamhet. L\u00e4s mer h\u00e4r &#8211; www.co2friendlywine.eu.<\/p>\n<p>Om producenten<br \/>\nBeats the Devil-serien \u00e4r ett sl\u00e5ende exempel p\u00e5 hur f\u00f6rstklassiga druvor, perfekt hantverk och naturens generositet i Australien kan resultera i eleganta viner med perfekt arom och l\u00e4cker smak.<\/p>\n","protected":false},"excerpt":{"rendered":"<p>Victoria Red Wine &#8211; Australia<\/p>\n","protected":false},"featured_media":66208,"template":"","meta":{"_acf_changed":false,"rs_blank_template":"","rs_page_bg_color":"","slide_template_v7":""},"product_brand":[],"product_cat":[4479,2788,2798],"product_tag":[],"class_list":{"0":"post-66192","1":"product","2":"type-product","3":"status-publish","4":"has-post-thumbnail","6":"product_cat-bag-in-box-sv","7":"product_cat-vin-sv","8":"product_cat-roedvin-sv","9":"pa_drue-shiraz-sv","10":"pa_land-australien-sv","11":"pa_procent-14-5-sv","12":"pa_producent-beats-the-devil-sv","13":"pa_region-victoria-sv","14":"pa_serveringstemperatur-14-16-sv","15":"pa_volume-300-sv","17":"first","18":"instock","19":"sale","20":"taxable","21":"shipping-taxable","22":"purchasable","23":"product-type-simple"},"bundled_by":[],"bundle_stock_status":"instock","bundle_stock_quantity":null,"bundle_virtual":false,"bundle_layout":"","bundle_add_to_cart_form_location":"","bundle_editable_in_cart":false,"bundle_sold_individually_context":"","bundle_item_grouping":"","bundle_min_size":"","bundle_max_size":"","bundle_price":[],"bundled_items":[],"bundle_sell_ids":[],"acf":[],"_links":{"self":[{"href":"https:\/\/www.raschvin.com\/sv\/wp-json\/wp\/v2\/product\/66192","targetHints":{"allow":["GET"]}}],"collection":[{"href":"https:\/\/www.raschvin.com\/sv\/wp-json\/wp\/v2\/product"}],"about":[{"href":"https:\/\/www.raschvin.com\/sv\/wp-json\/wp\/v2\/types\/product"}],"wp:featuredmedia":[{"embeddable":true,"href":"https:\/\/www.raschvin.com\/sv\/wp-json\/wp\/v2\/media\/66208"}],"wp:attachment":[{"href":"https:\/\/www.raschvin.com\/sv\/wp-json\/wp\/v2\/media?parent=66192"}],"wp:term":[{"taxonomy":"product_brand","embeddable":true,"href":"https:\/\/www.raschvin.com\/sv\/wp-json\/wp\/v2\/product_brand?post=66192"},{"taxonomy":"product_cat","embeddable":true,"href":"https:\/\/www.raschvin.com\/sv\/wp-json\/wp\/v2\/product_cat?post=66192"},{"taxonomy":"product_tag","embeddable":true,"href":"https:\/\/www.raschvin.com\/sv\/wp-json\/wp\/v2\/product_tag?post=66192"}],"curies":[{"name":"wp","href":"https:\/\/api.w.org\/{rel}","templated":true}]}}