{"id":66182,"date":"2024-09-13T08:10:19","date_gmt":"2024-09-13T06:10:19","guid":{"rendered":"https:\/\/www.raschvin.com\/?post_type=product&#038;p=66182"},"modified":"2024-09-13T08:12:28","modified_gmt":"2024-09-13T06:12:28","slug":"dream-big-the-big-chardonnay-75-cl","status":"publish","type":"product","link":"https:\/\/www.raschvin.com\/sv\/produkt\/dream-big-the-big-chardonnay-75-cl\/","title":{"rendered":"Dream BIG! &#8211; The Big Chardonnay 75 cl."},"content":{"rendered":"<p>Krispig, fr\u00e4sch och mjuk<br \/>\nDREAM BIG! \u00c4r en fin klassisk v\u00e4lkomnande chardonnay. Vinet har en skarp och fr\u00e4sch \u00e4ppelsyra och tropiska anteckningar av ananas och mango. Det \u00e4r n\u00e4stan buttery kr\u00e4mig och mjuk i munnen med l\u00e4ckra harmoniska silkeslen toner av citrus.<\/p>\n<p>DREAM BIG! \u00e4r ett saftigt vin med en elegant slut.<\/p>\n<p>Serveringstemperatur: 8-10 \u00b0 C<\/p>\n<p>F\u00f6rberedelse<br \/>\nDruvorna f\u00f6r dr\u00f6m stor! \u00e4r uteslutande vald f\u00f6r detta vin (moms.34) de sk\u00f6rdas av optimal mognad och vin\u00f6s traditionellt.<\/p>\n<p>CO2 &#8211; milj\u00f6v\u00e4nlig<br \/>\nTransport av vin i bulk fr\u00e5n ursprungslandet f\u00f6r tappning i Danmark \u00e4r en v\u00e4sentligt reducerad koldioxidbelastning f\u00f6r j\u00e4mf\u00f6relse med vin som importeras p\u00e5 en flaska. I erk\u00e4nnande av det reducerade CO2-avtrycket, men ocks\u00e5 s\u00e4kerheten f\u00f6r vinets kvalitet och de ekonomiska f\u00f6rdelarna med att transportera vin i bulk utg\u00f6r Bulkvin en \u00f6kande del av v\u00e5r verksamhet. L\u00e4s mer h\u00e4r &#8211; www.co2friendlywine.eu.<\/p>\n<p>Om tillverkaren<br \/>\nEn serie stora viner gjorda p\u00e5 lika dela gl\u00e4dje, sublima b\u00e5tar och Kalifornien solsken. Vinerna \u00e4r gjorda av druvor fr\u00e5n f\u00f6rstklassiga ving\u00e5rdar i Kalifornien och var och en \u00e4r de stora exponenterna i den kaliforniska vinindustrin. Vinerna \u00e4r en hyllning till de stora amerikanska pionj\u00e4rerna och bos\u00e4ttare som lade till h\u00f6rnstenarna i F\u00f6renta staterna och bodde efter v\u00e5r mantra: T\u00e4nk &#8211; dr\u00f6m &#8211; g\u00f6r det &#8211; leva stort!<\/p>\n","protected":false},"excerpt":{"rendered":"<p>Lodi California White<\/p>\n","protected":false},"featured_media":29690,"template":"","meta":{"_acf_changed":false,"rs_blank_template":"","rs_page_bg_color":"","slide_template_v7":""},"product_brand":[],"product_cat":[2788,2792],"product_tag":[],"class_list":{"0":"post-66182","1":"product","2":"type-product","3":"status-publish","4":"has-post-thumbnail","6":"product_cat-vin-sv","7":"product_cat-vitt-vin","8":"pa_drue-chardonnay-sv","9":"pa_land-usa-sv","10":"pa_procent-13-5-sv","11":"pa_producent-big-sv","12":"pa_region-lodi-california-sv","13":"pa_serveringstemperatur-8-10-sv","14":"pa_volume-75-sv","16":"first","17":"instock","18":"taxable","19":"shipping-taxable","20":"purchasable","21":"product-type-simple"},"bundled_by":["119679"],"bundle_stock_status":"instock","bundle_stock_quantity":null,"bundle_virtual":false,"bundle_layout":"","bundle_add_to_cart_form_location":"","bundle_editable_in_cart":false,"bundle_sold_individually_context":"","bundle_item_grouping":"","bundle_min_size":"","bundle_max_size":"","bundle_price":[],"bundled_items":[],"bundle_sell_ids":[],"acf":[],"_links":{"self":[{"href":"https:\/\/www.raschvin.com\/sv\/wp-json\/wp\/v2\/product\/66182","targetHints":{"allow":["GET"]}}],"collection":[{"href":"https:\/\/www.raschvin.com\/sv\/wp-json\/wp\/v2\/product"}],"about":[{"href":"https:\/\/www.raschvin.com\/sv\/wp-json\/wp\/v2\/types\/product"}],"wp:featuredmedia":[{"embeddable":true,"href":"https:\/\/www.raschvin.com\/sv\/wp-json\/wp\/v2\/media\/29690"}],"wp:attachment":[{"href":"https:\/\/www.raschvin.com\/sv\/wp-json\/wp\/v2\/media?parent=66182"}],"wp:term":[{"taxonomy":"product_brand","embeddable":true,"href":"https:\/\/www.raschvin.com\/sv\/wp-json\/wp\/v2\/product_brand?post=66182"},{"taxonomy":"product_cat","embeddable":true,"href":"https:\/\/www.raschvin.com\/sv\/wp-json\/wp\/v2\/product_cat?post=66182"},{"taxonomy":"product_tag","embeddable":true,"href":"https:\/\/www.raschvin.com\/sv\/wp-json\/wp\/v2\/product_tag?post=66182"}],"curies":[{"name":"wp","href":"https:\/\/api.w.org\/{rel}","templated":true}]}}