{"id":66179,"date":"2024-09-13T08:02:29","date_gmt":"2024-09-13T06:02:29","guid":{"rendered":"https:\/\/www.raschvin.com\/?post_type=product&#038;p=66179"},"modified":"2024-10-04T09:09:43","modified_gmt":"2024-10-04T07:09:43","slug":"live-big-white-zinfandel-rose-bib-300-cl","status":"publish","type":"product","link":"https:\/\/www.raschvin.com\/sv\/produkt\/live-big-white-zinfandel-rose-bib-300-cl\/","title":{"rendered":"LIVE BIG! &#8211; White Zinfandel Ros\u00e9 BIB 300 cl."},"content":{"rendered":"<p>Risk, skarp och harmonisk<br \/>\nLIVE BIG! Ha en vacker rosa, n\u00e4stan rosa f\u00e4rg. Vinet \u00e4r f\u00e4rskt med en fin balans mellan s\u00f6tma och syra. I gommen matas vinet med fina anteckningar av citrus, jordgubbar och s\u00f6ta mogna k\u00f6rsb\u00e4r. Slutet \u00e4r l\u00e5ngvarigt l\u00e5ng och n\u00e4rmast kr\u00e4migt.<\/p>\n<p>LIVE BIG! \u00e4r ett saftigt vin med en elegant slut.<\/p>\n<p>F\u00f6r ljusa r\u00e4tter eller njut av det p\u00e5 en h\u00e4rlig kv\u00e4ll p\u00e5 terrassen med goda v\u00e4nner som du gillar &#8221;Live Big!&#8221;.<\/p>\n<p>Serveringstemperatur: 8-10 \u00b0 C<\/p>\n<p>F\u00f6rberedelse<br \/>\nLIVE BIG! \u00e4r gjord p\u00e5 zinfandeldruvor. Ros\u00e9vinet kallas Vit Zinfandel och druvorna \u00e4r uteslutande utvalda f\u00f6r detta vin (moms.69). De sk\u00f6rdas av optimal mognad och vinifieras traditionellt. Den vackra f\u00e4rgen uppn\u00e5s av den mest kontakt med druvskalorna.<\/p>\n<p>CO2 &#8211; milj\u00f6v\u00e4nlig<br \/>\nTransport av vin i bulk fr\u00e5n ursprungslandet f\u00f6r tappning i Danmark \u00e4r en v\u00e4sentligt reducerad koldioxidbelastning f\u00f6r j\u00e4mf\u00f6relse med vin som importeras p\u00e5 en flaska. I erk\u00e4nnande av det reducerade CO2-avtrycket, men ocks\u00e5 s\u00e4kerheten f\u00f6r vinets kvalitet och de ekonomiska f\u00f6rdelarna med att transportera vin i bulk utg\u00f6r Bulkvin en \u00f6kande del av v\u00e5r verksamhet. L\u00e4s mer h\u00e4r &#8211; www.co2friendlywine.eu.<\/p>\n<p>Om tillverkaren<br \/>\nEn serie stora viner gjorda p\u00e5 lika dela gl\u00e4dje, sublima b\u00e5tar och Kalifornien solsken. Vinerna \u00e4r gjorda av druvor fr\u00e5n f\u00f6rstklassiga ving\u00e5rdar i Kalifornien och var och en \u00e4r de stora exponenterna i den kaliforniska vinindustrin. Vinerna \u00e4r en hyllning till de stora amerikanska pionj\u00e4rerna och bos\u00e4ttare som lade till h\u00f6rnstenarna i F\u00f6renta staterna och bodde efter v\u00e5r mantra: T\u00e4nk &#8211; dr\u00f6m &#8211; g\u00f6r det &#8211; leva stort!<\/p>\n","protected":false},"excerpt":{"rendered":"<p>California Sweet Ros\u00e9 &#8211; USA<\/p>\n","protected":false},"featured_media":66223,"template":"","meta":{"_acf_changed":false,"rs_blank_template":"","rs_page_bg_color":"","slide_template_v7":""},"product_brand":[],"product_cat":[4479,2796,7779,2788],"product_tag":[],"class_list":{"0":"post-66179","1":"product","2":"type-product","3":"status-publish","4":"has-post-thumbnail","6":"product_cat-bag-in-box-sv","7":"product_cat-rosevin-sv","8":"product_cat-sommar-rose","9":"product_cat-vin-sv","10":"pa_drue-zinfandel-sv","11":"pa_land-usa-sv","12":"pa_procent-11-5-sv","13":"pa_producent-big-sv","14":"pa_region-central-valley-sv","15":"pa_serveringstemperatur-8-10-sv","16":"pa_volume-300-sv","18":"first","19":"instock","20":"taxable","21":"shipping-taxable","22":"purchasable","23":"product-type-simple"},"bundled_by":[],"bundle_stock_status":"instock","bundle_stock_quantity":null,"bundle_virtual":false,"bundle_layout":"","bundle_add_to_cart_form_location":"","bundle_editable_in_cart":false,"bundle_sold_individually_context":"","bundle_item_grouping":"","bundle_min_size":"","bundle_max_size":"","bundle_price":[],"bundled_items":[],"bundle_sell_ids":[],"acf":[],"_links":{"self":[{"href":"https:\/\/www.raschvin.com\/sv\/wp-json\/wp\/v2\/product\/66179","targetHints":{"allow":["GET"]}}],"collection":[{"href":"https:\/\/www.raschvin.com\/sv\/wp-json\/wp\/v2\/product"}],"about":[{"href":"https:\/\/www.raschvin.com\/sv\/wp-json\/wp\/v2\/types\/product"}],"wp:featuredmedia":[{"embeddable":true,"href":"https:\/\/www.raschvin.com\/sv\/wp-json\/wp\/v2\/media\/66223"}],"wp:attachment":[{"href":"https:\/\/www.raschvin.com\/sv\/wp-json\/wp\/v2\/media?parent=66179"}],"wp:term":[{"taxonomy":"product_brand","embeddable":true,"href":"https:\/\/www.raschvin.com\/sv\/wp-json\/wp\/v2\/product_brand?post=66179"},{"taxonomy":"product_cat","embeddable":true,"href":"https:\/\/www.raschvin.com\/sv\/wp-json\/wp\/v2\/product_cat?post=66179"},{"taxonomy":"product_tag","embeddable":true,"href":"https:\/\/www.raschvin.com\/sv\/wp-json\/wp\/v2\/product_tag?post=66179"}],"curies":[{"name":"wp","href":"https:\/\/api.w.org\/{rel}","templated":true}]}}