{"id":65984,"date":"2024-09-11T15:03:48","date_gmt":"2024-09-11T13:03:48","guid":{"rendered":"https:\/\/www.raschvin.com\/produkt\/sbs-barbados-2013-foursquare-bourbon-port-oak-cask-70-cl-52\/"},"modified":"2024-09-11T17:55:03","modified_gmt":"2024-09-11T15:55:03","slug":"sbs-barbados-2013-foursquare-bourbon-port-oak-cask-70-cl-52","status":"publish","type":"product","link":"https:\/\/www.raschvin.com\/sv\/produkt\/sbs-barbados-2013-foursquare-bourbon-port-oak-cask-70-cl-52\/","title":{"rendered":"SBS Barbados 2013 (Foursquare) &#8211; Bourbon &#038; Port Cask 70 cl. 52%"},"content":{"rendered":"<p>Single Barrel Selection Barbados 2013 \u00e4r en single cask-rom, baserad p\u00e5 melass och destillerad b\u00e5de i en kolonn och pot still \u00e5r 2013. Rommen har lagrats p\u00e5 ex-Bourbon- och portvinsfat och buteljerats vid en styrka p\u00e5 52 % vol i augusti 2024. Rommen \u00e4r icke-kylfiltrerad. S.B.S Barbados 2013 \u00e4r begr\u00e4nsad till endast 389 flaskor.<\/p>\n<p>Doft: Saftig melon och rik melass sammanv\u00e4vs med den jordiga doften av tobak, framh\u00e4vd av s\u00f6tman fr\u00e5n mogna druvor.<\/p>\n<p>Smak: En underbar explosion av s\u00f6ta r\u00f6da b\u00e4r och mjuk karamell, f\u00f6ljt av en torr, l\u00e5ngvarig avslutning med ek och kr\u00e4mig vanilj.<\/p>\n<p>423 ApS \u00e4r ett danskt f\u00f6retag k\u00e4nt f\u00f6r sin expertis inom import och distribution av h\u00f6gkvalitativ sprit, med s\u00e4rskilt fokus p\u00e5 rom. Grundat 2008 har f\u00f6retaget vuxit till ett v\u00e4lk\u00e4nt namn i spritv\u00e4rlden och specialiserar sig p\u00e5 unika, limiterade produkter och single barrel-buteljeringar. Deras flaggskeppsvarum\u00e4rke, S.B.S (Single Barrel Selection), lyfter fram s\u00e4llsynta och noggrant utvalda fat fr\u00e5n hela v\u00e4rlden, ofta producerade i begr\u00e4nsade m\u00e4ngder.<\/p>\n<p>1423 ApS \u00e4r stolta \u00f6ver att utforska nya territorier, uppt\u00e4cka mindre k\u00e4nda destillerier och regioner och f\u00f6ra dessa dolda p\u00e4rlor till den internationella marknaden. Med ett starkt engagemang f\u00f6r kvalitet och autenticitet har f\u00f6retaget byggt upp ett rykte f\u00f6r att erbjuda produkter som tilltalar b\u00e5de samlare och finsmakare. Deras portf\u00f6lj inkluderar rom, whisky och andra spritsorter, noggrant utvalda f\u00f6r att ge kunderna exklusiva och extraordin\u00e4ra upplevelser.<\/p>\n","protected":false},"excerpt":{"rendered":"<p>Single Barrel Selection \u2013 Rum By 1423 Aps<\/p>\n","protected":false},"featured_media":66072,"template":"","meta":{"_acf_changed":false,"rs_blank_template":"","rs_page_bg_color":"","slide_template_v7":""},"product_brand":[],"product_cat":[2387,4634,2391],"product_tag":[],"class_list":{"0":"post-65984","1":"product","2":"type-product","3":"status-publish","4":"has-post-thumbnail","6":"product_cat-avec-sv","7":"product_cat-premium-aged-sv","8":"product_cat-rom-sv","9":"pa_land-barbados-sv","10":"pa_procent-52-sv","11":"pa_producent-1423-aps-sv","12":"pa_traefad-bourbon-sv","13":"pa_traefad-virgin-oak-sv","14":"pa_vintage-2013-sv","15":"pa_volume-70-sv-2","17":"first","18":"instock","19":"sale","20":"taxable","21":"shipping-taxable","22":"purchasable","23":"product-type-simple"},"bundled_by":[],"bundle_stock_status":"instock","bundle_stock_quantity":null,"bundle_virtual":false,"bundle_layout":"","bundle_add_to_cart_form_location":"","bundle_editable_in_cart":false,"bundle_sold_individually_context":"","bundle_item_grouping":"","bundle_min_size":"","bundle_max_size":"","bundle_price":[],"bundled_items":[],"bundle_sell_ids":[],"acf":[],"_links":{"self":[{"href":"https:\/\/www.raschvin.com\/sv\/wp-json\/wp\/v2\/product\/65984","targetHints":{"allow":["GET"]}}],"collection":[{"href":"https:\/\/www.raschvin.com\/sv\/wp-json\/wp\/v2\/product"}],"about":[{"href":"https:\/\/www.raschvin.com\/sv\/wp-json\/wp\/v2\/types\/product"}],"wp:featuredmedia":[{"embeddable":true,"href":"https:\/\/www.raschvin.com\/sv\/wp-json\/wp\/v2\/media\/66072"}],"wp:attachment":[{"href":"https:\/\/www.raschvin.com\/sv\/wp-json\/wp\/v2\/media?parent=65984"}],"wp:term":[{"taxonomy":"product_brand","embeddable":true,"href":"https:\/\/www.raschvin.com\/sv\/wp-json\/wp\/v2\/product_brand?post=65984"},{"taxonomy":"product_cat","embeddable":true,"href":"https:\/\/www.raschvin.com\/sv\/wp-json\/wp\/v2\/product_cat?post=65984"},{"taxonomy":"product_tag","embeddable":true,"href":"https:\/\/www.raschvin.com\/sv\/wp-json\/wp\/v2\/product_tag?post=65984"}],"curies":[{"name":"wp","href":"https:\/\/api.w.org\/{rel}","templated":true}]}}