{"id":65978,"date":"2024-09-11T14:20:46","date_gmt":"2024-09-11T12:20:46","guid":{"rendered":"https:\/\/www.raschvin.com\/produkt\/rock-island-finished-in-tequila-casks-douglas-laings-70-cl-48\/"},"modified":"2024-09-11T14:20:46","modified_gmt":"2024-09-11T12:20:46","slug":"rock-island-finished-in-tequila-casks-douglas-laings-70-cl-48","status":"publish","type":"product","link":"https:\/\/www.raschvin.com\/sv\/produkt\/rock-island-finished-in-tequila-casks-douglas-laings-70-cl-48\/","title":{"rendered":"Rock Island Finished in Tequila Casks &#8211; Douglas Laing\u2019s 70 cl. 48%"},"content":{"rendered":"<p>Den oberoende buteljeraren Douglas Laing har sedan 2015 blandat single malts fr\u00e5n Arran, Islay, Jura och Orkney. Fram till 2019 sl\u00e4pptes whiskyn under namnet Rock Oyster, d\u00e4refter som Rock Island f\u00f6r att tydligare betona fokus p\u00e5 \u00f6-whisky. Whiskyn f\u00f6r denna specialutg\u00e5va har slutlagrats i tidigare tequilafat och buteljerats utan kylfiltrering och i naturlig f\u00e4rg med en alkoholhalt p\u00e5 48% ABV. Totalt finns endast 4 200 flaskor av Rock Island Tequila Cask Edition tillg\u00e4ngliga globalt.<\/p>\n<p>Chloe Wood, varum\u00e4rkeschef f\u00f6r Rock Island, sade att Rock Island \u00e4r ett varum\u00e4rke som de \u00e4r mycket stolta \u00f6ver hos Douglas Laing. Det l\u00e5ter dem sammanf\u00f6ra fyra av v\u00e4rldens mest k\u00e4nda whiskyproducerande \u00f6ar f\u00f6r att skapa en verkligt unik blended malt Scotch whisky. P\u00e5 Douglas Laing v\u00e4ljer de alltid de b\u00e4sta faten, och denna Rock Island Tequila Cask Edition \u00e4r inget undantag. Kombinationen av skotska och mexikanska element g\u00f6r denna utg\u00e5va s\u00e5 intressant.<\/p>\n<p>I linje med slutlagringen inneh\u00e5ller designen av Rock Island Tequila Cask Edition element fr\u00e5n den mexikanska kulturen.<\/p>\n<p>Den aktuella pressreleasen beskriver smaken av Rock Island Tequila Cask Edition som att den omedelbart visar toner av citrus och l\u00e4gereld p\u00e5 n\u00e4san. Smaken \u00e4r otroligt kr\u00e4mig med toner av krispiga \u00e4pplen, karamell, vanilj och torv. Eftersmaken \u00e4r l\u00e5ngvarig med brunt socker och rostad ek.<\/p>\n","protected":false},"excerpt":{"rendered":"<p>Blended Malt Scotch Whisky<\/p>\n","protected":false},"featured_media":66003,"template":"","meta":{"_acf_changed":false,"rs_blank_template":"","rs_page_bg_color":"","slide_template_v7":""},"product_brand":[],"product_cat":[2387,2392,4648],"product_tag":[],"class_list":{"0":"post-65978","1":"product","2":"type-product","3":"status-publish","4":"has-post-thumbnail","6":"product_cat-avec-sv","7":"product_cat-whisky-sv","8":"product_cat-blended-malt","9":"pa_land-skottland","10":"pa_procent-48-sv","11":"pa_region-island-sv","12":"pa_traefad-tequila-sv","13":"pa_volume-70-sv-2","15":"first","16":"instock","17":"sale","18":"taxable","19":"shipping-taxable","20":"purchasable","21":"product-type-simple"},"bundled_by":[],"bundle_stock_status":"instock","bundle_stock_quantity":null,"bundle_virtual":false,"bundle_layout":"","bundle_add_to_cart_form_location":"","bundle_editable_in_cart":false,"bundle_sold_individually_context":"","bundle_item_grouping":"","bundle_min_size":"","bundle_max_size":"","bundle_price":[],"bundled_items":[],"bundle_sell_ids":[],"acf":[],"_links":{"self":[{"href":"https:\/\/www.raschvin.com\/sv\/wp-json\/wp\/v2\/product\/65978","targetHints":{"allow":["GET"]}}],"collection":[{"href":"https:\/\/www.raschvin.com\/sv\/wp-json\/wp\/v2\/product"}],"about":[{"href":"https:\/\/www.raschvin.com\/sv\/wp-json\/wp\/v2\/types\/product"}],"wp:featuredmedia":[{"embeddable":true,"href":"https:\/\/www.raschvin.com\/sv\/wp-json\/wp\/v2\/media\/66003"}],"wp:attachment":[{"href":"https:\/\/www.raschvin.com\/sv\/wp-json\/wp\/v2\/media?parent=65978"}],"wp:term":[{"taxonomy":"product_brand","embeddable":true,"href":"https:\/\/www.raschvin.com\/sv\/wp-json\/wp\/v2\/product_brand?post=65978"},{"taxonomy":"product_cat","embeddable":true,"href":"https:\/\/www.raschvin.com\/sv\/wp-json\/wp\/v2\/product_cat?post=65978"},{"taxonomy":"product_tag","embeddable":true,"href":"https:\/\/www.raschvin.com\/sv\/wp-json\/wp\/v2\/product_tag?post=65978"}],"curies":[{"name":"wp","href":"https:\/\/api.w.org\/{rel}","templated":true}]}}