{"id":65867,"date":"2024-09-11T08:36:44","date_gmt":"2024-09-11T06:36:44","guid":{"rendered":"https:\/\/www.raschvin.com\/produkt\/clan-denny-islay-single-malt-70-cl-40\/"},"modified":"2024-09-11T08:36:44","modified_gmt":"2024-09-11T06:36:44","slug":"clan-denny-islay-single-malt-70-cl-40","status":"publish","type":"product","link":"https:\/\/www.raschvin.com\/sv\/produkt\/clan-denny-islay-single-malt-70-cl-40\/","title":{"rendered":"Clan Denny Islay Single Malt 70 cl. 40%"},"content":{"rendered":"<p>Profil: En \u00f6versikt \u00f6ver Islay Edition Single Malt Clan Denny<\/p>\n<p>Mystisk: En single malt fr\u00e5n den skotska \u00f6n Islay<br \/>\nHistorisk: Sedan 1947 har McGibbon &#038; Company levererat de finaste whiskyerna<br \/>\nSkotsk hemlighet: Vilket Islay-destilleri st\u00e5r bakom denna malt&#8230;?<br \/>\nAttraktivt pris: Single malten erbjuder mycket Islay-whisky f\u00f6r pengarna<br \/>\nPortr\u00e4tt: Vad g\u00f6r Islay Edition Single Malt Clan Denny s\u00e5 speciell?<br \/>\nHerr Douglas McGibbon reste fr\u00e5n \u00f6n Islay, k\u00e4nd f\u00f6r sin whiskyproduktion, till fastlandet i Skottland \u2013 n\u00e4rmare best\u00e4mt Glasgow \u2013 i slutet av 1890-talet. Hans sondotters man grundade s\u00e5 sm\u00e5ningom f\u00f6retaget som b\u00e4r hans namn 1947, och Morag McGibbons familj har varit med oss sedan dess.<br \/>\nDouglas McGibbon &#038; Company \u00e4r ett oberoende, familje\u00e4gt f\u00f6retag som tillverkar skotsk whisky enligt tidl\u00f6sa metoder och traditioner. De v\u00e4ljer bara ut de finaste faten fr\u00e5n familjens lager, som har legat or\u00f6rda och v\u00e4l skyddade i kalla, m\u00f6rka och fuktiga lagerhus i Skottland i m\u00e5nga \u00e5r.<\/p>\n<p>Smaknoter: S\u00e5 h\u00e4r smakar Islay Edition Single Malt Clan Denny<\/p>\n<p>Doft: Aromer av torv, r\u00f6k, malt och kryddor<br \/>\nSmak: Fyllig smak med rikligt med r\u00f6k, plus en behaglig citruss\u00f6tma<br \/>\nEftersmak: L\u00e5ng och torr eftersmak \u2013 torvr\u00f6ken \u00e4r n\u00e4rvarande<\/p>\n","protected":false},"excerpt":{"rendered":"<p>Islay Single Malt Scotch Whisky<\/p>\n","protected":false},"featured_media":65898,"template":"","meta":{"_acf_changed":false,"rs_blank_template":"","rs_page_bg_color":"","slide_template_v7":""},"product_brand":[],"product_cat":[2387,4651,2392],"product_tag":[],"class_list":{"0":"post-65867","1":"product","2":"type-product","3":"status-publish","4":"has-post-thumbnail","6":"product_cat-avec-sv","7":"product_cat-single-malt-sv","8":"product_cat-whisky-sv","9":"pa_land-skottland","10":"pa_procent-40-sv-2","11":"pa_producent-douglas-mcgibbon-co-ltd-sv","12":"pa_region-islay-sv","13":"pa_volume-70-sv-2","15":"first","16":"instock","17":"sale","18":"taxable","19":"shipping-taxable","20":"purchasable","21":"product-type-simple"},"bundled_by":[],"bundle_stock_status":"instock","bundle_stock_quantity":null,"bundle_virtual":false,"bundle_layout":"","bundle_add_to_cart_form_location":"","bundle_editable_in_cart":false,"bundle_sold_individually_context":"","bundle_item_grouping":"","bundle_min_size":"","bundle_max_size":"","bundle_price":[],"bundled_items":[],"bundle_sell_ids":[],"acf":[],"_links":{"self":[{"href":"https:\/\/www.raschvin.com\/sv\/wp-json\/wp\/v2\/product\/65867","targetHints":{"allow":["GET"]}}],"collection":[{"href":"https:\/\/www.raschvin.com\/sv\/wp-json\/wp\/v2\/product"}],"about":[{"href":"https:\/\/www.raschvin.com\/sv\/wp-json\/wp\/v2\/types\/product"}],"wp:featuredmedia":[{"embeddable":true,"href":"https:\/\/www.raschvin.com\/sv\/wp-json\/wp\/v2\/media\/65898"}],"wp:attachment":[{"href":"https:\/\/www.raschvin.com\/sv\/wp-json\/wp\/v2\/media?parent=65867"}],"wp:term":[{"taxonomy":"product_brand","embeddable":true,"href":"https:\/\/www.raschvin.com\/sv\/wp-json\/wp\/v2\/product_brand?post=65867"},{"taxonomy":"product_cat","embeddable":true,"href":"https:\/\/www.raschvin.com\/sv\/wp-json\/wp\/v2\/product_cat?post=65867"},{"taxonomy":"product_tag","embeddable":true,"href":"https:\/\/www.raschvin.com\/sv\/wp-json\/wp\/v2\/product_tag?post=65867"}],"curies":[{"name":"wp","href":"https:\/\/api.w.org\/{rel}","templated":true}]}}