{"id":65863,"date":"2024-09-11T08:24:32","date_gmt":"2024-09-11T06:24:32","guid":{"rendered":"https:\/\/www.raschvin.com\/produkt\/razels-choco-brownie-rum-50-cl-381\/"},"modified":"2024-09-11T08:24:32","modified_gmt":"2024-09-11T06:24:32","slug":"razels-choco-brownie-rum-50-cl-381","status":"publish","type":"product","link":"https:\/\/www.raschvin.com\/sv\/produkt\/razels-choco-brownie-rum-50-cl-381\/","title":{"rendered":"Razel&#8217;s Choco Brownie Rum 50 cl. 38,1%"},"content":{"rendered":"<p>F\u00f6rest\u00e4ll dig att du kunde f\u00e5nga smakerna fr\u00e5n popul\u00e4ra amerikanska godsaker och kombinera dem med fin karibisk rom f\u00f6r att skapa en verkligen exceptionell smakupplevelse&#8230; Med Razel&#8217;s blir denna osannolika dr\u00f6m till en ljuvlig verklighet!<\/p>\n<p>Razel&#8217;s kombinerar underbart lagrad rom fr\u00e5n Karibien med endast naturliga aromer och erbjuder flytande desserter som \u00e4r inspirerade av dina amerikanska favoriter.<\/p>\n<p>Razel&#8217;s Choco Brownie \u00e4r gjord av rom av h\u00f6gsta kvalitet, f\u00f6rfinad med endast naturliga ingredienser. L\u00e5t dig sm\u00e4lta bort av den munvattnande doften av nybakade brownies. Underbara toner av m\u00f6rk kakao, smet och kaffe l\u00e4mnar en mjuk och sammetslen k\u00e4nsla p\u00e5 tungan.<\/p>\n<p>S\u00f6t, kr\u00e4mig och helt enkelt ett m\u00e5ste f\u00f6r alla som \u00e4lskar brownies. Njut av denna flytande bakelse genom att toppa din dessert eller avnjut den ren eller i kreativa drinkar.<\/p>\n","protected":false},"excerpt":{"rendered":"<p>Infused Rum With Natural Flavour<\/p>\n","protected":false},"featured_media":65916,"template":"","meta":{"_acf_changed":false,"rs_blank_template":"","rs_page_bg_color":"","slide_template_v7":""},"product_brand":[],"product_cat":[2387,4634,2391,4678,4639,2390],"product_tag":[],"class_list":{"0":"post-65863","1":"product","2":"type-product","3":"status-publish","4":"has-post-thumbnail","6":"product_cat-avec-sv","7":"product_cat-premium-aged-sv","8":"product_cat-rom-sv","9":"product_cat-romlikor","10":"product_cat-romliqueur-sv","11":"product_cat-sprit","12":"pa_land-tyskland-sv","13":"pa_procent-38-1-sv","14":"pa_producent-razels-rum-company-sv","15":"pa_volume-50-sv","17":"first","18":"instock","19":"sale","20":"taxable","21":"shipping-taxable","22":"purchasable","23":"product-type-simple"},"bundled_by":[],"bundle_stock_status":"instock","bundle_stock_quantity":null,"bundle_virtual":false,"bundle_layout":"","bundle_add_to_cart_form_location":"","bundle_editable_in_cart":false,"bundle_sold_individually_context":"","bundle_item_grouping":"","bundle_min_size":"","bundle_max_size":"","bundle_price":[],"bundled_items":[],"bundle_sell_ids":[],"acf":[],"_links":{"self":[{"href":"https:\/\/www.raschvin.com\/sv\/wp-json\/wp\/v2\/product\/65863","targetHints":{"allow":["GET"]}}],"collection":[{"href":"https:\/\/www.raschvin.com\/sv\/wp-json\/wp\/v2\/product"}],"about":[{"href":"https:\/\/www.raschvin.com\/sv\/wp-json\/wp\/v2\/types\/product"}],"wp:featuredmedia":[{"embeddable":true,"href":"https:\/\/www.raschvin.com\/sv\/wp-json\/wp\/v2\/media\/65916"}],"wp:attachment":[{"href":"https:\/\/www.raschvin.com\/sv\/wp-json\/wp\/v2\/media?parent=65863"}],"wp:term":[{"taxonomy":"product_brand","embeddable":true,"href":"https:\/\/www.raschvin.com\/sv\/wp-json\/wp\/v2\/product_brand?post=65863"},{"taxonomy":"product_cat","embeddable":true,"href":"https:\/\/www.raschvin.com\/sv\/wp-json\/wp\/v2\/product_cat?post=65863"},{"taxonomy":"product_tag","embeddable":true,"href":"https:\/\/www.raschvin.com\/sv\/wp-json\/wp\/v2\/product_tag?post=65863"}],"curies":[{"name":"wp","href":"https:\/\/api.w.org\/{rel}","templated":true}]}}