{"id":65856,"date":"2024-09-11T08:09:16","date_gmt":"2024-09-11T06:09:16","guid":{"rendered":"https:\/\/www.raschvin.com\/produkt\/razels-banana-bread-rum-50-cl-381\/"},"modified":"2024-09-11T08:09:16","modified_gmt":"2024-09-11T06:09:16","slug":"razels-banana-bread-rum-50-cl-381","status":"publish","type":"product","link":"https:\/\/www.raschvin.com\/sv\/produkt\/razels-banana-bread-rum-50-cl-381\/","title":{"rendered":"Razel&#8217;s Banana Bread Rum 50 cl. 38,1%"},"content":{"rendered":"<p>&#8221;Razel&#8217;s Banana Bread Rum \u00e4r en unik och kreativ fusion som kombinerar den rika och kryddiga smaken av karibisk rom med den varma, hemtrevliga smaken av nybakat bananbr\u00f6d. Denna limited edition fr\u00e5n 2022 \u00e4r skapad f\u00f6r dem som \u00e4lskar b\u00e5de det s\u00f6ta och det komplexa. Du kommer att uppleva toner av mogen banan, kryddor som kanel och muskot, samt en subtil sm\u00f6rig bakgrund som p\u00e5minner om nybakat br\u00f6d. Rommens karibiska ursprung tillf\u00f6r ett djup med inslag av vanilj och karamelliserat socker, som f\u00f6rst\u00e4rker den s\u00f6ta och fruktiga smaken. Razel&#8217;s Banana Bread Rum \u00e4r perfekt att njuta av rent, med is eller som en del av kreativa cocktails d\u00e4r desserliknande toner f\u00e5r komma fram. Oavsett hur du v\u00e4ljer att njuta av den, kommer denna rom att ge en smakupplevelse som \u00e4r b\u00e5de varm, nostalgisk och of\u00f6rgl\u00f6mlig.&#8221;<\/p>\n<p>Denna produkt tilltalar b\u00e5de rom\u00e4lskare och de som uppskattar n\u00e5got lite annorlunda och roligt!<\/p>\n","protected":false},"excerpt":{"rendered":"<p>Infused Rum With Natural Flavour <\/p>\n","protected":false},"featured_media":65901,"template":"","meta":{"_acf_changed":false,"rs_blank_template":"","rs_page_bg_color":"","slide_template_v7":""},"product_brand":[],"product_cat":[4634,2387,4678,2390,2391],"product_tag":[],"class_list":{"0":"post-65856","1":"product","2":"type-product","3":"status-publish","4":"has-post-thumbnail","6":"product_cat-premium-aged-sv","7":"product_cat-avec-sv","8":"product_cat-romlikor","9":"product_cat-sprit","10":"product_cat-rom-sv","11":"pa_land-tyskland-sv","12":"pa_procent-38-1-sv","13":"pa_producent-razels-rum-company-sv","14":"pa_volume-50-sv","16":"first","17":"instock","18":"sale","19":"taxable","20":"shipping-taxable","21":"purchasable","22":"product-type-simple"},"bundled_by":[],"bundle_stock_status":"instock","bundle_stock_quantity":null,"bundle_virtual":false,"bundle_layout":"","bundle_add_to_cart_form_location":"","bundle_editable_in_cart":false,"bundle_sold_individually_context":"","bundle_item_grouping":"","bundle_min_size":"","bundle_max_size":"","bundle_price":[],"bundled_items":[],"bundle_sell_ids":[],"acf":[],"_links":{"self":[{"href":"https:\/\/www.raschvin.com\/sv\/wp-json\/wp\/v2\/product\/65856","targetHints":{"allow":["GET"]}}],"collection":[{"href":"https:\/\/www.raschvin.com\/sv\/wp-json\/wp\/v2\/product"}],"about":[{"href":"https:\/\/www.raschvin.com\/sv\/wp-json\/wp\/v2\/types\/product"}],"wp:featuredmedia":[{"embeddable":true,"href":"https:\/\/www.raschvin.com\/sv\/wp-json\/wp\/v2\/media\/65901"}],"wp:attachment":[{"href":"https:\/\/www.raschvin.com\/sv\/wp-json\/wp\/v2\/media?parent=65856"}],"wp:term":[{"taxonomy":"product_brand","embeddable":true,"href":"https:\/\/www.raschvin.com\/sv\/wp-json\/wp\/v2\/product_brand?post=65856"},{"taxonomy":"product_cat","embeddable":true,"href":"https:\/\/www.raschvin.com\/sv\/wp-json\/wp\/v2\/product_cat?post=65856"},{"taxonomy":"product_tag","embeddable":true,"href":"https:\/\/www.raschvin.com\/sv\/wp-json\/wp\/v2\/product_tag?post=65856"}],"curies":[{"name":"wp","href":"https:\/\/api.w.org\/{rel}","templated":true}]}}