{"id":65788,"date":"2024-09-10T08:36:43","date_gmt":"2024-09-10T06:36:43","guid":{"rendered":"https:\/\/www.raschvin.com\/produkt\/terra-verde-extra-old-sweet-xos-70-cl-40\/"},"modified":"2026-04-15T08:16:17","modified_gmt":"2026-04-15T06:16:17","slug":"terra-verde-extra-old-sweet-xos-70-cl-40","status":"publish","type":"product","link":"https:\/\/www.raschvin.com\/sv\/produkt\/terra-verde-extra-old-sweet-xos-70-cl-40\/","title":{"rendered":"Terra Verde Coconut Extra Old Sweet (XOS) 70 cl. 40%"},"content":{"rendered":"<p>Terra Verde Extra Old Sweet \u00e4r en dominikansk spritdryck av extraordin\u00e4r kvalitet som k\u00e4nnetecknas av en mjuk, rund och mild smakprofil med en s\u00f6t eftersmak. Denna spritdryck har lagrats p\u00e5 bourbonfat, vilket har gett den en fantastisk komplexitet och flera dimensioner. Skapad f\u00f6r den som uppskattar en s\u00f6tare smak, utlovar Terra Verde en mycket speciell och unik smakupplevelse.<\/p>\n","protected":false},"excerpt":{"rendered":"<p>Dominican Repibluc Premium Aged Spirit Drink<\/p>\n","protected":false},"featured_media":121810,"template":"","meta":{"_acf_changed":false,"rs_blank_template":"","rs_page_bg_color":"","slide_template_v7":""},"product_brand":[],"product_cat":[2387,4634,2391],"product_tag":[],"class_list":{"0":"post-65788","1":"product","2":"type-product","3":"status-publish","4":"has-post-thumbnail","6":"product_cat-avec-sv","7":"product_cat-premium-aged-sv","8":"product_cat-rom-sv","9":"pa_land-dominikanska-republiken","10":"pa_procent-40-sv-2","11":"pa_producent-a-clean-spirit-sv","12":"pa_volume-70-sv-2","14":"first","15":"instock","16":"sale","17":"taxable","18":"shipping-taxable","19":"purchasable","20":"product-type-simple"},"bundled_by":[],"bundle_stock_status":"instock","bundle_stock_quantity":null,"bundle_virtual":false,"bundle_layout":"","bundle_add_to_cart_form_location":"","bundle_editable_in_cart":false,"bundle_sold_individually_context":"","bundle_item_grouping":"","bundle_min_size":"","bundle_max_size":"","bundle_price":[],"bundled_items":[],"bundle_sell_ids":[],"acf":[],"_links":{"self":[{"href":"https:\/\/www.raschvin.com\/sv\/wp-json\/wp\/v2\/product\/65788","targetHints":{"allow":["GET"]}}],"collection":[{"href":"https:\/\/www.raschvin.com\/sv\/wp-json\/wp\/v2\/product"}],"about":[{"href":"https:\/\/www.raschvin.com\/sv\/wp-json\/wp\/v2\/types\/product"}],"wp:featuredmedia":[{"embeddable":true,"href":"https:\/\/www.raschvin.com\/sv\/wp-json\/wp\/v2\/media\/121810"}],"wp:attachment":[{"href":"https:\/\/www.raschvin.com\/sv\/wp-json\/wp\/v2\/media?parent=65788"}],"wp:term":[{"taxonomy":"product_brand","embeddable":true,"href":"https:\/\/www.raschvin.com\/sv\/wp-json\/wp\/v2\/product_brand?post=65788"},{"taxonomy":"product_cat","embeddable":true,"href":"https:\/\/www.raschvin.com\/sv\/wp-json\/wp\/v2\/product_cat?post=65788"},{"taxonomy":"product_tag","embeddable":true,"href":"https:\/\/www.raschvin.com\/sv\/wp-json\/wp\/v2\/product_tag?post=65788"}],"curies":[{"name":"wp","href":"https:\/\/api.w.org\/{rel}","templated":true}]}}