{"id":65749,"date":"2024-09-09T19:15:28","date_gmt":"2024-09-09T17:15:28","guid":{"rendered":"https:\/\/www.raschvin.com\/?post_type=product&#038;p=65749"},"modified":"2024-09-10T08:44:53","modified_gmt":"2024-09-10T06:44:53","slug":"dansk-mjoed-vikinge-runer-kirsebaer-mjoed-75-cl-14","status":"publish","type":"product","link":"https:\/\/www.raschvin.com\/sv\/produkt\/dansk-mjoed-vikinge-runer-kirsebaer-mjoed-75-cl-14\/","title":{"rendered":"Dansk Mj\u00f8d &#8211; Vikinge Runer Kirseb\u00e6r Mj\u00f8d 75 cl. 14%"},"content":{"rendered":"<p>Denna speciella utg\u00e5va \u00e4r bryggd med k\u00f6rsb\u00e4r och finns endast i ett begr\u00e4nsat antal. Den intensiva s\u00f6tman och friskheten fr\u00e5n sura k\u00f6rsb\u00e4r, kombinerat med den temperamentsfulla och kryddiga eftersmaken fr\u00e5n de tasmanska pepparkornen, skapar en unik smakupplevelse med djup och v\u00e4rme. Serveras l\u00e4tt kyld som aperitif, rumstempererad som dessertvin eller varm som en h\u00e4rlig gl\u00f6gg.<\/p>\n","protected":false},"excerpt":{"rendered":"<p>Danish Mead<\/p>\n","protected":false},"featured_media":65759,"template":"","meta":{"_acf_changed":false,"rs_blank_template":"","rs_page_bg_color":"","slide_template_v7":""},"product_brand":[],"product_cat":[2765,2788,4427],"product_tag":[],"class_list":{"0":"post-65749","1":"product","2":"type-product","3":"status-publish","4":"has-post-thumbnail","6":"product_cat-hedvin-sv","7":"product_cat-vin-sv","8":"product_cat-mjod","9":"pa_land-danmark-sv","10":"pa_procent-14-sv","11":"pa_producent-dansk-mjoed-sv","12":"pa_region-billund-sv","13":"pa_volume-75-sv","15":"first","16":"instock","17":"sale","18":"taxable","19":"shipping-taxable","20":"purchasable","21":"product-type-simple"},"bundled_by":[],"bundle_stock_status":"instock","bundle_stock_quantity":null,"bundle_virtual":false,"bundle_layout":"","bundle_add_to_cart_form_location":"","bundle_editable_in_cart":false,"bundle_sold_individually_context":"","bundle_item_grouping":"","bundle_min_size":"","bundle_max_size":"","bundle_price":[],"bundled_items":[],"bundle_sell_ids":[],"acf":[],"_links":{"self":[{"href":"https:\/\/www.raschvin.com\/sv\/wp-json\/wp\/v2\/product\/65749","targetHints":{"allow":["GET"]}}],"collection":[{"href":"https:\/\/www.raschvin.com\/sv\/wp-json\/wp\/v2\/product"}],"about":[{"href":"https:\/\/www.raschvin.com\/sv\/wp-json\/wp\/v2\/types\/product"}],"wp:featuredmedia":[{"embeddable":true,"href":"https:\/\/www.raschvin.com\/sv\/wp-json\/wp\/v2\/media\/65759"}],"wp:attachment":[{"href":"https:\/\/www.raschvin.com\/sv\/wp-json\/wp\/v2\/media?parent=65749"}],"wp:term":[{"taxonomy":"product_brand","embeddable":true,"href":"https:\/\/www.raschvin.com\/sv\/wp-json\/wp\/v2\/product_brand?post=65749"},{"taxonomy":"product_cat","embeddable":true,"href":"https:\/\/www.raschvin.com\/sv\/wp-json\/wp\/v2\/product_cat?post=65749"},{"taxonomy":"product_tag","embeddable":true,"href":"https:\/\/www.raschvin.com\/sv\/wp-json\/wp\/v2\/product_tag?post=65749"}],"curies":[{"name":"wp","href":"https:\/\/api.w.org\/{rel}","templated":true}]}}