{"id":65403,"date":"2024-09-06T08:36:13","date_gmt":"2024-09-06T06:36:13","guid":{"rendered":"https:\/\/www.raschvin.com\/produkt\/scallywag-the-chocolate-edition-7-2024-douglas-laings-70-cl-48\/"},"modified":"2024-09-06T08:36:13","modified_gmt":"2024-09-06T06:36:13","slug":"scallywag-the-chocolate-edition-7-2024-douglas-laings-70-cl-48","status":"publish","type":"product","link":"https:\/\/www.raschvin.com\/sv\/produkt\/scallywag-the-chocolate-edition-7-2024-douglas-laings-70-cl-48\/","title":{"rendered":"Scallywag The Chocolate Edition #7 2024 &#8211; Douglas Laing\u2019s 70 cl. 48%"},"content":{"rendered":"<p>Douglas Laing lanserar nya Scallywag \u2018The Chocolate Edition\u2019 med en twist: En fusion av Speyside Malt Scotch Whisky och lyx fr\u00e5n portvinsfat<\/p>\n<p>Douglas Laing &#038; Co. meddelar idag lanseringen av deras senaste Scallywag \u2018The Chocolate Edition\u2019 \u00e5rliga buteljering. Som den sjunde i serien erbjuder denna utg\u00e5va n\u00e5got annorlunda fr\u00e5n den ettriga Fox Terrier. Tillverkad med precision och passion ser denna nyaste utg\u00e5va att Scallywag Speyside Malt Scotch Whisky \u00e5ldras fullt ut p\u00e5 Sherryfat f\u00f6ljt av en l\u00e5ng avslutning i portvinsfat. Denna unika kombination ger en rik och lyxig smakprofil, vilket g\u00f6r den till en verkligen exceptionell utg\u00e5va. Smaknoterna beskriver att whiskyn avsl\u00f6jar &#8221;lager p\u00e5 lager av brun farin, saftiga skogsb\u00e4r, dekadent m\u00f6rk choklad och en tr\u00f6stande v\u00e4rme av bakningskryddor.<\/p>\n","protected":false},"excerpt":{"rendered":"<p>Speyside Blended Malt Scotch Whisky <\/p>\n","protected":false},"featured_media":65458,"template":"","meta":{"_acf_changed":false,"rs_blank_template":"","rs_page_bg_color":"","slide_template_v7":""},"product_brand":[],"product_cat":[2387,2392,4648],"product_tag":[],"class_list":{"0":"post-65403","1":"product","2":"type-product","3":"status-publish","4":"has-post-thumbnail","6":"product_cat-avec-sv","7":"product_cat-whisky-sv","8":"product_cat-blended-malt","9":"pa_aargang-2024-sv","10":"pa_land-skottland","11":"pa_procent-48-sv","12":"pa_producent-douglas-laings-sv-2","13":"pa_region-speyside-sv","14":"pa_volume-70-sv-2","16":"first","17":"instock","18":"sale","19":"taxable","20":"shipping-taxable","21":"purchasable","22":"product-type-simple"},"bundled_by":[],"bundle_stock_status":"instock","bundle_stock_quantity":null,"bundle_virtual":false,"bundle_layout":"","bundle_add_to_cart_form_location":"","bundle_editable_in_cart":false,"bundle_sold_individually_context":"","bundle_item_grouping":"","bundle_min_size":"","bundle_max_size":"","bundle_price":[],"bundled_items":[],"bundle_sell_ids":[],"acf":[],"_links":{"self":[{"href":"https:\/\/www.raschvin.com\/sv\/wp-json\/wp\/v2\/product\/65403","targetHints":{"allow":["GET"]}}],"collection":[{"href":"https:\/\/www.raschvin.com\/sv\/wp-json\/wp\/v2\/product"}],"about":[{"href":"https:\/\/www.raschvin.com\/sv\/wp-json\/wp\/v2\/types\/product"}],"wp:featuredmedia":[{"embeddable":true,"href":"https:\/\/www.raschvin.com\/sv\/wp-json\/wp\/v2\/media\/65458"}],"wp:attachment":[{"href":"https:\/\/www.raschvin.com\/sv\/wp-json\/wp\/v2\/media?parent=65403"}],"wp:term":[{"taxonomy":"product_brand","embeddable":true,"href":"https:\/\/www.raschvin.com\/sv\/wp-json\/wp\/v2\/product_brand?post=65403"},{"taxonomy":"product_cat","embeddable":true,"href":"https:\/\/www.raschvin.com\/sv\/wp-json\/wp\/v2\/product_cat?post=65403"},{"taxonomy":"product_tag","embeddable":true,"href":"https:\/\/www.raschvin.com\/sv\/wp-json\/wp\/v2\/product_tag?post=65403"}],"curies":[{"name":"wp","href":"https:\/\/api.w.org\/{rel}","templated":true}]}}