{"id":65396,"date":"2025-11-25T08:30:23","date_gmt":"2025-11-25T07:30:23","guid":{"rendered":"https:\/\/www.raschvin.com\/produkt\/big-peat-small-batch-douglas-laings-70-cl-46\/"},"modified":"2024-09-06T08:06:23","modified_gmt":"2024-09-06T06:06:23","slug":"big-peat-small-batch-douglas-laings-70-cl-46","status":"publish","type":"product","link":"https:\/\/www.raschvin.com\/sv\/produkt\/big-peat-small-batch-douglas-laings-70-cl-46\/","title":{"rendered":"Big Peat Small Batch &#8211; Douglas Laing&#8217;s 70 cl. 46%"},"content":{"rendered":"<p>Douglas Laing&#8217;s Big Peat \u00e4r en blend av single malts som uteslutande kommer fr\u00e5n den legendariska \u00f6n Islay och inneh\u00e5ller sm\u00e5 andelar av sprit fr\u00e5n Ardberg, Caol Ila, Bowmore och, \u00f6verraskande nog, Port Ellen. Detta \u00e4r m\u00f6jligt eftersom Douglas Laing \u00e4ger ett av de st\u00f6rsta lagren fr\u00e5n detta legendariska destilleri som upph\u00f6rde med sin verksamhet 1983.<\/p>\n<p>PRODUKTBESKRIVNING:<\/p>\n<p>En ovanlig detalj som g\u00f6r denna produkt otrolig \u00e4r att ingen &#8221;vatted malt&#8221;-etikett brukar indikera utvalda malter. Detta \u00e4r en whisky som inte \u00e4r kallfiltrerad, inte f\u00e4rgad och gjord fr\u00e5n vad som kallas Small Batch, eller sm\u00e5 batcher av fat noggrant utvalda f\u00f6r att s\u00e4kerst\u00e4lla kvalitet och s\u00e4llsynthet. En riktig referenspunkt f\u00f6r &#8221;Vatted&#8221; fr\u00e5n Islay, Big Peat \u00e4r en exceptionell r\u00f6kighet d\u00e4r vaniljens mjukhet och torvens karakt\u00e4r samverkar p\u00e5 ett vackert s\u00e4tt och ger oss en flaska som inte f\u00e5r missas.<\/p>\n<p>SMAKNOTER:<\/p>\n<p>F\u00e4rg: Den har en gyllengul f\u00e4rg.<br \/>\nDoft: N\u00e4san utm\u00e4rker sig genom sin friskhet tack vare salta toner, extremt ren och elegant. Inslag av vanilj och anis ger plats \u00e5t ett karakt\u00e4ristiskt sp\u00e5r av fuktig jord.<br \/>\nSmak: I munnen \u00e4r den explosiv, torven dominerar med inslag av aska, s\u00f6t tj\u00e4ra, havsvatten och en engagerande r\u00f6kighet. Eftersmaken \u00e4r l\u00e5ng och k\u00e4nslostark, k\u00e4nnetecknad av en \u00e5terkomst av samma svagt salta doft som f\u00f6rst\u00e4rks av toner av kryddig lakrits. Of\u00f6rgl\u00f6mlig.<br \/>\nS\u00c5 H\u00c4R SERVERAS DEN:<\/p>\n<p>Serveras utm\u00e4rkt ren med en isbit eller med en skv\u00e4tt rent vatten, tillsammans med en god cigarr och en bit extra m\u00f6rk choklad.<\/p>\n","protected":false},"excerpt":{"rendered":"<p>Islay Blended Malt Scotch Whisky<\/p>\n","protected":false},"featured_media":65440,"template":"","meta":{"_acf_changed":false,"rs_blank_template":"","rs_page_bg_color":"","slide_template_v7":""},"product_brand":[],"product_cat":[2387,4648,2392],"product_tag":[],"class_list":{"0":"post-65396","1":"product","2":"type-product","3":"status-publish","4":"has-post-thumbnail","6":"product_cat-avec-sv","7":"product_cat-blended-malt","8":"product_cat-whisky-sv","9":"pa_land-skottland","10":"pa_procent-46-sv","11":"pa_producent-douglas-laings-sv-2","12":"pa_region-islay-sv","13":"pa_volume-70-sv-2","15":"first","16":"instock","17":"sale","18":"taxable","19":"shipping-taxable","20":"purchasable","21":"product-type-simple"},"bundled_by":[],"bundle_stock_status":"instock","bundle_stock_quantity":null,"bundle_virtual":false,"bundle_layout":"","bundle_add_to_cart_form_location":"","bundle_editable_in_cart":false,"bundle_sold_individually_context":"","bundle_item_grouping":"","bundle_min_size":"","bundle_max_size":"","bundle_price":[],"bundled_items":[],"bundle_sell_ids":[],"acf":[],"_links":{"self":[{"href":"https:\/\/www.raschvin.com\/sv\/wp-json\/wp\/v2\/product\/65396","targetHints":{"allow":["GET"]}}],"collection":[{"href":"https:\/\/www.raschvin.com\/sv\/wp-json\/wp\/v2\/product"}],"about":[{"href":"https:\/\/www.raschvin.com\/sv\/wp-json\/wp\/v2\/types\/product"}],"wp:featuredmedia":[{"embeddable":true,"href":"https:\/\/www.raschvin.com\/sv\/wp-json\/wp\/v2\/media\/65440"}],"wp:attachment":[{"href":"https:\/\/www.raschvin.com\/sv\/wp-json\/wp\/v2\/media?parent=65396"}],"wp:term":[{"taxonomy":"product_brand","embeddable":true,"href":"https:\/\/www.raschvin.com\/sv\/wp-json\/wp\/v2\/product_brand?post=65396"},{"taxonomy":"product_cat","embeddable":true,"href":"https:\/\/www.raschvin.com\/sv\/wp-json\/wp\/v2\/product_cat?post=65396"},{"taxonomy":"product_tag","embeddable":true,"href":"https:\/\/www.raschvin.com\/sv\/wp-json\/wp\/v2\/product_tag?post=65396"}],"curies":[{"name":"wp","href":"https:\/\/api.w.org\/{rel}","templated":true}]}}