{"id":64752,"date":"2024-08-27T08:15:51","date_gmt":"2024-08-27T06:15:51","guid":{"rendered":"https:\/\/www.raschvin.com\/produkt\/amrut-indian-single-malt-whisky-70-cl-46\/"},"modified":"2024-08-27T08:15:51","modified_gmt":"2024-08-27T06:15:51","slug":"amrut-indian-single-malt-whisky-70-cl-46","status":"publish","type":"product","link":"https:\/\/www.raschvin.com\/sv\/produkt\/amrut-indian-single-malt-whisky-70-cl-46\/","title":{"rendered":"Amrut Indian Single Malt Whisky 70 cl. 46%"},"content":{"rendered":"<p>Amrut Indian Single Malt whisky kommer fr\u00e5n ett av Indiens \u00e4ldsta destillerier. Whiskyn \u00e5ldras p\u00e5 b\u00e5de bourbonfat och ny amerikansk ek i Bangalores varma klimat innan den buteljeras med 46 % alkohol utan karamellf\u00e4rgning eller kylfiltrering. Amrut Single Malt \u00e4r packad med maltiga och n\u00f6taktiga toner, ljus frukt och en l\u00e4tt s\u00f6tma.<br \/>\nF\u00e4rg: Gyllene.<br \/>\nDoft: Kryddpeppar, plommon, aprikos, rostad malt och hasseln\u00f6tter.<br \/>\nSmaknoter: Smaken \u00e4r rik, med toner av malt, \u00e4pple, kex och karamelliserade n\u00f6tter.<\/p>\n<p>Serveringsf\u00f6rslag: B\u00f6r avnjutas snyggt.<\/p>\n<p>Amrut \u00e4r ett familje\u00e4gt destilleri i Bangalore, Indien. De b\u00f6rjade tillverka maltwhisky h\u00e4r redan p\u00e5 1980-talet. L\u00e4nge anv\u00e4ndes whiskyn bara i blandningar (och \u00f6verl\u00e4gset majoriteten av destilleriets produktion \u00e4r faktiskt vodka, gin och rom), men 2004 lanserades Amrut som ett single malt-m\u00e4rke, till en b\u00f6rjan bara i Skottland och f\u00f6rst 2010 i Indien. Idag finns Amrut p\u00e5 hyllorna i \u00f6ver 40 l\u00e4nder och destilleriet har n\u00e5tt internationellt erk\u00e4nnande med ett hav av utm\u00e4rkelser och medaljer i bagaget.<\/p>\n<p>Kornet odlas i norra Indien och m\u00e4ltas i Jaipur och Delhi innan det fermenteras och destilleras p\u00e5 Amrut i Bangalore. En liten m\u00e4ngd r\u00f6kt malt importerad fr\u00e5n Skottland anv\u00e4nds ocks\u00e5. Det varma klimatet orsakar otroligt snabb mognad och mycket h\u00f6g avdunstning, varf\u00f6r Indiens hittills \u00e4ldsta whisky &#8221;bara&#8221; \u00e4r 12 \u00e5r gammal: de smarta namngivna Greedy Angels, som Amrut sl\u00e4ppte 2016. All Amrut buteljeras utan kylfiltrering eller tillsatt f\u00e4rg. .<\/p>\n","protected":false},"excerpt":{"rendered":"<p>Indian Single Malt Whisky<\/p>\n","protected":false},"featured_media":64768,"template":"","meta":{"_acf_changed":false,"rs_blank_template":"","rs_page_bg_color":"","slide_template_v7":""},"product_brand":[],"product_cat":[2387,2392,4651],"product_tag":[],"class_list":{"0":"post-64752","1":"product","2":"type-product","3":"status-publish","4":"has-post-thumbnail","6":"product_cat-avec-sv","7":"product_cat-whisky-sv","8":"product_cat-single-malt-sv","9":"pa_land-indien-sv","10":"pa_procent-46-sv","11":"pa_producent-amrut-sv","12":"pa_volume-70-sv-2","14":"first","15":"instock","16":"sale","17":"taxable","18":"shipping-taxable","19":"purchasable","20":"product-type-simple"},"bundled_by":[],"bundle_stock_status":"instock","bundle_stock_quantity":null,"bundle_virtual":false,"bundle_layout":"","bundle_add_to_cart_form_location":"","bundle_editable_in_cart":false,"bundle_sold_individually_context":"","bundle_item_grouping":"","bundle_min_size":"","bundle_max_size":"","bundle_price":[],"bundled_items":[],"bundle_sell_ids":[],"acf":[],"_links":{"self":[{"href":"https:\/\/www.raschvin.com\/sv\/wp-json\/wp\/v2\/product\/64752","targetHints":{"allow":["GET"]}}],"collection":[{"href":"https:\/\/www.raschvin.com\/sv\/wp-json\/wp\/v2\/product"}],"about":[{"href":"https:\/\/www.raschvin.com\/sv\/wp-json\/wp\/v2\/types\/product"}],"wp:featuredmedia":[{"embeddable":true,"href":"https:\/\/www.raschvin.com\/sv\/wp-json\/wp\/v2\/media\/64768"}],"wp:attachment":[{"href":"https:\/\/www.raschvin.com\/sv\/wp-json\/wp\/v2\/media?parent=64752"}],"wp:term":[{"taxonomy":"product_brand","embeddable":true,"href":"https:\/\/www.raschvin.com\/sv\/wp-json\/wp\/v2\/product_brand?post=64752"},{"taxonomy":"product_cat","embeddable":true,"href":"https:\/\/www.raschvin.com\/sv\/wp-json\/wp\/v2\/product_cat?post=64752"},{"taxonomy":"product_tag","embeddable":true,"href":"https:\/\/www.raschvin.com\/sv\/wp-json\/wp\/v2\/product_tag?post=64752"}],"curies":[{"name":"wp","href":"https:\/\/api.w.org\/{rel}","templated":true}]}}