{"id":64422,"date":"2024-08-24T08:10:58","date_gmt":"2024-08-24T06:10:58","guid":{"rendered":"https:\/\/www.raschvin.com\/produkt\/bellamys-reserve-rum-el-salvador-12-years-px-sherry-cask-finish-70-cl-42\/"},"modified":"2024-08-24T08:10:58","modified_gmt":"2024-08-24T06:10:58","slug":"bellamys-reserve-rum-el-salvador-12-years-px-sherry-cask-finish-70-cl-42","status":"publish","type":"product","link":"https:\/\/www.raschvin.com\/sv\/produkt\/bellamys-reserve-rum-el-salvador-12-years-px-sherry-cask-finish-70-cl-42\/","title":{"rendered":"Bellamy\u2019s Reserve Rum \u2013 El Salvador 12 Years PX-Sherry Cask Finish 70 cl. 42%"},"content":{"rendered":"<p>H\u00e4rliga toner av torkad frukt, ek, kryddor och sherry fr\u00e5n lagring p\u00e5 sherryfat.<\/p>\n<p>Wow! Destillerad p\u00e5 destilleriet La Caba\u00f1a i El Salvador och lagrad i 12 \u00e5r p\u00e5 bourbonfat innan den f\u00e4rdigst\u00e4lldes p\u00e5 Pedro Ximenez sherryfat. En s\u00e4llsynt, torr rom som du kan njuta av som den \u00e4r eller i en briljant Rom Old Fashioned.<\/p>\n<p>Om Bellamy&#8217;s Reserve Room<br \/>\nBellamys Reserve Rum fokuserar p\u00e5 s\u00e4llsynt rom, utvalda singelfat och speciella finish. Syftet \u00e4r att erbjuda unika och l\u00e4ttdruckna. Bellamy&#8217;s Reserve h\u00e4mtar noggrant fram gamla och exceptionella vintagefat f\u00f6r lagring f\u00f6r att skapa verkligt exceptionell rom. M\u00e5let \u00e4r att varje klunk ska vara en resa genom roms rika historia och kultur, unika smaker och aromer fr\u00e5n respektive region i Karibien och Sydamerika.<\/p>\n","protected":false},"excerpt":{"rendered":"<p>Premium Aged El Salvador Rum <\/p>\n","protected":false},"featured_media":64470,"template":"","meta":{"_acf_changed":false,"rs_blank_template":"","rs_page_bg_color":"","slide_template_v7":""},"product_brand":[],"product_cat":[2387,4634,2391],"product_tag":[],"class_list":{"0":"post-64422","1":"product","2":"type-product","3":"status-publish","4":"has-post-thumbnail","6":"product_cat-avec-sv","7":"product_cat-premium-aged-sv","8":"product_cat-rom-sv","9":"pa_land-el-salvador-sv","10":"pa_procent-42-sv","11":"pa_producent-bellamys-reserve-sv","12":"pa_volume-70-sv-2","14":"first","15":"instock","16":"sale","17":"taxable","18":"shipping-taxable","19":"purchasable","20":"product-type-simple"},"bundled_by":[],"bundle_stock_status":"instock","bundle_stock_quantity":null,"bundle_virtual":false,"bundle_layout":"","bundle_add_to_cart_form_location":"","bundle_editable_in_cart":false,"bundle_sold_individually_context":"","bundle_item_grouping":"","bundle_min_size":"","bundle_max_size":"","bundle_price":[],"bundled_items":[],"bundle_sell_ids":[],"acf":[],"_links":{"self":[{"href":"https:\/\/www.raschvin.com\/sv\/wp-json\/wp\/v2\/product\/64422","targetHints":{"allow":["GET"]}}],"collection":[{"href":"https:\/\/www.raschvin.com\/sv\/wp-json\/wp\/v2\/product"}],"about":[{"href":"https:\/\/www.raschvin.com\/sv\/wp-json\/wp\/v2\/types\/product"}],"wp:featuredmedia":[{"embeddable":true,"href":"https:\/\/www.raschvin.com\/sv\/wp-json\/wp\/v2\/media\/64470"}],"wp:attachment":[{"href":"https:\/\/www.raschvin.com\/sv\/wp-json\/wp\/v2\/media?parent=64422"}],"wp:term":[{"taxonomy":"product_brand","embeddable":true,"href":"https:\/\/www.raschvin.com\/sv\/wp-json\/wp\/v2\/product_brand?post=64422"},{"taxonomy":"product_cat","embeddable":true,"href":"https:\/\/www.raschvin.com\/sv\/wp-json\/wp\/v2\/product_cat?post=64422"},{"taxonomy":"product_tag","embeddable":true,"href":"https:\/\/www.raschvin.com\/sv\/wp-json\/wp\/v2\/product_tag?post=64422"}],"curies":[{"name":"wp","href":"https:\/\/api.w.org\/{rel}","templated":true}]}}