{"id":64237,"date":"2024-08-23T12:21:48","date_gmt":"2024-08-23T10:21:48","guid":{"rendered":"https:\/\/www.raschvin.com\/produkt\/bellamys-reserve-rum-tasting-box-5x4-cl-45\/"},"modified":"2024-08-23T12:21:48","modified_gmt":"2024-08-23T10:21:48","slug":"bellamys-reserve-rum-tasting-box-5x4-cl-45","status":"publish","type":"product","link":"https:\/\/www.raschvin.com\/sv\/produkt\/bellamys-reserve-rum-tasting-box-5x4-cl-45\/","title":{"rendered":"Bellamy&#8217;s Reserve Rum &#8211; Tasting Box 5&#215;4 cl. 45%"},"content":{"rendered":"<p>En sann skattkista f\u00f6r alla oss som \u00e4lskar god rom. Upplev n\u00e5gra av Bellamys och h\u00e5ll din alldeles egna romprovning hemma.<br \/>\nBellamy&#8217;s Reserve Rom Tasting Box inneh\u00e5ller:<\/p>\n<p>\u2022 Jamaica Pot Still Rom<br \/>\n\u2022 El Salvador 12 YO PX Room<br \/>\n\u2022 Ruby, Rom m\u00f6ter hamn<br \/>\n\u2022 Tawny, Rom m\u00f6ter hamnen<br \/>\n\u2022 Guyana Diamond Rom 2012<\/p>\n<p>Om Bellamy&#8217;s Reserve Room<br \/>\nBellamys Reserve Rum fokuserar p\u00e5 s\u00e4llsynt rom, utvalda singelfat och speciella finish. Syftet \u00e4r att erbjuda unika och l\u00e4ttdruckna. Bellamy&#8217;s Reserve h\u00e4mtar noggrant fram gamla och exceptionella vintagefat f\u00f6r lagring f\u00f6r att skapa verkligt exceptionell rom. M\u00e5let \u00e4r att varje klunk ska vara en resa genom roms rika historia och kultur, unika smaker och aromer fr\u00e5n respektive region i Karibien och Sydamerika.<\/p>\n","protected":false},"excerpt":{"rendered":"<p>Premium Aged Rum <\/p>\n","protected":false},"featured_media":64316,"template":"","meta":{"_acf_changed":false,"rs_blank_template":"","rs_page_bg_color":"","slide_template_v7":""},"product_brand":[],"product_cat":[2387,2753,4634,2758,2391],"product_tag":[],"class_list":{"0":"post-64237","1":"product","2":"type-product","3":"status-publish","4":"has-post-thumbnail","6":"product_cat-avec-sv","7":"product_cat-gaavor","8":"product_cat-premium-aged-sv","9":"product_cat-provsmakning-set","10":"product_cat-rom-sv","11":"pa_procent-45-sv","12":"pa_producent-bellamys-reserve-sv","13":"pa_volume-20-sv","15":"first","16":"instock","17":"sale","18":"taxable","19":"shipping-taxable","20":"purchasable","21":"product-type-simple"},"bundled_by":[],"bundle_stock_status":"instock","bundle_stock_quantity":null,"bundle_virtual":false,"bundle_layout":"","bundle_add_to_cart_form_location":"","bundle_editable_in_cart":false,"bundle_sold_individually_context":"","bundle_item_grouping":"","bundle_min_size":"","bundle_max_size":"","bundle_price":[],"bundled_items":[],"bundle_sell_ids":[],"acf":[],"_links":{"self":[{"href":"https:\/\/www.raschvin.com\/sv\/wp-json\/wp\/v2\/product\/64237","targetHints":{"allow":["GET"]}}],"collection":[{"href":"https:\/\/www.raschvin.com\/sv\/wp-json\/wp\/v2\/product"}],"about":[{"href":"https:\/\/www.raschvin.com\/sv\/wp-json\/wp\/v2\/types\/product"}],"wp:featuredmedia":[{"embeddable":true,"href":"https:\/\/www.raschvin.com\/sv\/wp-json\/wp\/v2\/media\/64316"}],"wp:attachment":[{"href":"https:\/\/www.raschvin.com\/sv\/wp-json\/wp\/v2\/media?parent=64237"}],"wp:term":[{"taxonomy":"product_brand","embeddable":true,"href":"https:\/\/www.raschvin.com\/sv\/wp-json\/wp\/v2\/product_brand?post=64237"},{"taxonomy":"product_cat","embeddable":true,"href":"https:\/\/www.raschvin.com\/sv\/wp-json\/wp\/v2\/product_cat?post=64237"},{"taxonomy":"product_tag","embeddable":true,"href":"https:\/\/www.raschvin.com\/sv\/wp-json\/wp\/v2\/product_tag?post=64237"}],"curies":[{"name":"wp","href":"https:\/\/api.w.org\/{rel}","templated":true}]}}