{"id":64231,"date":"2024-08-23T12:13:06","date_gmt":"2024-08-23T10:13:06","guid":{"rendered":"https:\/\/www.raschvin.com\/produkt\/bellamys-reserve-rum-oloroso-cask-finish-70-cl-443\/"},"modified":"2024-08-23T12:13:06","modified_gmt":"2024-08-23T10:13:06","slug":"bellamys-reserve-rum-oloroso-cask-finish-70-cl-443","status":"publish","type":"product","link":"https:\/\/www.raschvin.com\/sv\/produkt\/bellamys-reserve-rum-oloroso-cask-finish-70-cl-443\/","title":{"rendered":"Bellamy&#8217;s Reserve Rum &#8211; Oloroso Cask Finish 70 cl. 44,3%"},"content":{"rendered":"<p>Andra Oloroso Cask Finish, lagrad 15 m\u00e5nader p\u00e5 Oloroso sherryfat.<\/p>\n<p>Ih\u00e5llande s\u00f6tma kompletterad med en behaglig touch av syra och delikata sherrynyanser. N\u00e4r du smakar m\u00f6ts du av en kr\u00e4mig munk\u00e4nsla och en medley av torkad frukt, russin, mj\u00f6lkchoklad, rostade pekann\u00f6tter, sm\u00f6rkola, sm\u00f6rkola, en touch av peppar, saltad kola och \u2013 s\u00e5 klart \u2013 sherry.<\/p>\n<p>Om Bellamy&#8217;s Reserve Room<br \/>\nBellamys Reserve Rum fokuserar p\u00e5 s\u00e4llsynt rom, utvalda singelfat och speciella finish. Syftet \u00e4r att erbjuda unika och l\u00e4ttdruckna. Bellamy&#8217;s Reserve h\u00e4mtar noggrant fram gamla och exceptionella vintagefat f\u00f6r lagring f\u00f6r att skapa verkligt exceptionell rom. M\u00e5let \u00e4r att varje klunk ska vara en resa genom roms rika historia och kultur, unika smaker och aromer fr\u00e5n respektive region i Karibien och Sydamerika.<\/p>\n","protected":false},"excerpt":{"rendered":"<p>Premium Aged Barbados Rum<\/p>\n","protected":false},"featured_media":64268,"template":"","meta":{"_acf_changed":false,"rs_blank_template":"","rs_page_bg_color":"","slide_template_v7":""},"product_brand":[],"product_cat":[2387,2391,4634],"product_tag":[],"class_list":{"0":"post-64231","1":"product","2":"type-product","3":"status-publish","4":"has-post-thumbnail","6":"product_cat-avec-sv","7":"product_cat-rom-sv","8":"product_cat-premium-aged-sv","9":"pa_land-barbados-sv","10":"pa_procent-44-3-sv","11":"pa_producent-bellamys-reserve-sv","12":"pa_volume-70-sv-2","14":"first","15":"instock","16":"sale","17":"taxable","18":"shipping-taxable","19":"purchasable","20":"product-type-simple"},"bundled_by":[],"bundle_stock_status":"instock","bundle_stock_quantity":null,"bundle_virtual":false,"bundle_layout":"","bundle_add_to_cart_form_location":"","bundle_editable_in_cart":false,"bundle_sold_individually_context":"","bundle_item_grouping":"","bundle_min_size":"","bundle_max_size":"","bundle_price":[],"bundled_items":[],"bundle_sell_ids":[],"acf":[],"_links":{"self":[{"href":"https:\/\/www.raschvin.com\/sv\/wp-json\/wp\/v2\/product\/64231","targetHints":{"allow":["GET"]}}],"collection":[{"href":"https:\/\/www.raschvin.com\/sv\/wp-json\/wp\/v2\/product"}],"about":[{"href":"https:\/\/www.raschvin.com\/sv\/wp-json\/wp\/v2\/types\/product"}],"wp:featuredmedia":[{"embeddable":true,"href":"https:\/\/www.raschvin.com\/sv\/wp-json\/wp\/v2\/media\/64268"}],"wp:attachment":[{"href":"https:\/\/www.raschvin.com\/sv\/wp-json\/wp\/v2\/media?parent=64231"}],"wp:term":[{"taxonomy":"product_brand","embeddable":true,"href":"https:\/\/www.raschvin.com\/sv\/wp-json\/wp\/v2\/product_brand?post=64231"},{"taxonomy":"product_cat","embeddable":true,"href":"https:\/\/www.raschvin.com\/sv\/wp-json\/wp\/v2\/product_cat?post=64231"},{"taxonomy":"product_tag","embeddable":true,"href":"https:\/\/www.raschvin.com\/sv\/wp-json\/wp\/v2\/product_tag?post=64231"}],"curies":[{"name":"wp","href":"https:\/\/api.w.org\/{rel}","templated":true}]}}