{"id":64225,"date":"2024-08-23T12:08:13","date_gmt":"2024-08-23T10:08:13","guid":{"rendered":"https:\/\/www.raschvin.com\/produkt\/bellamys-reserve-rum-2012-guyana-diamond-9-years-70-cl-50\/"},"modified":"2024-08-23T12:08:13","modified_gmt":"2024-08-23T10:08:13","slug":"bellamys-reserve-rum-2012-guyana-diamond-9-years-70-cl-50","status":"publish","type":"product","link":"https:\/\/www.raschvin.com\/sv\/produkt\/bellamys-reserve-rum-2012-guyana-diamond-9-years-70-cl-50\/","title":{"rendered":"Bellamy&#8217;s Reserve Rum &#8211; 2012 Guyana Diamond 9 Years 70 cl. 50%"},"content":{"rendered":"<p>Intensiv och komplex med fina toner av blommor och fruktiga inslag. L\u00e4gg d\u00e4rtill inslag av skogsbotten, ek och kryddor i en anm\u00e4rkningsv\u00e4rt len \u200b\u200brom.<\/p>\n<p>F\u00f6r denna Special Edition-rom blandades fem fat Demerara-rom fr\u00e5n det ber\u00f6mda Diamond Distillery i fatstyrka. Den magnifika Guyana-romen destillerades samma \u00e5r 2012 och lagrades<br \/>\ni nio \u00e5r p\u00e5 gamla romfat. Rommen buteljerades i februari 2022 med full styrka.<\/p>\n<p>Om Bellamy&#8217;s Reserve Room<br \/>\nBellamys Reserve Rum fokuserar p\u00e5 s\u00e4llsynt rom, utvalda singelfat och speciella finish. Syftet \u00e4r att erbjuda unika och l\u00e4ttdruckna. Bellamy&#8217;s Reserve h\u00e4mtar noggrant fram gamla och exceptionella vintagefat f\u00f6r lagring f\u00f6r att skapa verkligt exceptionell rom. M\u00e5let \u00e4r att varje klunk ska vara en resa genom roms rika historia och kultur, unika smaker och aromer fr\u00e5n respektive region i Karibien och Sydamerika.<\/p>\n","protected":false},"excerpt":{"rendered":"<p>Guyana Premium Aged Rum<\/p>\n","protected":false},"featured_media":64346,"template":"","meta":{"_acf_changed":false,"rs_blank_template":"","rs_page_bg_color":"","slide_template_v7":""},"product_brand":[],"product_cat":[2387,4634,2391],"product_tag":[],"class_list":{"0":"post-64225","1":"product","2":"type-product","3":"status-publish","4":"has-post-thumbnail","6":"product_cat-avec-sv","7":"product_cat-premium-aged-sv","8":"product_cat-rom-sv","9":"pa_land-guyana-sv","10":"pa_procent-50-sv","11":"pa_producent-bellamys-reserve-sv","12":"pa_volume-70-sv-2","14":"first","15":"instock","16":"sale","17":"taxable","18":"shipping-taxable","19":"purchasable","20":"product-type-simple"},"bundled_by":[],"bundle_stock_status":"instock","bundle_stock_quantity":null,"bundle_virtual":false,"bundle_layout":"","bundle_add_to_cart_form_location":"","bundle_editable_in_cart":false,"bundle_sold_individually_context":"","bundle_item_grouping":"","bundle_min_size":"","bundle_max_size":"","bundle_price":[],"bundled_items":[],"bundle_sell_ids":[],"acf":[],"_links":{"self":[{"href":"https:\/\/www.raschvin.com\/sv\/wp-json\/wp\/v2\/product\/64225","targetHints":{"allow":["GET"]}}],"collection":[{"href":"https:\/\/www.raschvin.com\/sv\/wp-json\/wp\/v2\/product"}],"about":[{"href":"https:\/\/www.raschvin.com\/sv\/wp-json\/wp\/v2\/types\/product"}],"wp:featuredmedia":[{"embeddable":true,"href":"https:\/\/www.raschvin.com\/sv\/wp-json\/wp\/v2\/media\/64346"}],"wp:attachment":[{"href":"https:\/\/www.raschvin.com\/sv\/wp-json\/wp\/v2\/media?parent=64225"}],"wp:term":[{"taxonomy":"product_brand","embeddable":true,"href":"https:\/\/www.raschvin.com\/sv\/wp-json\/wp\/v2\/product_brand?post=64225"},{"taxonomy":"product_cat","embeddable":true,"href":"https:\/\/www.raschvin.com\/sv\/wp-json\/wp\/v2\/product_cat?post=64225"},{"taxonomy":"product_tag","embeddable":true,"href":"https:\/\/www.raschvin.com\/sv\/wp-json\/wp\/v2\/product_tag?post=64225"}],"curies":[{"name":"wp","href":"https:\/\/api.w.org\/{rel}","templated":true}]}}